{"id":6580,"date":"2023-12-04T13:54:31","date_gmt":"2023-12-04T12:54:31","guid":{"rendered":"https:\/\/antcube.shop\/product\/thermo-control-pro-ii\/"},"modified":"2026-04-14T09:35:30","modified_gmt":"2026-04-14T07:35:30","slug":"thermo-control-pro-ii","status":"publish","type":"product","link":"https:\/\/antcube.shop\/es\/producto\/thermo-control-pro-ii\/","title":{"rendered":"Thermo Control Pro II"},"content":{"rendered":"<p><strong>Descripci\u00f3n:<\/strong> El Thermo Control PRO II es una evoluci\u00f3n del Thermo Control II. Las principales diferencias son un reloj en tiempo real y dos circuitos de temperatura, de modo que pueden ajustarse temperaturas diferentes para el d\u00eda y la noche. La conmutaci\u00f3n entre el funcionamiento diurno y nocturno est\u00e1 controlada por tiempo.<br \/>\nA diferencia del Thermo Control II, el temporizador de este modelo puede ajustarse en unidades de minutos. Hay dos tiempos posibles de ON\/OFF.<br \/>\nAdem\u00e1s, el aparato puede conmutarse entre los modos de calefacci\u00f3n y refrigeraci\u00f3n, por ejemplo, para hacer funcionar ventiladores. Cuando se alcanza la temperatura programada, el termostato se enciende en lugar de apagarse.<br \/>\nLa capacidad m\u00e1xima de conmutaci\u00f3n es de 1000 W. Rango de temperatura de 0-50\u00b0C.<\/p>\n<p>- Dos circuitos de conmutaci\u00f3n para diferentes ajustes diurnos y nocturnos<br \/>\n- Reloj en tiempo real, las horas del d\u00eda est\u00e1n definidas por la hora<br \/>\n- Temporizador integrado<br \/>\n- Indicaci\u00f3n permanente de la temperatura<br \/>\n- Conmutable entre modo calefacci\u00f3n y refrigeraci\u00f3n<br \/>\n- Funci\u00f3n de alarma en caso de desviaci\u00f3n (ajustable entre 1\u00b0C y 15\u00b0C)<br \/>\n- Sensor remoto de 2 m de longitud, tambi\u00e9n apto para acuarios<br \/>\n- Tomas con conexi\u00f3n a tierra<br \/>\n- Capacidad de conmutaci\u00f3n de m\u00e1x. 1000 vatios<\/p>\n<p>- Se recomienda su uso con esterillas calefactoras, cables calefactores, piedras calefactoras y calefactores radiantes cer\u00e1micos para evitar el sobrecalentamiento del terrario.<\/p>\n<p><strong>Enlace web:<\/strong> http:\/\/www.antstore.net\/viewtopic.php?f=18&amp;p=108893<\/p>","protected":false},"excerpt":{"rendered":"<p>Descripci\u00f3n: El Thermo Control PRO II es una evoluci\u00f3n del Thermo Control II. Las principales diferencias son un reloj en tiempo real y dos circuitos de temperatura, de modo que se pueden ajustar temperaturas diferentes para el d\u00eda y la noche. La conmutaci\u00f3n entre el funcionamiento diurno y nocturno est\u00e1 controlada por tiempo. A diferencia del Thermo Control II, la hora puede ajustarse de la siguiente manera","protected":false},"featured_media":6600,"comment_status":"open","ping_status":"closed","template":"","meta":{"_acf_changed":false,"content-type":"","_monsterinsights_skip_tracking":false,"_monsterinsights_sitenote_active":false,"_monsterinsights_sitenote_note":"","_monsterinsights_sitenote_category":0},"product_brand":[],"product_cat":[359,119],"product_tag":[],"class_list":{"0":"post-6580","1":"product","2":"type-product","3":"status-publish","4":"has-post-thumbnail","6":"product_cat-light-heat-humidity","7":"product_cat-formicarium-components","9":"first","10":"instock","11":"taxable","12":"shipping-taxable","13":"purchasable","14":"product-type-simple"},"acf":[],"aioseo_notices":[],"jetpack_sharing_enabled":true,"_links":{"self":[{"href":"https:\/\/antcube.shop\/es\/wp-json\/wp\/v2\/product\/6580","targetHints":{"allow":["GET"]}}],"collection":[{"href":"https:\/\/antcube.shop\/es\/wp-json\/wp\/v2\/product"}],"about":[{"href":"https:\/\/antcube.shop\/es\/wp-json\/wp\/v2\/types\/product"}],"replies":[{"embeddable":true,"href":"https:\/\/antcube.shop\/es\/wp-json\/wp\/v2\/comments?post=6580"}],"wp:featuredmedia":[{"embeddable":true,"href":"https:\/\/antcube.shop\/es\/wp-json\/wp\/v2\/media\/6600"}],"wp:attachment":[{"href":"https:\/\/antcube.shop\/es\/wp-json\/wp\/v2\/media?parent=6580"}],"wp:term":[{"taxonomy":"product_brand","embeddable":true,"href":"https:\/\/antcube.shop\/es\/wp-json\/wp\/v2\/product_brand?post=6580"},{"taxonomy":"product_cat","embeddable":true,"href":"https:\/\/antcube.shop\/es\/wp-json\/wp\/v2\/product_cat?post=6580"},{"taxonomy":"product_tag","embeddable":true,"href":"https:\/\/antcube.shop\/es\/wp-json\/wp\/v2\/product_tag?post=6580"}],"curies":[{"name":"wp","href":"https:\/\/api.w.org\/{rel}","templated":true}]}}