{"id":6579,"date":"2023-12-04T13:54:25","date_gmt":"2023-12-04T12:54:25","guid":{"rendered":"https:\/\/antcube.shop\/product\/thermo-control-ii-timer\/"},"modified":"2026-04-09T15:04:50","modified_gmt":"2026-04-09T13:04:50","slug":"temporizador-thermo-control-ii","status":"publish","type":"product","link":"https:\/\/antcube.shop\/es\/producto\/temporizador-thermo-control-ii\/","title":{"rendered":"Thermo Control II + Temporizador"},"content":{"rendered":"<p><strong>Descripci\u00f3n:<\/strong> En el modelo sucesor de los populares termostatos Thermo Control, s\u00f3lo el precio recuerda al de un modelo b\u00e1sico.<br \/>\nEl Thermo Control 2 es un termostato digital con un rango de temperatura de 0-50\u00b0C. Tambi\u00e9n funciona como term\u00f3metro gracias a la indicaci\u00f3n de temperatura constante.<br \/>\nLos calefactores con una potencia total m\u00e1xima de 1.200 W pueden conectarse mediante un acoplamiento Schuko. Otro acoplamiento Schuko se controla mediante una funci\u00f3n de temporizador integrada, que puede utilizarse para ajustar los tiempos de funcionamiento de la iluminaci\u00f3n o los ventiladores, por ejemplo. El sensor es apto para mediciones en aire y agua y se conecta al termostato mediante un cable, al igual que el acoplamiento y la fuente de alimentaci\u00f3n.<br \/>\nAdem\u00e1s, el Thermo Control 2 dispone de una funci\u00f3n de alarma que emite un aviso visual y ac\u00fastico si la temperatura supera o desciende por debajo de la temperatura deseada (los valores pueden ajustarse entre 1 \u00b0C y 5 \u00b0C).<br \/>\nUn dispositivo que no deber\u00eda faltar en ning\u00fan terrario.<\/p>\n<p>- Con temporizador utilizable por separado, por ejemplo, para iluminaci\u00f3n o ventilaci\u00f3n<br \/>\n- Funci\u00f3n de alarma en caso de desviaci\u00f3n de la temperatura (ajustable entre 1 \u00b0C y 5 \u00b0C)<br \/>\n- Visualizaci\u00f3n de la temperatura medida<br \/>\n- Sensor remoto de 2 m de longitud, tambi\u00e9n apto para acuarios<br \/>\n- Tomas con conexi\u00f3n a tierra<br \/>\n- Capacidad de conmutaci\u00f3n de 1200 vatios<\/p>\n<p>- Se recomienda su uso con esterillas calefactoras, cables calefactores, piedras calefactoras y calefactores radiantes cer\u00e1micos para evitar el sobrecalentamiento del terrario.<\/p>\n<p><strong>Enlace web:<\/strong> http:\/\/www.antstore.net\/viewtopic.php?f=18&amp;p=108893<\/p>","protected":false},"excerpt":{"rendered":"<p>Descripci\u00f3n: En el modelo sucesor de los populares termostatos Thermo Control, s\u00f3lo el precio recuerda al de un modelo b\u00e1sico. El Thermo Control 2 es un termostato digital con un rango de temperatura de 0-50\u00b0C. Tambi\u00e9n funciona como term\u00f3metro gracias a la indicaci\u00f3n de temperatura constante. Los calefactores con una potencia total m\u00e1xima de 1200W pueden","protected":false},"featured_media":6598,"comment_status":"open","ping_status":"closed","template":"","meta":{"_acf_changed":false,"content-type":"","_monsterinsights_skip_tracking":false,"_monsterinsights_sitenote_active":false,"_monsterinsights_sitenote_note":"","_monsterinsights_sitenote_category":0},"product_brand":[],"product_cat":[359,119],"product_tag":[],"class_list":{"0":"post-6579","1":"product","2":"type-product","3":"status-publish","4":"has-post-thumbnail","6":"product_cat-light-heat-humidity","7":"product_cat-formicarium-components","9":"first","10":"instock","11":"taxable","12":"shipping-taxable","13":"purchasable","14":"product-type-simple"},"acf":[],"aioseo_notices":[],"jetpack_sharing_enabled":true,"_links":{"self":[{"href":"https:\/\/antcube.shop\/es\/wp-json\/wp\/v2\/product\/6579","targetHints":{"allow":["GET"]}}],"collection":[{"href":"https:\/\/antcube.shop\/es\/wp-json\/wp\/v2\/product"}],"about":[{"href":"https:\/\/antcube.shop\/es\/wp-json\/wp\/v2\/types\/product"}],"replies":[{"embeddable":true,"href":"https:\/\/antcube.shop\/es\/wp-json\/wp\/v2\/comments?post=6579"}],"wp:featuredmedia":[{"embeddable":true,"href":"https:\/\/antcube.shop\/es\/wp-json\/wp\/v2\/media\/6598"}],"wp:attachment":[{"href":"https:\/\/antcube.shop\/es\/wp-json\/wp\/v2\/media?parent=6579"}],"wp:term":[{"taxonomy":"product_brand","embeddable":true,"href":"https:\/\/antcube.shop\/es\/wp-json\/wp\/v2\/product_brand?post=6579"},{"taxonomy":"product_cat","embeddable":true,"href":"https:\/\/antcube.shop\/es\/wp-json\/wp\/v2\/product_cat?post=6579"},{"taxonomy":"product_tag","embeddable":true,"href":"https:\/\/antcube.shop\/es\/wp-json\/wp\/v2\/product_tag?post=6579"}],"curies":[{"name":"wp","href":"https:\/\/api.w.org\/{rel}","templated":true}]}}