{"id":6578,"date":"2023-12-04T13:54:19","date_gmt":"2023-12-04T12:54:19","guid":{"rendered":"https:\/\/antcube.shop\/product\/mini-thermo-hygrometer-digital-weis-selbstklebend\/"},"modified":"2026-04-04T11:44:15","modified_gmt":"2026-04-04T09:44:15","slug":"mini-termohigrometro-digital-blanco-autoadhesivo","status":"publish","type":"product","link":"https:\/\/antcube.shop\/es\/producto\/mini-termohigrometro-digital-blanco-autoadhesivo\/","title":{"rendered":"Mini termohigr\u00f3metro digital - blanco - autoadhesivo"},"content":{"rendered":"<p><strong>Rango de medici\u00f3n:<\/strong> -10 a +60\u00b0C \/ 10% a 99%<\/p>\n<p><strong>Dimensiones:<\/strong> 52 x39x15 mm<\/p>\n<p><strong>Descripci\u00f3n:<\/strong><br \/>\nCon funci\u00f3n max\/mini, con soporte, incl. pila LR 44 de bot\u00f3n.<\/p>\n<p><strong>Nota:<\/strong><br \/>\nPara obtener un resultado de medici\u00f3n lo m\u00e1s exacto posible, es importante que las ranuras de ventilaci\u00f3n traseras no est\u00e9n bloqueadas por el montaje.<br \/>\nAl fijar el dispositivo, aseg\u00farese de que los animales no puedan alcanzar el dispositivo o la fijaci\u00f3n adhesiva mediante una protecci\u00f3n de escape adecuada.<br \/>\nNo obstante, si existe el riesgo de que esto ocurra, deben utilizarse nuestras almohadillas adhesivas transparentes (n\u00ba art. 1002314) para la fijaci\u00f3n.<\/p>\n<p><strong>WEEE Reg:<\/strong> DE 78184127<\/p>\n<p><strong>Para su eliminaci\u00f3n, consulte la normativa sobre bater\u00edas:<\/strong><\/p>\n<p><a href=\"https:\/\/www.antstore.net\/shop\/de\/info\/Batterieverordnung.html\" target=\"_blank\" rel=\"noopener\">https:\/\/www.antstore.net\/shop\/de\/info\/Batterieverordnung.html<\/a><\/p>","protected":false},"excerpt":{"rendered":"<p>Rango de medici\u00f3n: -10 a +60\u00b0C \/ 10 a 99% , Dimensiones: 52 x 39 x 15 mm<\/p>","protected":false},"featured_media":6620,"comment_status":"open","ping_status":"closed","template":"","meta":{"_acf_changed":false,"content-type":"","_monsterinsights_skip_tracking":false,"_monsterinsights_sitenote_active":false,"_monsterinsights_sitenote_note":"","_monsterinsights_sitenote_category":0},"product_brand":[],"product_cat":[359,119,239],"product_tag":[],"class_list":{"0":"post-6578","1":"product","2":"type-product","3":"status-publish","4":"has-post-thumbnail","6":"product_cat-light-heat-humidity","7":"product_cat-formicarium-components","8":"product_cat-useful-additions","10":"first","11":"instock","12":"taxable","13":"shipping-taxable","14":"purchasable","15":"product-type-simple"},"acf":[],"aioseo_notices":[],"jetpack_sharing_enabled":true,"_links":{"self":[{"href":"https:\/\/antcube.shop\/es\/wp-json\/wp\/v2\/product\/6578","targetHints":{"allow":["GET"]}}],"collection":[{"href":"https:\/\/antcube.shop\/es\/wp-json\/wp\/v2\/product"}],"about":[{"href":"https:\/\/antcube.shop\/es\/wp-json\/wp\/v2\/types\/product"}],"replies":[{"embeddable":true,"href":"https:\/\/antcube.shop\/es\/wp-json\/wp\/v2\/comments?post=6578"}],"wp:featuredmedia":[{"embeddable":true,"href":"https:\/\/antcube.shop\/es\/wp-json\/wp\/v2\/media\/6620"}],"wp:attachment":[{"href":"https:\/\/antcube.shop\/es\/wp-json\/wp\/v2\/media?parent=6578"}],"wp:term":[{"taxonomy":"product_brand","embeddable":true,"href":"https:\/\/antcube.shop\/es\/wp-json\/wp\/v2\/product_brand?post=6578"},{"taxonomy":"product_cat","embeddable":true,"href":"https:\/\/antcube.shop\/es\/wp-json\/wp\/v2\/product_cat?post=6578"},{"taxonomy":"product_tag","embeddable":true,"href":"https:\/\/antcube.shop\/es\/wp-json\/wp\/v2\/product_tag?post=6578"}],"curies":[{"name":"wp","href":"https:\/\/api.w.org\/{rel}","templated":true}]}}