{"id":6577,"date":"2023-12-04T13:54:13","date_gmt":"2023-12-04T12:54:13","guid":{"rendered":"https:\/\/antcube.shop\/product\/ameisenarena-nebler-gros\/"},"modified":"2026-04-24T14:25:11","modified_gmt":"2026-04-24T12:25:11","slug":"nebulizador-hormiguero-grande","status":"publish","type":"product","link":"https:\/\/antcube.shop\/es\/producto\/nebulizador-hormiguero-grande\/","title":{"rendered":"Arena para hormigas - nebulizador - grande"},"content":{"rendered":"<p><strong>Contenido:<\/strong><br \/>\n- Fogger<br \/>\n- Tap\u00f3n a juego con orificio de 22 mm para fijar la manguera a la cubierta del hormiguero<br \/>\n- Manguera extensible<\/p>\n<p><strong>Material:<\/strong> pl\u00e1stico<\/p>\n<p><strong>Color:<\/strong> negro<\/p>\n<p>Detalles t\u00e9cnicos:<br \/>\nTensi\u00f3n:CA 120-240 V - 50\/60 Hz<br \/>\nLongitud del cable: 1,20 m<br \/>\nCapacidad del dep\u00f3sito de agua: 4L<br \/>\nLongitud de la manguera: extensible individualmente entre 40 y 160 cm<br \/>\nGeneraci\u00f3n de niebla: 150-300 ml\/h<br \/>\nAltura m\u00e1xima de nebulizaci\u00f3n: 2 m con manguera<br \/>\nsin ruido<\/p>\n<p>Descripci\u00f3n:<br \/>\nPara humedecer un hormiguero, este nebulizador puede enchufarse directamente a la cubierta del hormiguero.<\/p>\n<p>&nbsp;<\/p>\n<p>&nbsp;<\/p>\n<p>Nota: 20.01.2025 Actualizaci\u00f3n del producto - nuevo modelo<\/p>","protected":false},"excerpt":{"rendered":"<p>Contenido: - Nebulizador - Tap\u00f3n a juego con orificio de 22 mm para fijar la manguera a la cubierta del hormiguero - Manguera extensible Material: pl\u00e1stico Color: negro Detalles t\u00e9cnicos: Voltaje:AC 120-240 V - 50\/60 Hz Longitud del cable: 1,20 m Capacidad del dep\u00f3sito de agua: 4L Longitud de la manguera: extensible individualmente entre 40 y 160 cm Generaci\u00f3n de niebla: 150-300 ml\/h M\u00e1ximo [...]","protected":false},"featured_media":10944,"comment_status":"open","ping_status":"closed","template":"","meta":{"_acf_changed":false,"content-type":"","_monsterinsights_skip_tracking":false,"_monsterinsights_sitenote_active":false,"_monsterinsights_sitenote_note":"","_monsterinsights_sitenote_category":0},"product_brand":[],"product_cat":[359,119,239],"product_tag":[],"class_list":{"0":"post-6577","1":"product","2":"type-product","3":"status-publish","4":"has-post-thumbnail","6":"product_cat-light-heat-humidity","7":"product_cat-formicarium-components","8":"product_cat-useful-additions","10":"first","11":"instock","12":"taxable","13":"shipping-taxable","14":"purchasable","15":"product-type-simple"},"acf":[],"aioseo_notices":[],"jetpack_sharing_enabled":true,"_links":{"self":[{"href":"https:\/\/antcube.shop\/es\/wp-json\/wp\/v2\/product\/6577","targetHints":{"allow":["GET"]}}],"collection":[{"href":"https:\/\/antcube.shop\/es\/wp-json\/wp\/v2\/product"}],"about":[{"href":"https:\/\/antcube.shop\/es\/wp-json\/wp\/v2\/types\/product"}],"replies":[{"embeddable":true,"href":"https:\/\/antcube.shop\/es\/wp-json\/wp\/v2\/comments?post=6577"}],"wp:featuredmedia":[{"embeddable":true,"href":"https:\/\/antcube.shop\/es\/wp-json\/wp\/v2\/media\/10944"}],"wp:attachment":[{"href":"https:\/\/antcube.shop\/es\/wp-json\/wp\/v2\/media?parent=6577"}],"wp:term":[{"taxonomy":"product_brand","embeddable":true,"href":"https:\/\/antcube.shop\/es\/wp-json\/wp\/v2\/product_brand?post=6577"},{"taxonomy":"product_cat","embeddable":true,"href":"https:\/\/antcube.shop\/es\/wp-json\/wp\/v2\/product_cat?post=6577"},{"taxonomy":"product_tag","embeddable":true,"href":"https:\/\/antcube.shop\/es\/wp-json\/wp\/v2\/product_tag?post=6577"}],"curies":[{"name":"wp","href":"https:\/\/api.w.org\/{rel}","templated":true}]}}