{"id":6576,"date":"2023-12-04T13:54:06","date_gmt":"2023-12-04T12:54:06","guid":{"rendered":"https:\/\/antcube.shop\/product\/ameisenarena-nebler-klein\/"},"modified":"2026-04-17T10:11:12","modified_gmt":"2026-04-17T08:11:12","slug":"nebulizador-hormiguero-pequeno","status":"publish","type":"product","link":"https:\/\/antcube.shop\/es\/producto\/nebulizador-hormiguero-pequeno\/","title":{"rendered":"Ant arena - nebulizador - peque\u00f1o"},"content":{"rendered":"<p><strong>Contenido:<\/strong><br \/>\n- Fogger<br \/>\n- Tap\u00f3n a juego con orificio de 22 mm para fijar la manguera a la cubierta del hormiguero<br \/>\n- Manguera extensible<\/p>\n<p><strong>Material:<\/strong> pl\u00e1stico<\/p>\n<p><strong>Color:<\/strong> negro\/blanco<\/p>\n<p><strong>Especificaciones t\u00e9cnicas:<\/strong><br \/>\nTensi\u00f3n: 230V<br \/>\nPotencia: 15W (30ml\/h)<br \/>\nLongitud del cable: 1,40 m<br \/>\nCapacidad del dep\u00f3sito de agua: 360 ml<br \/>\nConexi\u00f3n: Enchufe Euro<br \/>\nLongitud de la manguera: 60 cm -&gt; ampliable<\/p>\n<p><strong>Descripci\u00f3n:<\/strong><br \/>\nPara humidificar un hormiguero, este nebulizador puede insertarse directamente en la cubierta del hormiguero.<br \/>\nEl peque\u00f1o nebulizador Ameisenarena est\u00e1 dise\u00f1ado para humidificar terrarios peque\u00f1os. En este modelo, la tecnolog\u00eda se ha simplificado mucho, lo que permite un funcionamiento mucho m\u00e1s libre de problemas. El agua se extrae por la acci\u00f3n capilar de un cartucho de fieltro. \u00c9ste puede sustituirse en unos sencillos pasos, lo que deber\u00eda hacerse con regularidad por razones higi\u00e9nicas. La niebla producida se dirige autom\u00e1ticamente a trav\u00e9s de la manguera mediante un ingenioso dise\u00f1o de boquilla, sin necesidad de un ventilador adicional. De nuevo, esto reduce significativamente la susceptibilidad a errores. La capacidad de nebulizaci\u00f3n es de aproximadamente 30 ml\/h. El dep\u00f3sito tiene una capacidad m\u00e1xima de 360 ml. El Super Fog Nano II puede controlarse mediante un temporizador o un higrostato. Gracias a la manguera m\u00f3vil y extensible, el Super Fog Nano II puede adaptarse a cualquier terrario. Una novedad es que ahora la membrana puede ser sustituida por el usuario final en unos sencillos pasos. Todas las dem\u00e1s piezas tambi\u00e9n est\u00e1n disponibles como recambios, lo que convierte al Super Fog Nano II en un aparato sostenible.<\/p>\n<p><strong>Hack:<\/strong><br \/>\nSi necesita una manguera m\u00e1s larga, puede acoplar nuestra manguera de 20\/16 mm (Art. 1000107) al nebulizador. Tambi\u00e9n necesitar\u00e1 tapones de formicario para 50 mm con un orificio de 20 mm (Art. 1005033 + 20 mm). Tenga en cuenta, sin embargo, que cuanto m\u00e1s larga sea la manguera, menos niebla llegar\u00e1 al formicarium.<\/p>\n<p>&nbsp;<\/p>","protected":false},"excerpt":{"rendered":"<p>Contenido: - Nebulizador - Tap\u00f3n a juego con orificio para fijar la manguera a la tapa del hormiguero - Manguera extensible Material: pl\u00e1stico Color: blanco\/negro Especificaciones t\u00e9cnicas: Tensi\u00f3n: 230V Potencia: 15W (30ml\/h) Longitud del cable: 1,40 m Capacidad del dep\u00f3sito de agua: 360ml Conexi\u00f3n: Enchufe Euro Longitud de la manguera: 60 cm -&gt; ampliable Descripci\u00f3n: Para humidificar una hormiga [...]","protected":false},"featured_media":6603,"comment_status":"open","ping_status":"closed","template":"","meta":{"_acf_changed":false,"content-type":"","_monsterinsights_skip_tracking":false,"_monsterinsights_sitenote_active":false,"_monsterinsights_sitenote_note":"","_monsterinsights_sitenote_category":0},"product_brand":[],"product_cat":[359,119],"product_tag":[],"class_list":{"0":"post-6576","1":"product","2":"type-product","3":"status-publish","4":"has-post-thumbnail","6":"product_cat-light-heat-humidity","7":"product_cat-formicarium-components","9":"first","10":"instock","11":"taxable","12":"shipping-taxable","13":"purchasable","14":"product-type-simple"},"acf":[],"aioseo_notices":[],"jetpack_sharing_enabled":true,"_links":{"self":[{"href":"https:\/\/antcube.shop\/es\/wp-json\/wp\/v2\/product\/6576","targetHints":{"allow":["GET"]}}],"collection":[{"href":"https:\/\/antcube.shop\/es\/wp-json\/wp\/v2\/product"}],"about":[{"href":"https:\/\/antcube.shop\/es\/wp-json\/wp\/v2\/types\/product"}],"replies":[{"embeddable":true,"href":"https:\/\/antcube.shop\/es\/wp-json\/wp\/v2\/comments?post=6576"}],"wp:featuredmedia":[{"embeddable":true,"href":"https:\/\/antcube.shop\/es\/wp-json\/wp\/v2\/media\/6603"}],"wp:attachment":[{"href":"https:\/\/antcube.shop\/es\/wp-json\/wp\/v2\/media?parent=6576"}],"wp:term":[{"taxonomy":"product_brand","embeddable":true,"href":"https:\/\/antcube.shop\/es\/wp-json\/wp\/v2\/product_brand?post=6576"},{"taxonomy":"product_cat","embeddable":true,"href":"https:\/\/antcube.shop\/es\/wp-json\/wp\/v2\/product_cat?post=6576"},{"taxonomy":"product_tag","embeddable":true,"href":"https:\/\/antcube.shop\/es\/wp-json\/wp\/v2\/product_tag?post=6576"}],"curies":[{"name":"wp","href":"https:\/\/api.w.org\/{rel}","templated":true}]}}