{"id":6572,"date":"2023-12-04T11:34:48","date_gmt":"2023-12-04T10:34:48","guid":{"rendered":"https:\/\/antcube.shop\/product\/arena-vase-10x10cm-aus-glas\/"},"modified":"2026-03-30T10:30:50","modified_gmt":"2026-03-30T08:30:50","slug":"jarron-arena-10x10cm-de-cristal","status":"publish","type":"product","link":"https:\/\/antcube.shop\/es\/producto\/jarron-arena-10x10cm-de-cristal\/","title":{"rendered":"Jarr\u00f3n Arena 10x10cm de cristal"},"content":{"rendered":"<p><strong>Dimensiones:<\/strong> 10\u00d710,4 cm<\/p>\n<p><strong>Material:<\/strong> vidrio, PMMA<\/p>\n<p><strong>Color:<\/strong> cristalino, transl\u00facido, transparente<\/p>\n<p><strong>Contenido:<\/strong><br \/>\n1x jarr\u00f3n de cristal 10x10cm<br \/>\n1x tapa 10\u00d70,4cm<\/p>\n<p><strong>Descripci\u00f3n:<\/strong> El Jarr\u00f3n Arena se desarroll\u00f3 para alimentar colonias de hormigas cortadoras de hojas del g\u00e9nero Atta o Acromyrmex. La tapa acr\u00edlica extra\u00edble con orificios y ranuras para colocar y sujetar ramas de plantas forrajeras se coloca simplemente sobre el jarr\u00f3n. El florero ayuda a mantener frescas las plantas forrajeras durante m\u00e1s tiempo y, al mismo tiempo, aumenta la humedad en el formicario mediante la evaporaci\u00f3n constante del agua del dep\u00f3sito.<\/p>","protected":false},"excerpt":{"rendered":"<p>Dimensiones: 10x10.4cm Material: cristal, PMMA Color: cristalino, translucido, transparente Contenido: 1x jarr\u00f3n de cristal 10x10cm 1x tapa 10x0,4cm Descripci\u00f3n: El Jarr\u00f3n Arena fue desarrollado para alimentar colonias de hormigas cortadoras de hojas del g\u00e9nero Atta o Acromyrmex. La tapa acr\u00edlica extra\u00edble con orificios y ranuras para colocar y sujetar ramas de plantas forrajeras se coloca simplemente sobre","protected":false},"featured_media":6587,"comment_status":"open","ping_status":"closed","template":"","meta":{"_acf_changed":false,"content-type":"","_monsterinsights_skip_tracking":false,"_monsterinsights_sitenote_active":false,"_monsterinsights_sitenote_note":"","_monsterinsights_sitenote_category":0},"product_brand":[],"product_cat":[115,118],"product_tag":[],"class_list":{"0":"post-6572","1":"product","2":"type-product","3":"status-publish","4":"has-post-thumbnail","6":"product_cat-food-and-feeding","7":"product_cat-feeding-bowls","9":"first","10":"instock","11":"taxable","12":"shipping-taxable","13":"purchasable","14":"product-type-simple"},"acf":[],"aioseo_notices":[],"jetpack_sharing_enabled":true,"_links":{"self":[{"href":"https:\/\/antcube.shop\/es\/wp-json\/wp\/v2\/product\/6572","targetHints":{"allow":["GET"]}}],"collection":[{"href":"https:\/\/antcube.shop\/es\/wp-json\/wp\/v2\/product"}],"about":[{"href":"https:\/\/antcube.shop\/es\/wp-json\/wp\/v2\/types\/product"}],"replies":[{"embeddable":true,"href":"https:\/\/antcube.shop\/es\/wp-json\/wp\/v2\/comments?post=6572"}],"wp:featuredmedia":[{"embeddable":true,"href":"https:\/\/antcube.shop\/es\/wp-json\/wp\/v2\/media\/6587"}],"wp:attachment":[{"href":"https:\/\/antcube.shop\/es\/wp-json\/wp\/v2\/media?parent=6572"}],"wp:term":[{"taxonomy":"product_brand","embeddable":true,"href":"https:\/\/antcube.shop\/es\/wp-json\/wp\/v2\/product_brand?post=6572"},{"taxonomy":"product_cat","embeddable":true,"href":"https:\/\/antcube.shop\/es\/wp-json\/wp\/v2\/product_cat?post=6572"},{"taxonomy":"product_tag","embeddable":true,"href":"https:\/\/antcube.shop\/es\/wp-json\/wp\/v2\/product_tag?post=6572"}],"curies":[{"name":"wp","href":"https:\/\/api.w.org\/{rel}","templated":true}]}}