{"id":6569,"date":"2023-12-04T11:34:29","date_gmt":"2023-12-04T10:34:29","guid":{"rendered":"https:\/\/antcube.shop\/product\/ameisen-treppenhaus-20cm\/"},"modified":"2026-04-05T21:18:18","modified_gmt":"2026-04-05T19:18:18","slug":"escalera-hormiga-20cm","status":"publish","type":"product","link":"https:\/\/antcube.shop\/es\/producto\/escalera-hormiga-20cm\/","title":{"rendered":"Escalera hormiga 20cm"},"content":{"rendered":"<p><strong>Descripci\u00f3n:<\/strong> La escalera de hormigas sirve para salvar la altura desde la arena hasta la granja de hormigas.<\/p>\n<p><strong>Dimensiones:<\/strong> 5x5x20cm<\/p>\n<p><strong>Material: <\/strong>PMMA<\/p>\n<p><strong>Color: <\/strong>cristalino, transl\u00facido, transparente<\/p>\n<p data-padding=\"5px\" data-line-height=\"s\"><strong>Contenido:<\/strong><br \/>\n1x escalera hormiga 20cm<br \/>\n2x placa acr\u00edlica para montaje mural opcional<\/p>\n<p data-padding=\"5px\" data-line-height=\"s\">1x almohadilla para escalera de hormigas<\/p>\n<p><strong>Nota:<\/strong> Las piezas se suministran totalmente montadas. Para colocar el soporte mural, basta con aflojar los tornillos acr\u00edlicos de la parte superior e inferior y retirar la base. Vuelva a colocar las dos placas acr\u00edlicas con los tornillos 1x en la parte superior y 1x en la parte inferior.<\/p>\n<p><strong>Conexi\u00f3n:<\/strong> 2x manguera 20\/16 mm (exterior) o manguera 14\/10 mm (interior) o 24\/20 (exterior 2\u00aa etapa de conexi\u00f3n)<\/p>\n<p><strong>Aplicaci\u00f3n:<\/strong> para las granjas de hormigas que miden <strong>20x20cm o 40x20cm<\/strong><\/p>\n<p><span data-text-color=\"alert\"><strong>Importante para el uso con tubos acr\u00edlicos:<\/strong><\/span><br \/>\nLa altura no es adecuada para nuestro <strong>granjas de hormigas tama\u00f1o XL.<\/strong><br \/>\nPara<strong> uso con tubos acr\u00edlicos<\/strong> (p.ej. tubo hormiga - cristalino 20mm - 1m art. no. 1000320) en lugar de mangueras, necesita un total de<strong> 3x el \"Conector de tubo transparente para 20 mm - I\"<\/strong> (n\u00ba art. 1005624). 1x para el z\u00f3calo del hormiguero y 2x para los dos z\u00f3calos de la escalera. Adem\u00e1s, para los hormigueros antiguos (todos los comprados antes del 12\/2023), debe introducirse un \"anillo de sellado flexible transparente\" (art. n\u00ba 1001437) en el z\u00f3calo del hormiguero. De lo contrario, el \"conector de tubo transparente para 20 mm - I\" (n\u00ba de art. 1005624) queda demasiado suelto en la toma del hormiguero. Adem\u00e1s, si <strong>almohadilla formicarium <\/strong>se utiliza para el hormiguero o la arena de hormigas, tambi\u00e9n debe utilizarse uno para la escalera, ya que de lo contrario habr\u00e1 una ligera diferencia de altura entre la toma de la escalera y las conexiones del hormiguero y la arena de hormigas.<\/p>","protected":false},"excerpt":{"rendered":"<p>Para hormigueros de 20x20cm o 40x20cm<\/p>","protected":false},"featured_media":7570,"comment_status":"open","ping_status":"closed","template":"","meta":{"_acf_changed":false,"content-type":"","_monsterinsights_skip_tracking":false,"_monsterinsights_sitenote_active":false,"_monsterinsights_sitenote_note":"","_monsterinsights_sitenote_category":0},"product_brand":[],"product_cat":[345,119,121,120,239],"product_tag":[],"class_list":{"0":"post-6569","1":"product","2":"type-product","3":"status-publish","4":"has-post-thumbnail","6":"product_cat-pipe-connectors","7":"product_cat-formicarium-components","8":"product_cat-connectors","9":"product_cat-hoses","10":"product_cat-useful-additions","12":"first","13":"instock","14":"taxable","15":"shipping-taxable","16":"purchasable","17":"product-type-simple"},"acf":[],"aioseo_notices":[],"jetpack_sharing_enabled":true,"_links":{"self":[{"href":"https:\/\/antcube.shop\/es\/wp-json\/wp\/v2\/product\/6569","targetHints":{"allow":["GET"]}}],"collection":[{"href":"https:\/\/antcube.shop\/es\/wp-json\/wp\/v2\/product"}],"about":[{"href":"https:\/\/antcube.shop\/es\/wp-json\/wp\/v2\/types\/product"}],"replies":[{"embeddable":true,"href":"https:\/\/antcube.shop\/es\/wp-json\/wp\/v2\/comments?post=6569"}],"wp:featuredmedia":[{"embeddable":true,"href":"https:\/\/antcube.shop\/es\/wp-json\/wp\/v2\/media\/7570"}],"wp:attachment":[{"href":"https:\/\/antcube.shop\/es\/wp-json\/wp\/v2\/media?parent=6569"}],"wp:term":[{"taxonomy":"product_brand","embeddable":true,"href":"https:\/\/antcube.shop\/es\/wp-json\/wp\/v2\/product_brand?post=6569"},{"taxonomy":"product_cat","embeddable":true,"href":"https:\/\/antcube.shop\/es\/wp-json\/wp\/v2\/product_cat?post=6569"},{"taxonomy":"product_tag","embeddable":true,"href":"https:\/\/antcube.shop\/es\/wp-json\/wp\/v2\/product_tag?post=6569"}],"curies":[{"name":"wp","href":"https:\/\/api.w.org\/{rel}","templated":true}]}}