{"id":6568,"date":"2023-12-04T11:34:22","date_gmt":"2023-12-04T10:34:22","guid":{"rendered":"https:\/\/antcube.shop\/product\/kornerfutter-minor-100g\/"},"modified":"2026-04-15T17:09:26","modified_gmt":"2026-04-15T15:09:26","slug":"pienso-grano-menor-100g","status":"publish","type":"product","link":"https:\/\/antcube.shop\/es\/producto\/pienso-grano-menor-100g\/","title":{"rendered":"Pienso en grano menor 100g"},"content":{"rendered":"<p><strong>Contenido:<\/strong> 100g<\/p>\n<p><span id=\"result_box\" class=\"long_text\" lang=\"en\"><strong>Descripci\u00f3n:<\/strong> <\/span>Mezcla de granos finos y semillas para colonias j\u00f3venes de hormigas gran\u00edvoras, como Messor, Pogonomyrmex y Pheidole.<br \/>\nCon la ayuda de esta mezcla de semillas peque\u00f1as y blandas se sostiene la base.<br \/>\nProducto natural puro sin aditivos artificiales. Libre de pesticidas.<\/p>\n<p><strong>Nota:<\/strong><br \/>\nPara utilizar el tubo de alimentaci\u00f3n se puede encontrar aqu\u00ed: <a href=\"https:\/\/www.antstore.net\/shop\/images\/documents\/Anleitung-Ameisenfutterroehrchen.pdf\">Enlace<\/a><br \/>\nsuplemento alimenticio para hormigas gran\u00edvoras.<br \/>\nComposici\u00f3n, componentes anal\u00edticos, fecha de caducidad y n\u00famero de lote, consulte el prospecto.<\/p>\n<p>L\u00ednea directa de informaci\u00f3n +49 30 439703870<\/p>\n<p>Veterinario competente y control alimentario:<br \/>\nVeterin\u00e4ramt Steglitz<br \/>\nK\u00f6nigin-Luise-Str. 92<br \/>\n14195 Berl\u00edn<\/p>","protected":false},"excerpt":{"rendered":"<p>Alimentaci\u00f3n complementaria<\/p>","protected":false},"featured_media":6582,"comment_status":"open","ping_status":"closed","template":"","meta":{"_acf_changed":false,"content-type":"","_monsterinsights_skip_tracking":false,"_monsterinsights_sitenote_active":false,"_monsterinsights_sitenote_note":"","_monsterinsights_sitenote_category":0},"product_brand":[],"product_cat":[115,116],"product_tag":[],"class_list":{"0":"post-6568","1":"product","2":"type-product","3":"status-publish","4":"has-post-thumbnail","6":"product_cat-food-and-feeding","7":"product_cat-food","9":"first","10":"instock","11":"taxable","12":"shipping-taxable","13":"purchasable","14":"product-type-simple"},"acf":[],"aioseo_notices":[],"jetpack_sharing_enabled":true,"_links":{"self":[{"href":"https:\/\/antcube.shop\/es\/wp-json\/wp\/v2\/product\/6568","targetHints":{"allow":["GET"]}}],"collection":[{"href":"https:\/\/antcube.shop\/es\/wp-json\/wp\/v2\/product"}],"about":[{"href":"https:\/\/antcube.shop\/es\/wp-json\/wp\/v2\/types\/product"}],"replies":[{"embeddable":true,"href":"https:\/\/antcube.shop\/es\/wp-json\/wp\/v2\/comments?post=6568"}],"wp:featuredmedia":[{"embeddable":true,"href":"https:\/\/antcube.shop\/es\/wp-json\/wp\/v2\/media\/6582"}],"wp:attachment":[{"href":"https:\/\/antcube.shop\/es\/wp-json\/wp\/v2\/media?parent=6568"}],"wp:term":[{"taxonomy":"product_brand","embeddable":true,"href":"https:\/\/antcube.shop\/es\/wp-json\/wp\/v2\/product_brand?post=6568"},{"taxonomy":"product_cat","embeddable":true,"href":"https:\/\/antcube.shop\/es\/wp-json\/wp\/v2\/product_cat?post=6568"},{"taxonomy":"product_tag","embeddable":true,"href":"https:\/\/antcube.shop\/es\/wp-json\/wp\/v2\/product_tag?post=6568"}],"curies":[{"name":"wp","href":"https:\/\/api.w.org\/{rel}","templated":true}]}}