{"id":6564,"date":"2023-12-04T11:33:56","date_gmt":"2023-12-04T10:33:56","guid":{"rendered":"https:\/\/antcube.shop\/product\/schraub-adapter-50-auf-27-mm-bohrung\/"},"modified":"2026-04-04T12:46:29","modified_gmt":"2026-04-04T10:46:29","slug":"adaptador-de-tornillo-de-50-a-27-mm-de-diametro-interior","status":"publish","type":"product","link":"https:\/\/antcube.shop\/es\/producto\/adaptador-de-tornillo-de-50-a-27-mm-de-diametro-interior\/","title":{"rendered":"Adaptador de tornillo de 50 a 27 mm de di\u00e1metro interior"},"content":{"rendered":"<p><strong>Contenido:<\/strong><br \/>\n2x disco acr\u00edlico 59 x 2 mm con orificio de 32 mm<br \/>\n1x Disco acr\u00edlico 49 x 4 mm con orificio de 27 mm<br \/>\n2x Tornillo de pl\u00e1stico transparente M4<br \/>\n2x Tuerca transparente M4<\/p>\n<p><strong>Dimensiones del producto:<\/strong> 59 x 8 mm<\/p>\n<p><strong>Material:<\/strong> PMMA<\/p>\n<p><strong>Color:<\/strong> transparente \/ cristalino<\/p>\n<p><span data-text-color=\"alert\"><strong>ATENCI\u00d3N:<\/strong><\/span> s\u00f3lo para nuestros conectores de manguera de lavabo 27mm - 14, 20, 24mm - transparente<\/p>\n<p><strong>Descripci\u00f3n:<\/strong> Adaptador para fijar elementos de 27 mm de di\u00e1metro en orificios de 50 mm. Nuestros tacos de 27 mm tambi\u00e9n encajan en el adaptador.<\/p>\n<p>Permite as\u00ed una fijaci\u00f3n segura, firme y visualmente atractiva de tubos, mangueras u otros elementos de conexi\u00f3n de 20 mm.<\/p>\n<p><strong>Nota:<\/strong> Se suministra en piezas individuales y debe fijarse con un destornillador Phillips.<\/p>","protected":false},"excerpt":{"rendered":"<p>Contenido: 2x disco acr\u00edlico 59 x 2 mm con orificio de 32 mm 1x disco acr\u00edlico 49 x 4 mm con orificio de 27 mm 2x tornillo de pl\u00e1stico transparente M4 2x tuerca transparente M4 Dimensiones del producto: 59 x 8 mm Material: PMMA Color: transparente \/ cristalino ATENCI\u00d3N: s\u00f3lo para nuestros conectores de manguera de lavabo 27mm - 14, 20, 24mm","protected":false},"featured_media":6593,"comment_status":"open","ping_status":"closed","template":"","meta":{"_acf_changed":false,"content-type":"","_monsterinsights_skip_tracking":false,"_monsterinsights_sitenote_active":false,"_monsterinsights_sitenote_note":"","_monsterinsights_sitenote_category":0},"product_brand":[],"product_cat":[345,119,121,120],"product_tag":[],"class_list":{"0":"post-6564","1":"product","2":"type-product","3":"status-publish","4":"has-post-thumbnail","6":"product_cat-pipe-connectors","7":"product_cat-formicarium-components","8":"product_cat-connectors","9":"product_cat-hoses","11":"first","12":"instock","13":"taxable","14":"shipping-taxable","15":"purchasable","16":"product-type-simple"},"acf":[],"aioseo_notices":[],"jetpack_sharing_enabled":true,"_links":{"self":[{"href":"https:\/\/antcube.shop\/es\/wp-json\/wp\/v2\/product\/6564","targetHints":{"allow":["GET"]}}],"collection":[{"href":"https:\/\/antcube.shop\/es\/wp-json\/wp\/v2\/product"}],"about":[{"href":"https:\/\/antcube.shop\/es\/wp-json\/wp\/v2\/types\/product"}],"replies":[{"embeddable":true,"href":"https:\/\/antcube.shop\/es\/wp-json\/wp\/v2\/comments?post=6564"}],"wp:featuredmedia":[{"embeddable":true,"href":"https:\/\/antcube.shop\/es\/wp-json\/wp\/v2\/media\/6593"}],"wp:attachment":[{"href":"https:\/\/antcube.shop\/es\/wp-json\/wp\/v2\/media?parent=6564"}],"wp:term":[{"taxonomy":"product_brand","embeddable":true,"href":"https:\/\/antcube.shop\/es\/wp-json\/wp\/v2\/product_brand?post=6564"},{"taxonomy":"product_cat","embeddable":true,"href":"https:\/\/antcube.shop\/es\/wp-json\/wp\/v2\/product_cat?post=6564"},{"taxonomy":"product_tag","embeddable":true,"href":"https:\/\/antcube.shop\/es\/wp-json\/wp\/v2\/product_tag?post=6564"}],"curies":[{"name":"wp","href":"https:\/\/api.w.org\/{rel}","templated":true}]}}