{"id":6562,"date":"2023-12-04T11:33:43","date_gmt":"2023-12-04T10:33:43","guid":{"rendered":"https:\/\/antcube.shop\/product\/bundle-offer-messor-structor\/"},"modified":"2026-04-13T09:34:33","modified_gmt":"2026-04-13T07:34:33","slug":"paquete-oferta-messor-structor","status":"publish","type":"product","link":"https:\/\/antcube.shop\/es\/producto\/paquete-oferta-messor-structor\/","title":{"rendered":"Oferta Bundle - Messor structor"},"content":{"rendered":"<p><span data-text-color=\"secondary\"><strong>Oferta de paquete que incluye una colonia de hormigas Messor structor (reina con 11-25 obreras + cr\u00eda), un set de iniciaci\u00f3n Habitat Desert M con una segunda granja de hormigas 20\u00d720 M, 3x almohadillas de formicario y un tarro de nuestros grillos enteros escaldados especiales 10g (prote\u00edna h\u00fameda).<\/strong><\/span><\/p>\n<p><span data-text-color=\"alert\"><strong>S\u00f3lo hasta fin de existencias.<\/strong><\/span><\/p>\n<p><strong>Todo lo que necesita para una colonia de hormigas Messor structor<\/strong><br \/>\nEste paquete contiene todo lo necesario para tener una colonia de Messor barbarus durante los primeros meses. Es ampliable de forma flexible y adecuado expl\u00edcitamente para principiantes en la cr\u00eda de hormigas.<\/p>\n<p><strong>Especies de hormigas Messor structor<\/strong><br \/>\nMessor structor es una especie de hormiga gran\u00edvora. Se encuentra principalmente en el sur de Europa y la regi\u00f3n mediterr\u00e1nea, pero tambi\u00e9n en Europa central y su \u00e1rea de distribuci\u00f3n se extiende hasta Ir\u00e1n y el sur de Rusia. Tambi\u00e9n es la \u00fanica especie de Messor que se encuentra en Alemania. Las obreras son ligeramente m\u00e1s peque\u00f1as que las de Messor barbarus, pero Messor structor produce antes las llamadas obreras mayores (casta de obreras m\u00e1s grande).<\/p>\n<p>Aunque Messor structor se encuentra principalmente en las estepas, en algunos pa\u00edses hay poblaciones que se sienten m\u00e1s a gusto en regiones monta\u00f1osas o incluso en bosques mixtos. Esto demuestra la gran adaptabilidad de esta especie. Messor structor suele formar colonias polig\u00ednicas (varias reinas en una colonia), pero tambi\u00e9n se da monog\u00ednicamente (una sola reina por colonia).<\/p>\n<p>Los cient\u00edficos llevan alg\u00fan tiempo intentando averiguar si Messor structor puede haber desarrollado varias subespecies que se dan en distintas regiones analizando el material gen\u00e9tico de diferentes colonias. Sin embargo, esto a\u00fan no se ha aclarado de forma concluyente.<\/p>\n<p><strong>Nido para Messor structor<\/strong><br \/>\nMessor structor prefiere anidar en suelos arenosos. Sin embargo, a diferencia de la mayor\u00eda de las otras especies de Messor, es relativamente flexible y a veces puede encontrarse anidando bajo piedras o en lugares sombr\u00edos en suelos m\u00e1s terrosos.<\/p>\n<p><strong>Comida para Messor structor<\/strong><br \/>\nComo todas las especies de Messor, Messor structor se alimenta principalmente de semillas que se recogen, almacenan y transforman en el llamado pan de hormiga, que tiene una vida \u00fatil m\u00e1s larga y ayuda a las colonias en los periodos en los que hay menos semillas en la naturaleza. Las prote\u00ednas son aceptadas tanto vivas como muertas. En la naturaleza matan peque\u00f1os insectos y los utilizan para alimentar a sus cr\u00edas. La soluci\u00f3n azucarada o la miel s\u00f3lo se aceptan si la colonia no dispone de suficiente agua fresca para cubrir sus necesidades de humedad.<\/p>\n<p><strong>Las condiciones clim\u00e1ticas \u00f3ptimas para Messor structor son las siguientes:<\/strong><br \/>\n<strong>La humedad:<\/strong><br \/>\nArena: 30 - 50% Zona de nidificaci\u00f3n: 50 - 70%<br \/>\n<strong>La temperatura:<\/strong><br \/>\nArena: 22 - 30\u00b0C Zona del nido: 21- 27\u00b0C<\/p>\n<p><strong>Contenido:<\/strong><\/p>\n<p>1x colonia de hormigas Messor structor (reina + 11-25 obreras + cr\u00eda)<br \/>\n1x Mermelada de Grillo 25g<br \/>\n1x alimento en grano menor 100g<br \/>\n1x Almohadilla Formicarium - 20x20cm<br \/>\n2x Almohadilla Formicarium - 20x6cm<\/p>\n<p>1x ANTCUBO - arena 20x20x10 - plano<br \/>\n1x marco de hormigueros 20\u00d720<br \/>\n1x cubierta de hormigueros 20\u00d720<br \/>\n4x puntos de fijaci\u00f3n para la cubierta de la arena<br \/>\n2x ANTCUBE - granja de hormigas - M - 20\u00d720 - de pie<\/p>\n<p>1 tubo de 1m transparente 14\/10 mm<br \/>\n2x ANTCUBE - L\u00e1mina roja 20\u00d720 - filtro<br \/>\n2x clips adhesivos - transparente 2 uds.<br \/>\n1x sustrato - desierto - 1kg<br \/>\n1x Formicarium gr\u00e1nulos 200ml - beige<\/p>\n<p>1x Grid cap &#8211; 10mm &#8211; stainless steel<br \/>\n2x Grid insert acrylic &#8211; 50 mm with sealing ring<br \/>\n1x Grid insert acrylic &#8211; 27 mm with sealing ring<\/p>\n<p>1x conector de manguera de dep\u00f3sito 27-14,16,20 mm - transparente<br \/>\n2x Foil thermometer &#8211; farm<br \/>\n1x Foil thermometer Display<br \/>\n1x drinking clear 5ml &#8211; sponge<br \/>\n1x Feeding dish white rectangle &#8211; 3 compartments<br \/>\n1x Aceite de protecci\u00f3n contra las hormigas 10ml<br \/>\n1x Pinzas de acero para muelles - anchas - suaves<br \/>\n1x Pinzas de pl\u00e1stico transparente<br \/>\n1x pipeta de pl\u00e1stico de 3ml<br \/>\n1x lupa de mano - 2x - 30mm<br \/>\n1x limpiador de espuma 150x18x2,5mm<br \/>\n1x reverso de foto - desierto - 20\u00d710<\/p>\n<p>&nbsp;<\/p>\n<p><strong>Descripci\u00f3n:<\/strong><br \/>\nEste Starter Set Desert es adecuado para todas las especies del g\u00e9nero Messor que viven en desiertos, estepas o climas mediterr\u00e1neos. Una de las dos granjas est\u00e1 destinada a almacenar las semillas y el pan de hormiga, por lo que debe mantenerse completamente seca para evitar que las semillas\/granos almacenados all\u00ed por las hormigas germinen o se enmohezcan.<\/p>\n<p>En la granja totalmente transparente (nido), el \"sustrato - desierto\" se utiliza para llenar la granja. Si es necesario, se pueden conectar m\u00f3dulos adicionales a trav\u00e9s de los orificios de 50 mm de la cubierta, por ejemplo, los nebulizadores, ventiladores o luces disponibles por separado. Como alternativa, se incluyen tapones de formicario adecuados para cerrar las aberturas. Si se desea, el formicario tambi\u00e9n puede funcionar abierto simplemente colocando el marco desmontable en la parte superior y aplicando el aceite protector contra el escape de hormigas en el borde. El \"bebedero transparente de 20 ml - esponjoso\" est\u00e1 pensado para el agua, el \"dispensador de comida de 2 ml - dosificable\" para la comida en grano.<\/p>\n<p><strong>Es importante:<\/strong> Humedezca el sustrato antes de utilizarlo para que la mezcla se adhiera y se fije firmemente en el hormiguero. Adem\u00e1s, si el sustrato est\u00e1 demasiado seco y polvoriento, las v\u00edas respiratorias de las hormigas pueden bloquearse y, en el peor de los casos, los animales pueden asfixiarse.<\/p>\n<p><strong>Recomendaci\u00f3n:<\/strong> Recomendamos una capa de sustrato de 2 mm de altura, para que los animales no puedan escarbar en la arena y, en cambio, utilicen la granja proporcionada para este fin. Tambi\u00e9n recomendamos que el material de anidaci\u00f3n de la granja (arena\/arcilla, Digfix, etc.) est\u00e9 ligeramente pinchado en un lugar para facilitar la excavaci\u00f3n a los animales.<\/p>\n<p><strong>Notas sobre la producci\u00f3n<\/strong><br \/>\nEl cristal se corta a medida seg\u00fan la norma DIN 1249 con una tolerancia de +\/- 1 mm. Para las especies de hormigas extremadamente peque\u00f1as es imprescindible una protecci\u00f3n adicional contra la rotura.<\/p>\n<p><strong>Notas sobre la granja<\/strong><br \/>\nAl colocar o retirar las mangueras, tenga en cuenta lo siguiente:<br \/>\nSi resulta muy dif\u00edcil encajar el tubo en la toma de conexi\u00f3n, se debe frotar ligeramente la toma con una gota de nuestro aceite o polvo antiexplosiones. A continuaci\u00f3n, la manguera debe introducirse en la toma con movimientos de torsi\u00f3n o enroscado sin forzar la toma con movimientos hacia arriba y hacia abajo. Lo mismo se aplica al retirar las mangueras de la toma de conexi\u00f3n de la granja. No tire sin m\u00e1s.<\/p>\n<p><strong>Notas sobre el atasco de grillos:<\/strong><br \/>\nNuestros grillos escaldados son una forma f\u00e1cil de proporcionar a sus hormigas alimento proteico reci\u00e9n conservado sin tener que alimentarlas con insectos vivos. Los grillos contenidos (Acheta domesticus) se han escaldado suavemente para garantizar que se conserven los valores nutricionales, el sabor y el aroma. Adem\u00e1s, el caparaz\u00f3n quitinoso de los insectos se ablanda de este modo para que pueda digerirse m\u00e1s f\u00e1cilmente. Los enlaces de las prote\u00ednas de col\u00e1geno se rompen para que las hormigas puedan utilizarlas mejor. El Acheta domesticus en conserva tiene el mismo valor nutritivo que los grillos vivos, pero es m\u00e1s f\u00e1cil de digerir.<\/p>\n<p>El Cricket Jam no es adecuado para cazar especies de hormigas que requieren alimento vivo (por ejemplo, las ponerinas (hormigas grandes) como Harpegnathos u Odontomachus).<\/p>\n<p><strong>M\u00e1s ventajas:<\/strong><br \/>\nGarant\u00eda de ausencia de \u00e1caros<br \/>\nSe puede porcionar y diluir con agua<br \/>\nEsterilizado y envasado al vac\u00edo<br \/>\nSin aditivos<br \/>\nGrillos procedentes de cr\u00eda sostenible puramente ecol\u00f3gica, alimentados con residuos org\u00e1nicos<\/p>\n<p><strong>Nota:<\/strong><br \/>\nPuede conservarse en el frigor\u00edfico unos cuatro d\u00edas despu\u00e9s de abierto. Se conserva m\u00e1s tiempo si se congela.<br \/>\nAtenci\u00f3n: Primero porcionar, luego congelar.<\/p>","protected":false},"excerpt":{"rendered":"<p>El juego consta de 38 piezas<\/p>\n<p>Tama\u00f1o: <strong>M<\/strong><\/p>","protected":false},"featured_media":7134,"comment_status":"open","ping_status":"closed","template":"","meta":{"_acf_changed":false,"content-type":"","_monsterinsights_skip_tracking":false,"_monsterinsights_sitenote_active":false,"_monsterinsights_sitenote_note":"","_monsterinsights_sitenote_category":0},"product_brand":[],"product_cat":[355,353,73],"product_tag":[],"class_list":{"0":"post-6562","1":"product","2":"type-product","3":"status-publish","4":"has-post-thumbnail","6":"product_cat-bundle-offers","7":"product_cat-starter-sets-for-harvester-ants","8":"product_cat-starter-sets","10":"first","11":"instock","12":"taxable","13":"shipping-taxable","14":"purchasable","15":"product-type-simple"},"acf":[],"aioseo_notices":[],"jetpack_sharing_enabled":true,"_links":{"self":[{"href":"https:\/\/antcube.shop\/es\/wp-json\/wp\/v2\/product\/6562","targetHints":{"allow":["GET"]}}],"collection":[{"href":"https:\/\/antcube.shop\/es\/wp-json\/wp\/v2\/product"}],"about":[{"href":"https:\/\/antcube.shop\/es\/wp-json\/wp\/v2\/types\/product"}],"replies":[{"embeddable":true,"href":"https:\/\/antcube.shop\/es\/wp-json\/wp\/v2\/comments?post=6562"}],"wp:featuredmedia":[{"embeddable":true,"href":"https:\/\/antcube.shop\/es\/wp-json\/wp\/v2\/media\/7134"}],"wp:attachment":[{"href":"https:\/\/antcube.shop\/es\/wp-json\/wp\/v2\/media?parent=6562"}],"wp:term":[{"taxonomy":"product_brand","embeddable":true,"href":"https:\/\/antcube.shop\/es\/wp-json\/wp\/v2\/product_brand?post=6562"},{"taxonomy":"product_cat","embeddable":true,"href":"https:\/\/antcube.shop\/es\/wp-json\/wp\/v2\/product_cat?post=6562"},{"taxonomy":"product_tag","embeddable":true,"href":"https:\/\/antcube.shop\/es\/wp-json\/wp\/v2\/product_tag?post=6562"}],"curies":[{"name":"wp","href":"https:\/\/api.w.org\/{rel}","templated":true}]}}