{"id":6561,"date":"2023-12-04T11:33:36","date_gmt":"2023-12-04T10:33:36","guid":{"rendered":"https:\/\/antcube.shop\/product\/bundle-offer-camponotus-barbaricus\/"},"modified":"2026-03-30T10:28:01","modified_gmt":"2026-03-30T08:28:01","slug":"paquete-oferta-camponotus-barbaricus","status":"publish","type":"product","link":"https:\/\/antcube.shop\/es\/producto\/paquete-oferta-camponotus-barbaricus\/","title":{"rendered":"Oferta Bundle - Camponotus barbaricus"},"content":{"rendered":"<p><span data-text-color=\"secondary\"><strong>Oferta de paquete que incluye una colonia de hormigas Camponotus barbaricus (reina con 5-10 obreras + cr\u00eda), un set de iniciaci\u00f3n Habitat Desert L con 2x almohadillas de formicario, un tarro de nuestros grillos escaldados enteros especiales (prote\u00edna h\u00fameda) y un paquete de recarga de mezcla de mielada de 10 ml.<\/strong><\/span><\/p>\n<p><span data-text-color=\"alert\"><strong>S\u00f3lo hasta fin de existencias.<\/strong><\/span><\/p>\n<p><strong>Todo lo que necesitas para una colonia de hormigas Camponotus barbaricus<\/strong><br \/>\nEste paquete contiene todo lo necesario para tener con \u00e9xito una colonia de Camponotus barbaricus durante los primeros meses. Es ampliable de forma flexible y adecuado expl\u00edcitamente para principiantes en la cr\u00eda de hormigas.<\/p>\n<p><strong>Especie de hormiga Camponotus barbaricus<\/strong><br \/>\nCamponotus barbaricus es una de las especies de hormigas m\u00e1s grandes de Europa. Se encuentra en Portugal, Espa\u00f1a, Sicilia y, fuera de Europa, en Marruecos, Argelia, T\u00fanez y Libia. Sus colonias son mon\u00f3gamas (una sola reina por colonia) y, como la mayor\u00eda de las especies de Camponotus, es una especie de hormiga muy polim\u00f3rfica (forma las llamadas castas, es decir, obreras m\u00e1s peque\u00f1as y m\u00e1s grandes).<\/p>\n<p>En estado salvaje, pueden formar colonias de varios 10.000 individuos. El Camponotus barbaricus defiende agresivamente su nido y su coto de caza y tiene mucho \u00e9xito en ello debido a su tama\u00f1o. Las mayores (la casta m\u00e1s numerosa de obreras) alcanzan un tama\u00f1o de unos 17 mm.<\/p>\n<p><strong>Nido para Camponotus barbaricus<\/strong><br \/>\nEl Camponotus barbaricus prefiere anidar en suelos arenosos. A diferencia de la mayor\u00eda de las especies de Camponotus, rara vez se encuentran en madera podrida. Por ello, el Desert Starter Set incluido en el paquete se adapta perfectamente a las necesidades de esta especie.<\/p>\n<p><strong>Alimentaci\u00f3n para Camponotus barbaricus<\/strong><br \/>\nEn estado salvaje, Camponotus barbaricus se alimenta principalmente de insectos y melaza. Por esta raz\u00f3n, hemos incluido tanto nuestros grillos escaldados como alimento proteico y nuestra mezcla de mielada en este paquete para que pueda ofrecer a sus hormigas una dieta que sea lo m\u00e1s apropiada posible para la especie.<\/p>\n<p><strong>Las condiciones clim\u00e1ticas \u00f3ptimas para el Camponotus barbaricus son las siguientes:<\/strong><br \/>\n<strong>La humedad:<\/strong><br \/>\nArena: 30 - 50% \u00c1rea del nido: 50 - 60%<br \/>\n<strong>La temperatura:<\/strong><br \/>\nArena: 18 - 28\u00b0C Zona del nido: 21 - 26\u00b0C<\/p>\n<p><strong>Contenido:<\/strong><\/p>\n<p>1x Camponotus barbaricus (reina con 1-4 obreras + cr\u00eda)<br \/>\n1x Mermelada de Grillo 25g<br \/>\n1x Honeydew mix (HT) - recarga 10ml<br \/>\n1x Formicarium base - 20x20cm<br \/>\n1x Formicarium base - 20x6cm<\/p>\n<p>1x ANTCUBO - arena 20x20x10 - plano<br \/>\n1x marco de hormigueros 20\u00d720<br \/>\n1x cubierta de hormigueros 20\u00d720<br \/>\n4x puntos de fijaci\u00f3n para la cubierta de la arena<br \/>\n1x ANTCUBO - Hormiguero - L - 20\u00d720 - vertical<\/p>\n<p>1x tubo de 0,5m transparente 20\/16 mm<br \/>\n1x ANTCUBE - L\u00e1mina roja 20\u00d720 - filtro<br \/>\n1x clips adhesivos - transparente 2 uds.<br \/>\n1x sustrato - desierto - 1kg<br \/>\n1x Formicarium gr\u00e1nulos 200ml - beige<\/p>\n<p>2x Grid insert acrylic &#8211; 50 mm with sealing ring<br \/>\n1x Grid insert acrylic &#8211; 27 mm with sealing ring<br \/>\n1x tapa de rejilla - 16mm - acero inoxidable<\/p>\n<p>1x conector de manguera de dep\u00f3sito 27-14,16,20 mm - transparente<br \/>\n1x Foil thermometer &#8211; farm<br \/>\n1x Foil thermometer Display<br \/>\n1x drinking clear 5ml &#8211; sponge<br \/>\n1x Feeding dish white rectangle &#8211; 3 compartments<br \/>\n1x Drinking trough 2ml &#8211; 360 Degrees<br \/>\n1x Aceite de protecci\u00f3n contra las hormigas 10ml<br \/>\n1x Pinzas de acero para muelles - anchas - suaves<br \/>\n1x Pinzas de pl\u00e1stico transparente<br \/>\n1x pipeta de pl\u00e1stico de 3ml<br \/>\n1x lupa de mano - 2x - 30mm<br \/>\n1x limpiador de espuma 150x18x2,5mm<br \/>\n1x reverso de foto - desierto - 20\u00d710<\/p>\n<p><strong>Descripci\u00f3n:<\/strong><br \/>\nEste set de iniciaci\u00f3n al desierto es adecuado para todas las especies de hormigas que viven en desiertos, estepas o clima mediterr\u00e1neo.<\/p>\n<p>En la granja totalmente transparente (nido), el \"Suelo - Desierto\" se utiliza para llenar la granja. Si es necesario, se pueden conectar m\u00f3dulos adicionales a trav\u00e9s de los orificios de 50 mm de la cubierta, por ejemplo, los nebulizadores, ventiladores o luces disponibles por separado. Como alternativa, se incluyen tapones de formicario adecuados para cerrar las aberturas. Si se desea, el formicarium tambi\u00e9n puede funcionar abierto simplemente fijando el marco desmontable y aplicando el aceite protector contra el escape de hormigas en el borde. El \"Bebedero 2ml - 360 grados\" est\u00e1 destinado a la mezcla de melaza, el \"Bebedero transparente 20ml - esponja\" para el agua y el \"Cuenco transparente 1\u00d720 - esponja\" para el alimento prote\u00ednico. El \"Mini termohigr\u00f3metro anal\u00f3gico - pantalla - colgante\" se puede fijar al marco o a la cubierta y muestra los valores clim\u00e1ticos.<\/p>\n<p><strong>Es importante:<\/strong> Humedezca el sustrato antes de utilizarlo para que la mezcla se aglutine y se fije bien en el hormiguero. Adem\u00e1s, si el sustrato est\u00e1 demasiado seco y polvoriento, las v\u00edas respiratorias de las hormigas pueden bloquearse y, en el peor de los casos, los animales pueden asfixiarse.<\/p>\n<p><strong>Recomendaci\u00f3n:<\/strong> Recomendamos una capa de sustrato de 2 mm de altura, para que los animales no puedan escarbar en la arena y, en cambio, utilicen la granja proporcionada para este fin. Tambi\u00e9n recomendamos que el material de anidaci\u00f3n de la granja (arena\/arcilla, Digfix, etc.) est\u00e9 ligeramente pinchado en un lugar para facilitar la excavaci\u00f3n a los animales.<\/p>\n<p><strong>Notas sobre la producci\u00f3n<\/strong><br \/>\nEl cristal se corta a medida seg\u00fan la norma DIN 1249 con una tolerancia de +\/- 1 mm. Para las especies de hormigas extremadamente peque\u00f1as es imprescindible una protecci\u00f3n adicional contra la rotura.<\/p>\n<p><strong>Notas sobre la granja<\/strong><br \/>\nAl colocar o retirar las mangueras, tenga en cuenta lo siguiente:<br \/>\nSi resulta muy dif\u00edcil encajar el tubo en la toma de conexi\u00f3n, se debe frotar ligeramente la toma con una gota de nuestro aceite o polvo antiexplosiones. A continuaci\u00f3n, la manguera debe introducirse en la toma con movimientos de torsi\u00f3n o enroscado sin forzar la toma con movimientos hacia arriba y hacia abajo. Lo mismo se aplica al retirar las mangueras de la toma de conexi\u00f3n de la granja. No tire sin m\u00e1s.<\/p>\n<p><strong>Instrucciones:<\/strong> (Versi\u00f3n 2023, la versi\u00f3n actualizada para 2024 estar\u00e1 disponible a m\u00e1s tardar el 04\/2024)<\/p>\n<p>- DE <a href=\"https:\/\/www.antstore.net\/shop\/images\/info\/de\/Gebrauchsanweisung%20Starter%20Set%20Habitat.pdf\">Gebrauchsanweisung Starter Set Habitat<\/a> (PDF 3,21 MB)<\/p>\n<p>- ES <a href=\"https:\/\/www.antstore.net\/shop\/images\/info\/en\/Instructions%20for%20use%20-%20Starter%20Set%20Habitat.pdf\">Instrucciones de uso - Starter Set Habitat<\/a> (PDF 3,21 MB)<\/p>\n<p>- ES <a href=\"https:\/\/www.antstore.net\/shop\/images\/info\/es\/Manual%20de%20instrucciones%20-%20Set%20de%20inicio%20H%C3%A1bitat.pdf\">Manual de instrucciones - Set de inicio H\u00e1bitat<\/a> (PDF 3,21 MB)<\/p>\n<p>- FR <a href=\"https:\/\/www.antstore.net\/shop\/images\/info\/fr\/Manuel%20d'instruction%20-%20Kit%20de%20d%C3%A9marrage%20Habitat.pdf\">Manual de instrucciones - Kit de instalaci\u00f3n de H\u00e1bitat<\/a> (PDF 3,21 MB)<\/p>\n<p><strong>Nota sobre el melazo:<\/strong><br \/>\nContenido: 10 ml<br \/>\nSe trata de un producto natural, que hemos refinado tras exhaustivas pruebas en nuestro laboratorio y convertido en un alimento muy bien aceptado por las hormigas. La raz\u00f3n es que la miel de mielada sin procesar en su forma original concentrada no es bien aceptada por las hormigas y su metabolismo.<br \/>\nNuestro melazo se recolecta en los impolutos bosques de monta\u00f1a de Bulgaria. El melazo s\u00f3lo se produce durante un tiempo muy limitado, unos dos meses en verano. Por lo tanto, es muy escaso. Debido a las caracter\u00edsticas espec\u00edficas del suelo de los bosques y al clima, en las hojas de los \u00e1rboles se almacenan nutrientes esenciales que son absorbidos por los pulgones. Esto es lo que hace que esta mezcla de mielada sea tan apetecible para las hormigas.<\/p>\n<p><strong>Aplicaci\u00f3n:<\/strong><br \/>\nLa cantidad de comida debe consumirse en unos 3 d\u00edas.<\/p>\n<p><strong>Descripci\u00f3n:<\/strong><br \/>\nEl melazo, a diferencia de la miel de flores, se obtiene de las secreciones de insectos que chupan las plantas, como los pulgones. El melazo es una fuente de alimento popular para muchos insectos, como hormigas, abejas y abejorros. Las abejas y los abejorros lo lamen de las hojas o agujas de diversos \u00e1rboles. Las hormigas, como Lasius niger, se quedan literalmente con los pulgones. Incluso los defienden de los depredadores y los transportan a los brotes frescos.<\/p>\n<p>El melazo es especialmente popular entre las hormigas por sus componentes algo diferentes. Los principales az\u00facares del melazo son la sacarosa y la fructosa, pero tambi\u00e9n se encuentran peque\u00f1as cantidades de maltosa, trehalosa, melezitosa, rafinosa y otros oligosac\u00e1ridos. Adem\u00e1s de az\u00facar y agua, el melazo tambi\u00e9n contiene amino\u00e1cidos esenciales, minerales, oligoelementos, adenosinas, fosfatos y otros ingredientes como vitaminas.<\/p>\n<p><strong>Utilizar:<\/strong><br \/>\nPara las especies de hormigas mel\u00edferas (Meliphagidae)<br \/>\nSe trata de una alimentaci\u00f3n complementaria<br \/>\nPuede ofrecerse a los animales tal como se suministra. Como la concentraci\u00f3n de az\u00facar se reduce por la humedad y comienza un proceso de fermentaci\u00f3n, el alimento debe sustituirse cada 3 d\u00edas. Limpie bien el comedero\/tubo antes de reutilizarlo.<br \/>\nUna vez abierto, el envase debe conservarse bien cerrado hasta la fecha de caducidad.<\/p>\n<p><strong>Informaci\u00f3n nutricional por 100 g:<\/strong><br \/>\naprox. 2,7 % grasas<br \/>\nde los cuales saturados aprox. 0,45 %<br \/>\naprox. 95 % hidratos de carbono<br \/>\nde los cuales az\u00facar aprox. 71<br \/>\naprox. 2,85% de prote\u00edna<br \/>\nMinerales (potasio, calcio, cobre, hierro, sodio, magnesio, f\u00f3sforo, zinc y otros oligoelementos) Amino\u00e1cidos (prolina, leucina, fenilalanina, alanina, histidina, isoleucina, \u00e1cido glut\u00e1mico, arginina, \u00e1cido asp\u00e1rtico, etc.) \u00c1cidos org\u00e1nicos Enzimas (fermentos)Aromas Inhibinas (sustancias antibacterianas) Flores Polen<\/p>\n<p><strong>Almacenamiento:<\/strong><br \/>\nPara garantizar la calidad del pienso, debe almacenarse en un lugar oscuro y seco.<\/p>\n<p><strong>Nota:<\/strong><br \/>\nAqu\u00ed encontrar\u00e1 informaci\u00f3n sobre el uso de tubos de alimentaci\u00f3n: Enlace<br \/>\nAlimento complementario para hormigas mel\u00edferas.<br \/>\nConsulte en el prospecto la composici\u00f3n, los ingredientes anal\u00edticos, la fecha de caducidad y el n\u00famero de lote.<\/p>\n<p>L\u00ednea directa de informaci\u00f3n +49 30 439703870<\/p>\n<p>Responsable de la inspecci\u00f3n veterinaria y alimentaria:<br \/>\nOficina veterinaria de Steglitz<br \/>\nK\u00f6nigin-Luise-Str. 92<br \/>\n14195 Berl\u00edn<\/p>\n<p><strong>Nota sobre los grillos escaldados:<\/strong><br \/>\nNuestros grillos escaldados son una forma f\u00e1cil de proporcionar a sus hormigas alimento proteico reci\u00e9n conservado sin tener que alimentarlas con insectos vivos. Los grillos contenidos (Acheta domesticus) se han escaldado suavemente para garantizar que se conserven los valores nutricionales, el sabor y el aroma. Adem\u00e1s, el caparaz\u00f3n quitinoso de los insectos se ablanda de este modo para que pueda digerirse m\u00e1s f\u00e1cilmente. Los enlaces de las prote\u00ednas de col\u00e1geno se rompen para que las hormigas puedan utilizarlas mejor. El Acheta domesticus en conserva tiene el mismo valor nutritivo que los grillos vivos, pero es m\u00e1s f\u00e1cil de digerir.<\/p>\n<p>Los grillos escaldados no son adecuados para cazar especies de hormigas que requieren alimento vivo (por ejemplo, las ponerinas (hormigas grandes) como Harpegnathos u Odontomachus).<\/p>\n<p><strong>M\u00e1s ventajas:<\/strong><br \/>\nGarant\u00eda de ausencia de \u00e1caros<br \/>\nSe puede porcionar<br \/>\nEsterilizado y aspirado<br \/>\nSin aditivos<br \/>\nGrillos procedentes de cr\u00eda sostenible puramente ecol\u00f3gica, alimentados con residuos org\u00e1nicos<\/p>\n<p><strong>Tenga en cuenta lo siguiente:<\/strong><br \/>\nPuede conservarse en el frigor\u00edfico unos cuatro d\u00edas despu\u00e9s de abierto. Se conserva m\u00e1s tiempo si se congela.<\/p>","protected":false},"excerpt":{"rendered":"<p>El juego consta de 34 piezas<\/p>\n<p>Tama\u00f1o: <span style=\"color: #0000ff;\"><strong>L<\/strong><\/span><\/p>","protected":false},"featured_media":7132,"comment_status":"open","ping_status":"closed","template":"","meta":{"_acf_changed":false,"content-type":"","_monsterinsights_skip_tracking":false,"_monsterinsights_sitenote_active":false,"_monsterinsights_sitenote_note":"","_monsterinsights_sitenote_category":0},"product_brand":[],"product_cat":[355,73,74],"product_tag":[],"class_list":{"0":"post-6561","1":"product","2":"type-product","3":"status-publish","4":"has-post-thumbnail","6":"product_cat-bundle-offers","7":"product_cat-starter-sets","8":"product_cat-starter-sets-habitat","10":"first","11":"instock","12":"taxable","13":"shipping-taxable","14":"purchasable","15":"product-type-simple"},"acf":[],"aioseo_notices":[],"jetpack_sharing_enabled":true,"_links":{"self":[{"href":"https:\/\/antcube.shop\/es\/wp-json\/wp\/v2\/product\/6561","targetHints":{"allow":["GET"]}}],"collection":[{"href":"https:\/\/antcube.shop\/es\/wp-json\/wp\/v2\/product"}],"about":[{"href":"https:\/\/antcube.shop\/es\/wp-json\/wp\/v2\/types\/product"}],"replies":[{"embeddable":true,"href":"https:\/\/antcube.shop\/es\/wp-json\/wp\/v2\/comments?post=6561"}],"wp:featuredmedia":[{"embeddable":true,"href":"https:\/\/antcube.shop\/es\/wp-json\/wp\/v2\/media\/7132"}],"wp:attachment":[{"href":"https:\/\/antcube.shop\/es\/wp-json\/wp\/v2\/media?parent=6561"}],"wp:term":[{"taxonomy":"product_brand","embeddable":true,"href":"https:\/\/antcube.shop\/es\/wp-json\/wp\/v2\/product_brand?post=6561"},{"taxonomy":"product_cat","embeddable":true,"href":"https:\/\/antcube.shop\/es\/wp-json\/wp\/v2\/product_cat?post=6561"},{"taxonomy":"product_tag","embeddable":true,"href":"https:\/\/antcube.shop\/es\/wp-json\/wp\/v2\/product_tag?post=6561"}],"curies":[{"name":"wp","href":"https:\/\/api.w.org\/{rel}","templated":true}]}}