{"id":6559,"date":"2023-12-04T11:33:22","date_gmt":"2023-12-04T10:33:22","guid":{"rendered":"https:\/\/antcube.shop\/product\/heizmatte-26x28cm-14w\/"},"modified":"2026-03-30T10:31:01","modified_gmt":"2026-03-30T08:31:01","slug":"alfombra-calefactora-26x28cm-14w","status":"publish","type":"product","link":"https:\/\/antcube.shop\/es\/producto\/alfombra-calefactora-26x28cm-14w\/","title":{"rendered":"Esterilla Calefactora 26x28cm - 14W"},"content":{"rendered":"<p><strong>Dimensiones:<\/strong> 26 x 28 cm<\/p>\n<p><strong>Poder:<\/strong> 14 vatios<\/p>\n<p><strong>Temperatura de la superficie:<\/strong> 28-32 \u00b0C<\/p>\n<p><strong>Descripci\u00f3n:<\/strong> Estera calefactora para el formicario - especialmente adecuada para especies de pa\u00edses m\u00e1s c\u00e1lidos. Las esteras calefactoras emiten calor radiante por infrarrojos, similar al de los calefactores radiantes cer\u00e1micos. Los rayos calientan los objetos y los animales sin aumentar significativamente la temperatura del aire. Por lo tanto, son ideales para proporcionar lugares para \"tomar el sol\". De este modo, se puede conseguir y controlar mejor cualquier gradiente de temperatura necesario en el formicario. Estas esteras calefactoras son autoadhesivas, por lo que pueden fijarse f\u00e1cilmente al formicario.<\/p>\n<p><strong>Nota:<\/strong> No coloque nunca los elementos calefactores directamente debajo de un formicario, siempre hay que asegurarse de que el calor se pueda disipar para evitar que se acumule o se da\u00f1e el formicario.<\/p>","protected":false},"excerpt":{"rendered":"<p><strong>Dimensiones:<\/strong> 26 x 28 cm \/ enchufe Euro para 230 voltios<\/p>","protected":false},"featured_media":6619,"comment_status":"open","ping_status":"closed","template":"","meta":{"_acf_changed":false,"content-type":"","_monsterinsights_skip_tracking":false,"_monsterinsights_sitenote_active":false,"_monsterinsights_sitenote_note":"","_monsterinsights_sitenote_category":0},"product_brand":[],"product_cat":[359,119],"product_tag":[],"class_list":{"0":"post-6559","1":"product","2":"type-product","3":"status-publish","4":"has-post-thumbnail","6":"product_cat-light-heat-humidity","7":"product_cat-formicarium-components","9":"first","10":"instock","11":"taxable","12":"shipping-taxable","13":"purchasable","14":"product-type-simple"},"acf":[],"aioseo_notices":[],"jetpack_sharing_enabled":true,"_links":{"self":[{"href":"https:\/\/antcube.shop\/es\/wp-json\/wp\/v2\/product\/6559","targetHints":{"allow":["GET"]}}],"collection":[{"href":"https:\/\/antcube.shop\/es\/wp-json\/wp\/v2\/product"}],"about":[{"href":"https:\/\/antcube.shop\/es\/wp-json\/wp\/v2\/types\/product"}],"replies":[{"embeddable":true,"href":"https:\/\/antcube.shop\/es\/wp-json\/wp\/v2\/comments?post=6559"}],"wp:featuredmedia":[{"embeddable":true,"href":"https:\/\/antcube.shop\/es\/wp-json\/wp\/v2\/media\/6619"}],"wp:attachment":[{"href":"https:\/\/antcube.shop\/es\/wp-json\/wp\/v2\/media?parent=6559"}],"wp:term":[{"taxonomy":"product_brand","embeddable":true,"href":"https:\/\/antcube.shop\/es\/wp-json\/wp\/v2\/product_brand?post=6559"},{"taxonomy":"product_cat","embeddable":true,"href":"https:\/\/antcube.shop\/es\/wp-json\/wp\/v2\/product_cat?post=6559"},{"taxonomy":"product_tag","embeddable":true,"href":"https:\/\/antcube.shop\/es\/wp-json\/wp\/v2\/product_tag?post=6559"}],"curies":[{"name":"wp","href":"https:\/\/api.w.org\/{rel}","templated":true}]}}