{"id":6557,"date":"2023-12-04T11:33:10","date_gmt":"2023-12-04T10:33:10","guid":{"rendered":"https:\/\/antcube.shop\/product\/heizmatte-13x10cm-3w\/"},"modified":"2026-04-15T09:42:38","modified_gmt":"2026-04-15T07:42:38","slug":"alfombrilla-calefactora-13x10cm-3w","status":"publish","type":"product","link":"https:\/\/antcube.shop\/es\/producto\/alfombrilla-calefactora-13x10cm-3w\/","title":{"rendered":"Esterilla Calefactora 13x10cm - 3W"},"content":{"rendered":"<p><strong>Dimensiones:<\/strong> 10 x 12,5 cm<br \/>\n<strong>Poder:<\/strong> 3 vatios<br \/>\n<strong>Temperatura de la superficie:<\/strong> 28-32 \u00b0C<\/p>\n<p><strong>Descripci\u00f3n:<\/strong> Estera calefactora para el formicario - especialmente adecuada para especies de pa\u00edses m\u00e1s c\u00e1lidos. Las esteras calefactoras emiten calor radiante por infrarrojos, similar al de los calefactores radiantes cer\u00e1micos. Los rayos calientan los objetos y los animales sin aumentar significativamente la temperatura del aire. Por lo tanto, son ideales para proporcionar lugares para \"tomar el sol\". De este modo, se puede conseguir y controlar mejor cualquier gradiente de temperatura necesario en el formicario. Estas esteras calefactoras son autoadhesivas, por lo que pueden fijarse f\u00e1cilmente al formicario.<\/p>\n<p><strong>Nota:<\/strong> No coloque nunca los elementos calefactores directamente debajo de un formicario, siempre hay que asegurarse de que el calor se pueda disipar para evitar que se acumule o se da\u00f1e el formicario.<\/p>","protected":false},"excerpt":{"rendered":"<p><strong>Dimensiones:<\/strong> 10 x 12,5 cm \/ Enchufe Euro para 230 voltios<\/p>","protected":false},"featured_media":6619,"comment_status":"open","ping_status":"closed","template":"","meta":{"_acf_changed":false,"content-type":"","_monsterinsights_skip_tracking":false,"_monsterinsights_sitenote_active":false,"_monsterinsights_sitenote_note":"","_monsterinsights_sitenote_category":0},"product_brand":[],"product_cat":[359,119],"product_tag":[],"class_list":{"0":"post-6557","1":"product","2":"type-product","3":"status-publish","4":"has-post-thumbnail","6":"product_cat-light-heat-humidity","7":"product_cat-formicarium-components","9":"first","10":"instock","11":"taxable","12":"shipping-taxable","13":"purchasable","14":"product-type-simple"},"acf":[],"aioseo_notices":[],"jetpack_sharing_enabled":true,"_links":{"self":[{"href":"https:\/\/antcube.shop\/es\/wp-json\/wp\/v2\/product\/6557","targetHints":{"allow":["GET"]}}],"collection":[{"href":"https:\/\/antcube.shop\/es\/wp-json\/wp\/v2\/product"}],"about":[{"href":"https:\/\/antcube.shop\/es\/wp-json\/wp\/v2\/types\/product"}],"replies":[{"embeddable":true,"href":"https:\/\/antcube.shop\/es\/wp-json\/wp\/v2\/comments?post=6557"}],"wp:featuredmedia":[{"embeddable":true,"href":"https:\/\/antcube.shop\/es\/wp-json\/wp\/v2\/media\/6619"}],"wp:attachment":[{"href":"https:\/\/antcube.shop\/es\/wp-json\/wp\/v2\/media?parent=6557"}],"wp:term":[{"taxonomy":"product_brand","embeddable":true,"href":"https:\/\/antcube.shop\/es\/wp-json\/wp\/v2\/product_brand?post=6557"},{"taxonomy":"product_cat","embeddable":true,"href":"https:\/\/antcube.shop\/es\/wp-json\/wp\/v2\/product_cat?post=6557"},{"taxonomy":"product_tag","embeddable":true,"href":"https:\/\/antcube.shop\/es\/wp-json\/wp\/v2\/product_tag?post=6557"}],"curies":[{"name":"wp","href":"https:\/\/api.w.org\/{rel}","templated":true}]}}