{"id":6555,"date":"2023-12-04T11:27:26","date_gmt":"2023-12-04T10:27:26","guid":{"rendered":"https:\/\/antcube.shop\/product\/ameisenarena-lampenfassung-e27\/"},"modified":"2026-04-16T09:54:56","modified_gmt":"2026-04-16T07:54:56","slug":"portalamparas-ant-arena-e27","status":"publish","type":"product","link":"https:\/\/antcube.shop\/es\/producto\/portalamparas-ant-arena-e27\/","title":{"rendered":"Ant Arena - Portal\u00e1mparas - E27"},"content":{"rendered":"<p><strong>Contenido:<\/strong><br \/>\n- Portal\u00e1mpara de pl\u00e1stico E27 con cable de alimentaci\u00f3n e interruptor<br \/>\n- anillo acr\u00edlico transparente para fijaci\u00f3n en orificios de 50 mm<\/p>\n<p><strong>Material:<\/strong> toma (pl\u00e1stico); soporte (pl\u00e1stico); cable (cobre con cubierta de pl\u00e1stico); anillo de PMMA (para fijaci\u00f3n en orificios de 50 mm)<\/p>\n<p><strong>Color:<\/strong> gris claro<\/p>\n<p><strong>Especificaciones t\u00e9cnicas:<\/strong><br \/>\nDimensiones de la toma: 4,5\u00d74,5\u00d76 cm<br \/>\nLongitud del cable: 3,5 m<br \/>\nPotencia: m\u00e1x. 60 W<br \/>\nEnchufe: E27<\/p>\n<p><strong>ATENCI\u00d3N: <\/strong>Cuando se utiliza con nuestras cubiertas h\u00edbridas y los marcos Arena de 5 cm de ancho, este portal\u00e1mparas no encajar\u00e1. Para una cubierta h\u00edbrida necesitar\u00e1 un marco de 3 cm de ancho.<\/p>\n<p><strong>Descripci\u00f3n:<\/strong><br \/>\nPara iluminar un hormiguero, este enchufe puede conectarse directamente a la cubierta del hormiguero.<\/p>\n<p>&nbsp;<\/p>","protected":false},"excerpt":{"rendered":"<p>Contenido: - Portal\u00e1mpara de pl\u00e1stico E27 con cable de red e interruptor - anillo de acr\u00edlico transparente para fijaci\u00f3n en orificios de 50 mm Material: casquillo (pl\u00e1stico); portal\u00e1mparas (pl\u00e1stico); cable (cobre con funda de pl\u00e1stico); anillo de PMMA (para fijaci\u00f3n en orificios de 50 mm) Color: gris claro Especificaciones t\u00e9cnicas: Dimensiones de la toma: 4,5\u00d74,5\u00d76 cm Longitud del cable: 3,5 m Potencia: m\u00e1x. 60W [...]","protected":false},"featured_media":7574,"comment_status":"open","ping_status":"closed","template":"","meta":{"_acf_changed":false,"content-type":"","_monsterinsights_skip_tracking":false,"_monsterinsights_sitenote_active":false,"_monsterinsights_sitenote_note":"","_monsterinsights_sitenote_category":0},"product_brand":[],"product_cat":[359,119],"product_tag":[],"class_list":{"0":"post-6555","1":"product","2":"type-product","3":"status-publish","4":"has-post-thumbnail","6":"product_cat-light-heat-humidity","7":"product_cat-formicarium-components","9":"first","10":"outofstock","11":"taxable","12":"shipping-taxable","13":"purchasable","14":"product-type-simple"},"acf":[],"aioseo_notices":[],"jetpack_sharing_enabled":true,"_links":{"self":[{"href":"https:\/\/antcube.shop\/es\/wp-json\/wp\/v2\/product\/6555","targetHints":{"allow":["GET"]}}],"collection":[{"href":"https:\/\/antcube.shop\/es\/wp-json\/wp\/v2\/product"}],"about":[{"href":"https:\/\/antcube.shop\/es\/wp-json\/wp\/v2\/types\/product"}],"replies":[{"embeddable":true,"href":"https:\/\/antcube.shop\/es\/wp-json\/wp\/v2\/comments?post=6555"}],"wp:featuredmedia":[{"embeddable":true,"href":"https:\/\/antcube.shop\/es\/wp-json\/wp\/v2\/media\/7574"}],"wp:attachment":[{"href":"https:\/\/antcube.shop\/es\/wp-json\/wp\/v2\/media?parent=6555"}],"wp:term":[{"taxonomy":"product_brand","embeddable":true,"href":"https:\/\/antcube.shop\/es\/wp-json\/wp\/v2\/product_brand?post=6555"},{"taxonomy":"product_cat","embeddable":true,"href":"https:\/\/antcube.shop\/es\/wp-json\/wp\/v2\/product_cat?post=6555"},{"taxonomy":"product_tag","embeddable":true,"href":"https:\/\/antcube.shop\/es\/wp-json\/wp\/v2\/product_tag?post=6555"}],"curies":[{"name":"wp","href":"https:\/\/api.w.org\/{rel}","templated":true}]}}