{"id":6377,"date":"2023-10-06T18:09:26","date_gmt":"2023-10-06T16:09:26","guid":{"rendered":"https:\/\/antcube.shop\/product\/bundle-offer-polyrhachis-dives\/"},"modified":"2026-03-27T18:08:09","modified_gmt":"2026-03-27T17:08:09","slug":"paquete-oferta-polyrhachis-dives","status":"publish","type":"product","link":"https:\/\/antcube.shop\/es\/producto\/paquete-oferta-polyrhachis-dives\/","title":{"rendered":"Oferta Paquete - Polyrhachis dives"},"content":{"rendered":"<p dir=\"ltr\"><span data-text-color=\"alert\"><strong><span data-text-color=\"secondary\">Oferta de paquete que incluye una colonia de hormigas Polyrhachis dives (reina con 26-50 obreras + cr\u00eda), un set de iniciaci\u00f3n para hormigas tejedoras con 1x base de formicario, 1x arbusto ornamental y 1x bola de nido como lugar de anidaci\u00f3n y 1x plataforma magn\u00e9tica para facilitar la alimentaci\u00f3n.<\/span><br \/>\n<\/strong><\/span><\/p>\n<p><span data-text-color=\"alert\"><strong>S\u00f3lo hasta fin de existencias.<\/strong><\/span><\/p>\n<p><strong>Todo lo que necesita para una colonia de hormigas Polyrhachis dives<\/strong><br \/>\nEste paquete contiene todo lo necesario para llevar con \u00e9xito una colonia de Polyrhachis dives durante sus primeros meses. Es ampliable de forma flexible y adecuado expl\u00edcitamente para principiantes en la cr\u00eda de hormigas.<\/p>\n<p><strong>La especie de hormiga Polyrhachis se zambulle:<\/strong><br \/>\nPolyrhachis dives procede de Asia y Australia y tiene un \u00e1rea de distribuci\u00f3n ligeramente mayor. Lo caracter\u00edstico de esta especie es la coloraci\u00f3n entre plateada y dorada de su cuerpo, que por lo dem\u00e1s es pardo negruzco. Son algo m\u00e1s peque\u00f1as que las Oecophylla, suelen vivir cerca del suelo y les gusta construir sus nidos en piedras o cortezas de \u00e1rboles. Utilizan sus larvas para hilar el nido, pero desde un punto de vista cient\u00edfico no pertenecen a las \"verdaderas hormigas tejedoras\" como Oecophylla, aunque b\u00e1sicamente utilizan casi la misma t\u00e9cnica de tejido. Las especies del g\u00e9nero Polyrhachis tienen a veces colonias bastante peque\u00f1as, de unos pocos miles de animales como m\u00e1ximo. Seg\u00fan los informes, las Polyrhachis dives pueden incluso formar colonias con varios cientos de reinas y hasta varios cientos de miles de obreras en las condiciones perfectas. Sin embargo, este no ser\u00e1 el caso cuando se mantengan en casa.<\/p>\n<p>Polyrhachis dives es polig\u00ednica, lo que significa que puede tener varias reinas al mismo tiempo. Esto significa que el tama\u00f1o de la colonia puede crecer muy r\u00e1pidamente y necesita mucha comida y espacio. Por lo tanto, el formicario tambi\u00e9n debe ser ampliable. Debido al tama\u00f1o de su colonia, son bastante \u00e1giles y verdaderas especialistas en escaparse. Por lo tanto, hay que tener cuidado para garantizar una buena protecci\u00f3n contra las fugas.<\/p>\n<p><strong>Nido para Polyrhachis dives<\/strong><br \/>\nEn el formicario, las Polyrhachis dives aceptan casi cualquier material de construcci\u00f3n que se les ofrezca. Desde arena, peque\u00f1os excrementos de animales u hojas hasta corcho y trozos de madera o peque\u00f1as piedras, entretejen en sus nidos todo lo que les proporciona la naturaleza que rodea su hogar. Llevamos muchos a\u00f1os manteniendo nuestras colonias de Polyrhachis con las llamadas bolas nido. En este set hemos incluido tambi\u00e9n un arbusto ornamental para que la bola nido pueda colocarse un poco por encima del suelo, como es habitual en la naturaleza.<\/p>\n<p><strong>Alimento para las inmersiones de Polyrhachis<\/strong><br \/>\nComo alimento hemos incluido en este set nuestros grillos enteros escaldados y melaza. Ambos son muy bien aceptados por las inmersiones Polyrhachis y apoyan un desarrollo natural y positivo de la colonia debido a los nutrientes contenidos.<\/p>\n<p><strong>Las condiciones clim\u00e1ticas \u00f3ptimas para las inmersiones de Polyrhachis son las siguientes:<\/strong><br \/>\nLa humedad:<br \/>\nArena: 50 - 70% \u00c1rea del nido: 60 - 80%<br \/>\nLa temperatura:<br \/>\nArena: Durante el d\u00eda: 28 - 30\u00b0C Durante la noche: 24 - 28\u00b0C Zona del nido: 28- 30\u00b0C<\/p>\n<p><strong>Contenido:<\/strong><\/p>\n<p>1x Polyrhachis dives (2 queens + 26-50 workers + brood)<br \/>\n1x bola nido natural 10 cm - gruesa<br \/>\n1x ANTCUBE plataforma de esquina 8\u00d78 - im\u00e1n<br \/>\n1x Arbusto decorativo del desierto 30x15cm - marr\u00f3n oscuro<br \/>\n1x envase de recarga de 10 ml de mezcla de mel\u00f3n dulce<br \/>\n1x Mermelada de Grillo 25g<br \/>\n1x Base de formicario 20\u00d720<\/p>\n<p>1x ANTCUBO - Arena 20x20x40 - Alto<br \/>\n1x marco de hormigueros 20\u00d720<br \/>\n1x cubierta de hormigueros 20\u00d720<br \/>\n4x puntos de fijaci\u00f3n para la cubierta de la arena<\/p>\n<p>1x sustrato - selva tropical - 1 kg<br \/>\n1x fotomural - selva tropical - 20\u00d740 - alto<br \/>\nPulverizador de botella de 0,5 litros - boquilla de lat\u00f3n<\/p>\n<p>2x Grid insert acrylic &#8211; 50 mm with sealing ring<br \/>\n2x Grid insert acrylic &#8211; 27 mm with sealing ring<\/p>\n<p>1x pinzas de acero para muelles anchas - suaves<br \/>\n1x pinzas de pl\u00e1stico est\u00e1ndar<br \/>\n1x Pipeta de pl\u00e1stico de 3ml<br \/>\n1x Aceite Protector Contra Focos de Hormigas 10ml<br \/>\n1x drinking clear 5ml &#8211; sponge<br \/>\n1x Feeding dish white rectangle &#8211; 3 compartments<br \/>\n1x Drinking trough 2ml &#8211; 360 Degrees<br \/>\n1x Lupa de mano - 2x - 30mm<br \/>\n1x limpiador de espuma 150x18x2,5mm<\/p>\n<p>&nbsp;<\/p>\n<p><strong>Descripci\u00f3n Set de inicio hormigas tejedoras:<\/strong><br \/>\nEste set de iniciaci\u00f3n ampliable para varias especies de hormigas tejedoras como Polyrhachis spec. u Oecophylla spec. incluye no s\u00f3lo el formicario \u00f3ptimamente adaptado sino tambi\u00e9n los accesorios apropiados para mantener esta especie de hormiga. Adecuado para colonias de hasta aprox. 500-1000 animales. Para colonias m\u00e1s grandes recomendamos un formicario de 30x30x60cm. El bebedero \"transparente 20ml - esponja\" est\u00e1 pensado para el agua, el bebedero \"2ml - 360 grados\" para la mezcla de melaza.<\/p>\n<p><strong>Es importante:<\/strong> Humedezca el sustrato antes de utilizarlo para que la mezcla pueda aglutinarse y fijarse firmemente en el hormiguero. Adem\u00e1s, un sustrato seco y polvoriento puede provocar la obstrucci\u00f3n de las v\u00edas respiratorias de las hormigas y, en el peor de los casos, la asfixia de los animales.<\/p>\n<p><strong>Notas sobre la producci\u00f3n<\/strong><br \/>\nEl cristal se corta a medida seg\u00fan la norma DIN 1249 con una tolerancia de +\/- 1 mm. Para las especies de hormigas extremadamente peque\u00f1as es imprescindible una protecci\u00f3n adicional contra la rotura.<\/p>\n<p><strong>Nota sobre los grillos escaldados:<\/strong><br \/>\nNuestros grillos escaldados son una forma f\u00e1cil de proporcionar a sus hormigas alimento proteico reci\u00e9n conservado sin tener que alimentarlas con insectos vivos. Los grillos contenidos (Acheta domesticus) se han escaldado suavemente para garantizar que se conserven los valores nutricionales, el sabor y el aroma. Adem\u00e1s, el caparaz\u00f3n quitinoso de los insectos se ablanda de este modo para que pueda digerirse m\u00e1s f\u00e1cilmente. Los enlaces de las prote\u00ednas de col\u00e1geno se rompen para que las hormigas puedan utilizarlas mejor. El Acheta domesticus en conserva tiene el mismo valor nutritivo que los grillos vivos, pero es m\u00e1s f\u00e1cil de digerir.<\/p>\n<p>Los grillos escaldados no son adecuados para cazar especies de hormigas que requieren alimento vivo (por ejemplo, las ponerinas (hormigas grandes) como Harpegnathos u Odontomachus).<\/p>\n<p>M\u00e1s ventajas:<br \/>\nGarant\u00eda de ausencia de \u00e1caros<br \/>\nSe puede porcionar<br \/>\nEsterilizado y aspirado<br \/>\nSin aditivos<br \/>\nGrillos procedentes de cr\u00eda sostenible puramente ecol\u00f3gica, alimentados con residuos org\u00e1nicos<\/p>\n<p><strong>Tenga en cuenta lo siguiente:<\/strong><br \/>\nPuede conservarse en el frigor\u00edfico unos cuatro d\u00edas despu\u00e9s de abierto. Se conserva m\u00e1s tiempo si se congela.<\/p>\n<p><strong>Nota sobre el melazo:<\/strong><br \/>\nContenido: 10 ml<br \/>\nSe trata de un producto natural, que hemos refinado tras exhaustivas pruebas en nuestro laboratorio y convertido en un alimento muy bien aceptado por las hormigas. La raz\u00f3n es que la miel de mielada sin procesar en su forma original concentrada no es bien aceptada por las hormigas y su metabolismo.<br \/>\nNuestro melazo se recolecta en los impolutos bosques de monta\u00f1a de Bulgaria. El melazo s\u00f3lo se produce durante un tiempo muy limitado, unos dos meses en verano. Por lo tanto, es muy escaso. Debido a las caracter\u00edsticas espec\u00edficas del suelo de los bosques y al clima, en las hojas de los \u00e1rboles se almacenan nutrientes esenciales que son absorbidos por los pulgones. Esto es lo que hace que esta mezcla de mielada sea tan apetecible para las hormigas.<\/p>\n<p><strong>Aplicaci\u00f3n:<\/strong><br \/>\nLa cantidad de comida debe consumirse en unos 3 d\u00edas.<\/p>\n<p><strong>Descripci\u00f3n:<\/strong><br \/>\nEl melazo, a diferencia de la miel de flores, se obtiene de las secreciones de insectos que chupan las plantas, como los pulgones. El melazo es una fuente de alimento popular para muchos insectos, como hormigas, abejas y abejorros. Las abejas y los abejorros lo lamen de las hojas o agujas de diversos \u00e1rboles. Las hormigas, como Lasius niger, se quedan literalmente con los pulgones. Incluso los defienden de los depredadores y los transportan a los brotes frescos.<\/p>\n<p>El melazo es especialmente popular entre las hormigas por sus componentes algo diferentes. Los principales az\u00facares del melazo son la sacarosa y la fructosa, pero tambi\u00e9n se encuentran peque\u00f1as cantidades de maltosa, trehalosa, melezitosa, rafinosa y otros oligosac\u00e1ridos. Adem\u00e1s de az\u00facar y agua, el melazo tambi\u00e9n contiene amino\u00e1cidos esenciales, minerales, oligoelementos, adenosinas, fosfatos y otros ingredientes como vitaminas.<\/p>\n<p><strong>Utilizar:<\/strong><br \/>\nPara las especies de hormigas mel\u00edferas (Meliphagidae)<br \/>\nSe trata de una alimentaci\u00f3n complementaria<br \/>\nPuede ofrecerse a los animales tal como se suministra. Como la concentraci\u00f3n de az\u00facar se reduce por la humedad y comienza un proceso de fermentaci\u00f3n, el alimento debe sustituirse cada 3 d\u00edas. Limpie bien el comedero\/tubo antes de reutilizarlo.<br \/>\nUna vez abierto el envase, debe mantenerse bien cerrado hasta la fecha de caducidad.<br \/>\nInformaci\u00f3n nutricional por 100 g:<br \/>\naprox. 2,7 % grasas<br \/>\nde los cuales saturados aprox. 0,45 %<br \/>\naprox. 95 % hidratos de carbono<br \/>\nde los cuales az\u00facar aprox. 71<br \/>\naprox. 2,85% de prote\u00edna<\/p>\n<p>Minerales (potasio, calcio, cobre, hierro, sodio, magnesio, f\u00f3sforo, zinc y otros oligoelementos) Amino\u00e1cidos (prolina, leucina, fenilalanina, alanina, histidina, isoleucina, \u00e1cido glut\u00e1mico, arginina, \u00e1cido asp\u00e1rtico, etc.) \u00c1cidos org\u00e1nicos Enzimas (fermentos)Aromas Inhibinas (sustancias antibacterianas) Flores Polen<\/p>\n<p><strong>Almacenamiento:<\/strong><br \/>\nPara garantizar la calidad del pienso, debe almacenarse en un lugar oscuro y seco.<\/p>\n<p><strong>Nota:<\/strong><br \/>\nAqu\u00ed encontrar\u00e1 informaci\u00f3n sobre el uso de tubos de alimentaci\u00f3n: Enlace<br \/>\nAlimento complementario para hormigas mel\u00edferas.<br \/>\nConsulte en el prospecto la composici\u00f3n, los ingredientes anal\u00edticos, la fecha de caducidad y el n\u00famero de lote.<\/p>\n<p>L\u00ednea directa de informaci\u00f3n +49 30 439703870<\/p>\n<p>Responsable de la inspecci\u00f3n veterinaria y alimentaria:<br \/>\nOficina veterinaria de Steglitz<br \/>\nK\u00f6nigin-Luise-Str. 92<br \/>\n14195 Berl\u00edn<\/p>\n<p><strong>Descripci\u00f3n Arbusto ornamental<\/strong><\/p>\n<p>Tama\u00f1o \/ altura de 17 cm a 19 cm, di\u00e1metro ~ 10 cm -12 cm, ideal para arenas de 30x30x30 cm y superiores.<br \/>\nEl peso var\u00eda entre 50 y 80 gramos<\/p>\n<p>Art\u00edculo decorativo que consiste en un arbusto de madera secado de forma natural y una base de resina sint\u00e9tica (placa base).<br \/>\nEste arbusto ornamental se fabric\u00f3 a mano en Alemania y se caracteriza por su sostenibilidad.<\/p>\n<p><strong>ATENCI\u00d3N:<\/strong> No colocar en formicaria muy h\u00fameda (m\u00e1s de 60% de humedad). El arbusto podr\u00eda empezar a enmohecerse. Con muy buena ventilaci\u00f3n, el arbusto tambi\u00e9n puede colocarse en formicaria m\u00e1s h\u00fameda.<\/p>\n<p>Algunos arbustos ornamentales no se sostienen por s\u00ed solos en el formicario debido a su altura. En este caso, ayuda cubrir un poco la base con sustrato o colocarlo cerca de los cristales exteriores.<\/p>\n<p><span data-text-color=\"alert\"><strong>NOTA IMPORTANTE SOBRE EL ART\u00cdCULO:<\/strong><\/span><br \/>\nAl tratarse de un producto natural \/ art\u00edculo \u00fanico, las ilustraciones que aparecen aqu\u00ed no son completamente id\u00e9nticas al art\u00edculo que usted recibe. Puede haber desviaciones en el tama\u00f1o, la forma y el color del mini \u00e1rbol y de la placa base de pizarra de cantera. S\u00f3lo garantizamos la altura m\u00e1xima del art\u00edculo.<\/p>\n<p>Al realizar el pedido de este art\u00edculo, usted acepta y consiente las posibles desviaciones mencionadas del producto en tama\u00f1o, forma y color en el momento de la compra.<\/p>","protected":false},"excerpt":{"rendered":"<p>El juego consta de 31 piezas.<br \/>\nTama\u00f1o: <strong>XL<\/strong><\/p>","protected":false},"featured_media":7116,"comment_status":"open","ping_status":"closed","template":"","meta":{"_acf_changed":false,"content-type":"","_monsterinsights_skip_tracking":false,"_monsterinsights_sitenote_active":false,"_monsterinsights_sitenote_note":"","_monsterinsights_sitenote_category":0},"product_brand":[],"product_cat":[355,354,73],"product_tag":[],"class_list":{"0":"post-6377","1":"product","2":"type-product","3":"status-publish","4":"has-post-thumbnail","6":"product_cat-bundle-offers","7":"product_cat-starter-sets-for-weaver-ants","8":"product_cat-starter-sets","10":"first","11":"instock","12":"taxable","13":"shipping-taxable","14":"purchasable","15":"product-type-simple"},"acf":[],"aioseo_notices":[],"jetpack_sharing_enabled":true,"_links":{"self":[{"href":"https:\/\/antcube.shop\/es\/wp-json\/wp\/v2\/product\/6377","targetHints":{"allow":["GET"]}}],"collection":[{"href":"https:\/\/antcube.shop\/es\/wp-json\/wp\/v2\/product"}],"about":[{"href":"https:\/\/antcube.shop\/es\/wp-json\/wp\/v2\/types\/product"}],"replies":[{"embeddable":true,"href":"https:\/\/antcube.shop\/es\/wp-json\/wp\/v2\/comments?post=6377"}],"wp:featuredmedia":[{"embeddable":true,"href":"https:\/\/antcube.shop\/es\/wp-json\/wp\/v2\/media\/7116"}],"wp:attachment":[{"href":"https:\/\/antcube.shop\/es\/wp-json\/wp\/v2\/media?parent=6377"}],"wp:term":[{"taxonomy":"product_brand","embeddable":true,"href":"https:\/\/antcube.shop\/es\/wp-json\/wp\/v2\/product_brand?post=6377"},{"taxonomy":"product_cat","embeddable":true,"href":"https:\/\/antcube.shop\/es\/wp-json\/wp\/v2\/product_cat?post=6377"},{"taxonomy":"product_tag","embeddable":true,"href":"https:\/\/antcube.shop\/es\/wp-json\/wp\/v2\/product_tag?post=6377"}],"curies":[{"name":"wp","href":"https:\/\/api.w.org\/{rel}","templated":true}]}}