{"id":5935,"date":"2023-06-24T12:30:33","date_gmt":"2023-06-24T10:30:33","guid":{"rendered":"https:\/\/antcube.shop\/product\/bundle-offer-messor-angularis\/"},"modified":"2025-10-19T06:01:04","modified_gmt":"2025-10-19T04:01:04","slug":"paquete-oferta-messor-angularis","status":"publish","type":"product","link":"https:\/\/antcube.shop\/es\/producto\/paquete-oferta-messor-angularis\/","title":{"rendered":"Oferta Bundle - Messor arenarius"},"content":{"rendered":"<div class=\"tab-body active\">\n<p><span data-text-color=\"secondary\"><strong>Oferta de paquete que incluye una colonia de hormigas Messor arenarius (reina + 5-10 obreras + cr\u00eda), un set de iniciaci\u00f3n para hormigas cosechadoras L Popcorn con 3x almohadillas de formicario y un tarro de nuestros grillos escaldados especiales (prote\u00edna h\u00fameda).<\/strong><\/span><\/p>\n<p><span data-text-color=\"alert\"><strong>S\u00f3lo hasta fin de existencias.<\/strong><\/span><\/p>\n<p><strong>Todo lo que necesita para mantener con \u00e9xito Messor arenarius<\/strong><br \/>\nEste paquete contiene todo lo necesario para mantener con \u00e9xito una colonia de Messor arenarius durante los primeros meses. Se puede ampliar de forma flexible y es ideal para iniciarse en la cr\u00eda de hormigas.<\/p>\n<p><strong>La especie de hormiga: Messor arenarius<\/strong><br \/>\nMessor arenarius, tambi\u00e9n conocida como \"hormiga cosechadora de dunas\", es una especie de hormiga gran\u00edvora muy grande en comparaci\u00f3n con otras especies de Messor y se encuentra principalmente en regiones secas y c\u00e1lidas del norte de \u00c1frica. Sus principales obreras pueden alcanzar el asombroso tama\u00f1o de 18 mm. Es conocida por su adaptabilidad a h\u00e1bitats secos y pertenece a las llamadas hormigas cosechadoras, conocidas por su interesante modo de vida y sus impresionantes estructuras de nidos.<\/p>\n<p>Visualmente, Messor arenarius destaca por su cuerpo negro brillante y sus poderosas hormigas obreras mayores, que son particularmente impresionantes. Debido a su naturaleza robusta y a sus sencillos requisitos de mantenimiento, es una especie ideal para principiantes, pero debido a su impresionante tama\u00f1o tambi\u00e9n es interesante para los hormigueros avanzados.<\/p>\n<p><strong>Alimentos para Messor arenarius<\/strong><br \/>\nMessor arenarius se alimenta principalmente de granos, con los que elabora el llamado \"pan de hormiga\". Adem\u00e1s, la colonia tambi\u00e9n acepta frutas dulces, peque\u00f1os insectos y alimentos prote\u00ednicos. La mayor parte de sus necesidades de humedad las cubren los granos, mientras que el resto lo cubren los insectos y cualquier l\u00edquido que se les ofrezca, como el agua miel.<\/p>\n<p><strong>En el formicario debe suministrarse la siguiente alimentaci\u00f3n:<\/strong><br \/>\nMezclas de cereales<br \/>\nPeque\u00f1os insectos (por ejemplo, moscas de la fruta)<br \/>\nProporcione siempre agua fresca<br \/>\nAgua con miel si es necesario (nota: cubra siempre los l\u00edquidos abiertos para evitar que las hormigas caigan en ellos).<\/p>\n<p><strong>El formicario adecuado para Messor arenarius<\/strong><br \/>\nComo todas las hormigas cosechadoras, Messor arenarius tambi\u00e9n necesita un nido que ofrezca zonas secas y ligeramente h\u00famedas. La zona h\u00fameda es para el cuidado de las cr\u00edas, mientras que la parte seca es ideal para almacenar granos y evitar la aparici\u00f3n de moho. Por lo tanto, nuestro set de iniciaci\u00f3n contiene dos hormigueros (nidos), que son suficientes para los primeros 1-2 a\u00f1os. Despu\u00e9s, el formicario debe ampliarse para crear espacio para el crecimiento de la colonia.<\/p>\n<p><strong>Las condiciones clim\u00e1ticas \u00f3ptimas para Messor arenarius:<\/strong><br \/>\n<strong>La humedad:<\/strong><br \/>\nArena: 30-50 %<br \/>\n\u00c1rea del nido: 50-70 %<\/p>\n<p><strong>La temperatura:<\/strong><br \/>\nArena: 25-30 \u00b0C<br \/>\nZona de nidificaci\u00f3n: 22-28 \u00b0C<\/p>\n<p><strong>Material de nidificaci\u00f3n para Messor arenarius<\/strong><br \/>\nDigfix es especialmente adecuado para el mantenimiento de Messor arenarius. Es resistente a la humedad y permite una visi\u00f3n clara de las estructuras del nido sin que ning\u00fan residuo de sustrato impida la visi\u00f3n, como ocurre con las mezclas de arena y arcilla.<\/p>\n<p>Como las obreras mayores tambi\u00e9n pueden mordisquear materiales m\u00e1s duros como el Ytong con el tiempo, recomendamos nidos de cristal con un inserto Digfix. Esta combinaci\u00f3n no solo ofrece longevidad, sino tambi\u00e9n unas condiciones \u00f3ptimas para observar y cuidar la colonia.<\/p>\n<p>Con esta configuraci\u00f3n, crear\u00e1 una base ideal para mantener Messor arenarius y podr\u00e1 observar y cuidar a estas fascinantes hormigas durante muchos a\u00f1os.<\/p>\n<p><strong>Contenido:<\/strong><br \/>\n1x Messor arenarius (reina + 1-4 obreras + cr\u00eda)<br \/>\n1x grillo escaldado 10g<br \/>\n1x alimento en grano menor 100g<br \/>\n1x almohadilla formicarium - 20x20cm<br \/>\n2x almohadilla formicarium - 20x6cm<\/p>\n<p>1x ANTCUBO - arena 20x20x10 - plano<br \/>\n1x marco de hormigueros 20\u00d720<br \/>\n1x cubierta de hormigueros 20\u00d720<br \/>\n1x puntos de fijaci\u00f3n para cubierta de arena 4pcs.<br \/>\n1x ANTCUBO - Hormiguero - L - 20\u00d720 - vertical<\/p>\n<p>2x ANTCUBO - Digfix Terra nidum 20\u00d720 - L - beige<br \/>\n1x Nido de palomitas 20\u00d720 - L<br \/>\n1x 1m tubo transparente 20\/16 mm<br \/>\n2x ANTCUBE - L\u00e1mina roja 20\u00d720 - filtro<br \/>\n2x clips adhesivos - transparente 2 uds.<br \/>\n1x sustrato - desierto - 1 kg<\/p>\n<p>2x rejilla - 50mm - acero inoxidable<br \/>\n1x rejilla - 27mm - acero inoxidable<br \/>\n1x tapa de rejilla - 16mm - acero inoxidable<\/p>\n<p>1x conector de manguera de dep\u00f3sito 27-14,16,20 mm - transparente<br \/>\n1x dispensador de pienso 2ml - dosificable<br \/>\n1x bebedero transparente 20ml - esponja<br \/>\n1x bol transparente 1\u00d720 - esponja<br \/>\n1x Mini termohigr\u00f3metro anal\u00f3gico - pantalla - colgante<br \/>\n1x Aceite de protecci\u00f3n contra las hormigas 10ml<br \/>\n1x Pinzas de acero para muelles - anchas - suaves<br \/>\n1x Pinzas de pl\u00e1stico transparente<br \/>\n1x pipeta de pl\u00e1stico de 3ml<br \/>\n1x lupa de mano - 2x - 30mm<br \/>\n1x limpiador de espuma 150x18x2,5mm<br \/>\n1x reverso de foto - desierto - 20\u00d710<\/p>\n<p><strong>Descripci\u00f3n Set de iniciaci\u00f3n:<\/strong><br \/>\nEste set de iniciaci\u00f3n es especialmente adecuado para las especies de hormigas recolectoras de granos de los g\u00e9neros Messor o Pogonomyrmex. La granja con el plato de palomitas est\u00e1 destinada a almacenar las semillas y el pan de hormiga, por lo que debe permanecer completamente seca para evitar que las semillas\/granos almacenados all\u00ed por las hormigas germinen o se enmohezcan.<br \/>\nLa segunda granja con la placa \"Terra nidum\" est\u00e1 pensada como zona de nidificaci\u00f3n y cr\u00eda para la colonia de hormigas. Esta debe mantenerse siempre ligeramente h\u00fameda.<br \/>\nPara darle m\u00e1s flexibilidad a la hora de montar su formicario, hemos incluido una segunda placa \"Terra nidum\" que puede utilizar en lugar del nido de palomitas.<\/p>\n<p><strong>Descripci\u00f3n de la placa Terra nidum:<\/strong> La placa Terra nidum (nido de tierra en lat\u00edn) de material excavable encaja perfectamente en nuestras granjas de hormigas ANTCUBE. Se puede utilizar tanto en seco como en h\u00famedo. Tambi\u00e9n es adecuado para muchas especies de hormigas, especialmente para las especies que anidan en arena y madera (muerta). Se puede utilizar en lugar de las mezclas de arena y arcilla o de los nidos de corcho. La ventaja de este nido es que la humectaci\u00f3n de la placa es m\u00e1s f\u00e1cil de controlar debido a una decoloraci\u00f3n claramente visible y el colorido de la placa ofrece un supercontraste con las especies de hormigas normalmente m\u00e1s oscuras. Adem\u00e1s, los cristales interiores del hormiguero no pueden ensuciarse con sustrato, como ocurre con las mezclas de arena y arcilla, por ejemplo, lo que permite una visi\u00f3n perfecta del nido. Nuestro material para nidos tambi\u00e9n tiene una estructura mucho m\u00e1s firme, de modo que los t\u00faneles y c\u00e1maras excavados por las hormigas no se derrumban.<\/p>\n<p><strong>Descripci\u00f3n del nido de palomitas:<\/strong> Este nido de palomitas de ma\u00edz con pasadizos y c\u00e1maras prefabricados es perfectamente adecuado como granero para las hormigas Messor, por ejemplo, pero tambi\u00e9n para otras especies de hormigas recolectoras de grano. Dispone de un orificio para acceder al nido. El nido de palomitas de ma\u00edz absorbe la humedad y puede expandirse como resultado, por lo que siempre debe mantenerse seco. Messor barbarus acepta muy bien nuestro nido de palomitas ANTCUBE como granero. Con el tiempo, las hormigas empiezan a expandir el nido de palomitas de ma\u00edz y a comerse todo el material del nido. Huele a miel caramelizada y por ello resulta muy atractivo.<\/p>\n<p>El nido de palomitas s\u00f3lo debe utilizarse para especies de hormigas que requieran muy poca o ninguna humedad en la zona del nido.<\/p>\n<p><strong>Es importante:<\/strong> Humedezca el sustrato antes de utilizarlo para que la mezcla pueda aglutinarse y fijarse firmemente en el hormiguero. Adem\u00e1s, un sustrato seco y polvoriento puede provocar la obstrucci\u00f3n de las v\u00edas respiratorias de las hormigas y, en el peor de los casos, la asfixia de los animales.<\/p>\n<p><strong>Recomendaci\u00f3n:<\/strong> Recomendamos una capa de sustrato de 2 mm de altura, para que los animales no puedan escarbar en la arena y, en cambio, utilicen la granja proporcionada para este fin. Tambi\u00e9n recomendamos que el material de anidaci\u00f3n de la granja (arena\/arcilla, Digfix, etc.) est\u00e9 ligeramente pinchado en un lugar para facilitar la excavaci\u00f3n a los animales.<\/p>\n<p><strong>Notas sobre la producci\u00f3n<\/strong><br \/>\nEl vidrio se corta seg\u00fan la norma DIN 1249 con una tolerancia de +\/;- 1mm. En el caso de especies de hormigas extremadamente peque\u00f1as, es imprescindible una protecci\u00f3n adicional contra el escape de hormigas.<\/p>\n<p><strong>Notas sobre la granja<\/strong><br \/>\nAl colocar o retirar las mangueras, tenga en cuenta lo siguiente:<br \/>\nSi resulta muy dif\u00edcil encajar el tubo en la toma de conexi\u00f3n, se debe frotar ligeramente la toma con una gota de nuestro aceite o polvo antiexplosiones. A continuaci\u00f3n, la manguera debe introducirse en la toma con movimientos de torsi\u00f3n o enroscado sin forzar la toma con movimientos hacia arriba y hacia abajo. Lo mismo se aplica al retirar las mangueras de la toma de conexi\u00f3n de la granja. No tire sin m\u00e1s.<\/p>\n<p><strong>Nota sobre el Terra nidum:<\/strong> El color natural puede variar entre beige \/ arena y marr\u00f3n claro. El color no influye en la calidad.<br \/>\nDebido al proceso de producci\u00f3n, las dimensiones pueden variar en +\/- 1 mm.<\/p>\n<p><strong>Nota sobre los grillos escaldados:<\/strong><br \/>\nNuestros grillos escaldados son una forma f\u00e1cil de proporcionar a sus hormigas alimento proteico reci\u00e9n conservado sin tener que alimentarlas con insectos vivos. Los grillos contenidos (Acheta domesticus) se han escaldado suavemente para garantizar que se conserven los valores nutricionales, el sabor y el aroma. Adem\u00e1s, el caparaz\u00f3n quitinoso de los insectos se ablanda de este modo para que pueda digerirse m\u00e1s f\u00e1cilmente. Los enlaces de las prote\u00ednas de col\u00e1geno se rompen para que las hormigas puedan utilizarlas mejor. El Acheta domesticus en conserva tiene el mismo valor nutritivo que los grillos vivos, pero es m\u00e1s f\u00e1cil de digerir.<\/p>\n<p>Los grillos escaldados no son adecuados para cazar especies de hormigas que requieren alimento vivo (por ejemplo, las ponerinas (hormigas grandes) como Harpegnathos u Odontomachus).<\/p>\n<p><strong>M\u00e1s ventajas:<\/strong><br \/>\nGarant\u00eda de ausencia de \u00e1caros<br \/>\nSe puede porcionar<br \/>\nEsterilizado y aspirado<br \/>\nSin aditivos<br \/>\nGrillos procedentes de cr\u00eda sostenible puramente ecol\u00f3gica, alimentados con residuos org\u00e1nicos<\/p>\n<p><strong>Tenga en cuenta lo siguiente:<\/strong><br \/>\nPuede conservarse en el frigor\u00edfico unos cuatro d\u00edas despu\u00e9s de abierto. Se conserva m\u00e1s tiempo si se congela.<\/p>\n<\/div>","protected":false},"excerpt":{"rendered":"<p>Oferta de paquete que incluye una colonia de hormigas Messor arenarius (reina + 5-10 obreras + cr\u00eda), un set de iniciaci\u00f3n para hormigas cosechadoras L Popcorn con 3x almohadillas de formicario y un tarro de nuestros grillos escaldados especiales (prote\u00edna h\u00fameda). S\u00f3lo hasta fin de existencias. Todo lo que necesita para mantener con \u00e9xito Messor arenarius Este paquete contiene todo lo que necesita para","protected":false},"featured_media":10873,"comment_status":"open","ping_status":"closed","template":"","meta":{"_acf_changed":false,"content-type":"","_monsterinsights_skip_tracking":false,"_monsterinsights_sitenote_active":false,"_monsterinsights_sitenote_note":"","_monsterinsights_sitenote_category":0},"product_brand":[],"product_cat":[355,344,353,73],"product_tag":[],"class_list":{"0":"post-5935","1":"product","2":"type-product","3":"status-publish","4":"has-post-thumbnail","6":"product_cat-bundle-offers","7":"product_cat-popcorn","8":"product_cat-starter-sets-for-harvester-ants","9":"product_cat-starter-sets","11":"first","12":"outofstock","13":"taxable","14":"shipping-taxable","15":"purchasable","16":"product-type-simple"},"acf":[],"aioseo_notices":[],"jetpack_sharing_enabled":true,"_links":{"self":[{"href":"https:\/\/antcube.shop\/es\/wp-json\/wp\/v2\/product\/5935","targetHints":{"allow":["GET"]}}],"collection":[{"href":"https:\/\/antcube.shop\/es\/wp-json\/wp\/v2\/product"}],"about":[{"href":"https:\/\/antcube.shop\/es\/wp-json\/wp\/v2\/types\/product"}],"replies":[{"embeddable":true,"href":"https:\/\/antcube.shop\/es\/wp-json\/wp\/v2\/comments?post=5935"}],"wp:featuredmedia":[{"embeddable":true,"href":"https:\/\/antcube.shop\/es\/wp-json\/wp\/v2\/media\/10873"}],"wp:attachment":[{"href":"https:\/\/antcube.shop\/es\/wp-json\/wp\/v2\/media?parent=5935"}],"wp:term":[{"taxonomy":"product_brand","embeddable":true,"href":"https:\/\/antcube.shop\/es\/wp-json\/wp\/v2\/product_brand?post=5935"},{"taxonomy":"product_cat","embeddable":true,"href":"https:\/\/antcube.shop\/es\/wp-json\/wp\/v2\/product_cat?post=5935"},{"taxonomy":"product_tag","embeddable":true,"href":"https:\/\/antcube.shop\/es\/wp-json\/wp\/v2\/product_tag?post=5935"}],"curies":[{"name":"wp","href":"https:\/\/api.w.org\/{rel}","templated":true}]}}