{"id":5934,"date":"2023-06-24T12:30:09","date_gmt":"2023-06-24T10:30:09","guid":{"rendered":"https:\/\/antcube.shop\/product\/antcube-terra-nidum-20x20-l-beige\/"},"modified":"2026-04-04T16:23:10","modified_gmt":"2026-04-04T14:23:10","slug":"antcube-terra-nidum-20x20-l-beige","status":"publish","type":"product","link":"https:\/\/antcube.shop\/es\/producto\/antcube-terra-nidum-20x20-l-beige\/","title":{"rendered":"ANTCUBE - Digfix Terra nidum 20\u00d720 - L - beige"},"content":{"rendered":"<p><strong>Dimensiones:<\/strong> 183x160x20 mm<\/p>\n<p><strong>Material:<\/strong> material digerible a base de resina.<\/p>\n<p><strong>Descripci\u00f3n:<\/strong> La placa Terra nidum (lat. nido de tierra) de material excavable se adapta perfectamente a nuestras granjas de hormigas ANTCUBE. Se puede utilizar tanto en seco como en h\u00famedo. Tambi\u00e9n es adecuada para muchas especies de hormigas, especialmente las que anidan en arena y en madera (muerta). Puede utilizarse en lugar de las mezclas de arena y barro o de los nidos de corcho. La ventaja de este nido es que la humectaci\u00f3n de la placa es m\u00e1s f\u00e1cil de controlar debido a una decoloraci\u00f3n bien visible y el color de la placa ofrece un gran contraste con las especies de hormigas que suelen ser de colores m\u00e1s oscuros. Adem\u00e1s, los cristales interiores del hormiguero no pueden ensuciarse con sustrato, como ocurre, por ejemplo, con las mezclas de arena y arcilla, lo que permite una visi\u00f3n perfecta del nido. Nuestro material para nidos tambi\u00e9n tiene una estructura mucho m\u00e1s firme, de modo que los pasadizos y c\u00e1maras excavados por las hormigas no se derrumban.<\/p>\n<p><strong>Nota:<\/strong> El tono de color natural puede variar entre beige \/ arena y marr\u00f3n claro. El tono de color no afecta a la calidad.<br \/>\nDebido a la fabricaci\u00f3n, las dimensiones pueden variar en +\/- 1 mm.<\/p>","protected":false},"excerpt":{"rendered":"<p>Tama\u00f1o: <strong>L<\/strong><\/p>","protected":false},"featured_media":5928,"comment_status":"open","ping_status":"closed","template":"","meta":{"_acf_changed":false,"content-type":"","_monsterinsights_skip_tracking":false,"_monsterinsights_sitenote_active":false,"_monsterinsights_sitenote_note":"","_monsterinsights_sitenote_category":0},"product_brand":[],"product_cat":[257,87,88],"product_tag":[],"class_list":{"0":"post-5934","1":"product","2":"type-product","3":"status-publish","4":"has-post-thumbnail","6":"product_cat-new-innovatve-products","7":"product_cat-nest-insets","8":"product_cat-digfix","10":"first","11":"instock","12":"taxable","13":"shipping-taxable","14":"purchasable","15":"product-type-simple"},"acf":[],"aioseo_notices":[],"jetpack_sharing_enabled":true,"_links":{"self":[{"href":"https:\/\/antcube.shop\/es\/wp-json\/wp\/v2\/product\/5934","targetHints":{"allow":["GET"]}}],"collection":[{"href":"https:\/\/antcube.shop\/es\/wp-json\/wp\/v2\/product"}],"about":[{"href":"https:\/\/antcube.shop\/es\/wp-json\/wp\/v2\/types\/product"}],"replies":[{"embeddable":true,"href":"https:\/\/antcube.shop\/es\/wp-json\/wp\/v2\/comments?post=5934"}],"wp:featuredmedia":[{"embeddable":true,"href":"https:\/\/antcube.shop\/es\/wp-json\/wp\/v2\/media\/5928"}],"wp:attachment":[{"href":"https:\/\/antcube.shop\/es\/wp-json\/wp\/v2\/media?parent=5934"}],"wp:term":[{"taxonomy":"product_brand","embeddable":true,"href":"https:\/\/antcube.shop\/es\/wp-json\/wp\/v2\/product_brand?post=5934"},{"taxonomy":"product_cat","embeddable":true,"href":"https:\/\/antcube.shop\/es\/wp-json\/wp\/v2\/product_cat?post=5934"},{"taxonomy":"product_tag","embeddable":true,"href":"https:\/\/antcube.shop\/es\/wp-json\/wp\/v2\/product_tag?post=5934"}],"curies":[{"name":"wp","href":"https:\/\/api.w.org\/{rel}","templated":true}]}}