{"id":5475,"date":"2023-02-10T13:18:16","date_gmt":"2023-02-10T12:18:16","guid":{"rendered":"https:\/\/antcube.shop\/produkt\/popcorn-nest-20x20-l\/"},"modified":"2026-03-09T17:50:04","modified_gmt":"2026-03-09T16:50:04","slug":"palomitas-nido-20x20-l","status":"publish","type":"product","link":"https:\/\/antcube.shop\/es\/producto\/palomitas-nido-20x20-l\/","title":{"rendered":"Nido de palomitas 20\u00d720 - L"},"content":{"rendered":"<p><strong>Dimensiones:<\/strong> 184 x 160 x 18 mm<\/p>\n<p><strong>Material:<\/strong> palomitas prensadas con sacarosa y prote\u00ednas<\/p>\n<p><strong>S\u00f3lo se ajusta<\/strong> en nuestras granjas de hormigas tama\u00f1o <strong>L<\/strong><\/p>\n<p><strong>Descripci\u00f3n:<\/strong> Este nido de palomitas con pasadizos y c\u00e1maras prefabricadas es perfecto como c\u00e1mara de grano para, por ejemplo, hormigas Messor, pero tambi\u00e9n para otras especies de hormigas recolectoras de grano. Tiene un agujero como acceso al nido. El nido de palomitas absorbe la humedad y puede expandirse como resultado, por lo que<strong> definitivamente debe mantenerse seco<\/strong>. Messor barbarus acepta muy bien nuestro nido de palomitas ANTCUBE como c\u00e1mara de granos. Con el tiempo, las hormigas comenzar\u00e1n a ampliar el nido de palomitas de ma\u00edz y comer su camino a trav\u00e9s del material de anidaci\u00f3n.<\/p>\n<p>El nido de palomitas s\u00f3lo debe utilizarse para especies de hormigas que requieran muy poca o ninguna humedad en la zona del nido.<\/p>","protected":false},"excerpt":{"rendered":"<p>Dimensiones: 184 x 160 x 18 mm Material: palomitas de ma\u00edz prensadas con sacarosa y prote\u00edna S\u00f3lo cabe en nuestros hormigueros de tama\u00f1o L Descripci\u00f3n: Este nido de palomitas de ma\u00edz con pasadizos y c\u00e1maras prefabricadas es perfecto como c\u00e1mara de grano para, por ejemplo, hormigas Messor, pero tambi\u00e9n para otras especies de hormigas recolectoras de grano. Tiene un agujero como nido","protected":false},"featured_media":5459,"comment_status":"open","ping_status":"closed","template":"","meta":{"_acf_changed":false,"content-type":"","_monsterinsights_skip_tracking":false,"_monsterinsights_sitenote_active":false,"_monsterinsights_sitenote_note":"","_monsterinsights_sitenote_category":0},"product_brand":[],"product_cat":[257,344,87],"product_tag":[],"class_list":{"0":"post-5475","1":"product","2":"type-product","3":"status-publish","4":"has-post-thumbnail","6":"product_cat-new-innovatve-products","7":"product_cat-popcorn","8":"product_cat-nest-insets","10":"first","11":"instock","12":"taxable","13":"shipping-taxable","14":"purchasable","15":"product-type-simple"},"acf":[],"aioseo_notices":[],"jetpack_sharing_enabled":true,"_links":{"self":[{"href":"https:\/\/antcube.shop\/es\/wp-json\/wp\/v2\/product\/5475","targetHints":{"allow":["GET"]}}],"collection":[{"href":"https:\/\/antcube.shop\/es\/wp-json\/wp\/v2\/product"}],"about":[{"href":"https:\/\/antcube.shop\/es\/wp-json\/wp\/v2\/types\/product"}],"replies":[{"embeddable":true,"href":"https:\/\/antcube.shop\/es\/wp-json\/wp\/v2\/comments?post=5475"}],"wp:featuredmedia":[{"embeddable":true,"href":"https:\/\/antcube.shop\/es\/wp-json\/wp\/v2\/media\/5459"}],"wp:attachment":[{"href":"https:\/\/antcube.shop\/es\/wp-json\/wp\/v2\/media?parent=5475"}],"wp:term":[{"taxonomy":"product_brand","embeddable":true,"href":"https:\/\/antcube.shop\/es\/wp-json\/wp\/v2\/product_brand?post=5475"},{"taxonomy":"product_cat","embeddable":true,"href":"https:\/\/antcube.shop\/es\/wp-json\/wp\/v2\/product_cat?post=5475"},{"taxonomy":"product_tag","embeddable":true,"href":"https:\/\/antcube.shop\/es\/wp-json\/wp\/v2\/product_tag?post=5475"}],"curies":[{"name":"wp","href":"https:\/\/api.w.org\/{rel}","templated":true}]}}