{"id":5380,"date":"2023-02-01T17:57:19","date_gmt":"2023-02-01T16:57:19","guid":{"rendered":"https:\/\/antcube.shop\/produkt\/bundle-offer-lasius-niger\/"},"modified":"2026-04-16T19:23:50","modified_gmt":"2026-04-16T17:23:50","slug":"paquete-oferta-lasius-niger","status":"publish","type":"product","link":"https:\/\/antcube.shop\/es\/producto\/paquete-oferta-lasius-niger\/","title":{"rendered":"Oferta Bundle - Lasius niger"},"content":{"rendered":"<p><span data-text-color=\"secondary\"><strong>Oferta de paquete que incluye una colonia de hormigas Lasius niger (reina + 26-50 obreras + cr\u00eda), un set de iniciaci\u00f3n Combi M con marco de protecci\u00f3n de escape, inserto de rejilla de 50 mm, base de formicario - 20x20 cm, bebedero transparente de 20 ml - esponja, un tarro de nuestros grillos escaldados enteros especiales de 10 g (prote\u00edna h\u00fameda) y un paquete de recarga de mezcla de mielada de 10 ml.<\/strong><\/span><\/p>\n<p><span data-text-color=\"alert\"><strong>S\u00f3lo hasta fin de existencias.<\/strong><\/span><\/p>\n<p><strong>Todo lo que necesita para una colonia de hormigas Lasius niger<\/strong><br \/>\nEste paquete contiene todo lo que necesita para tener con \u00e9xito una colonia de Lasius niger durante los primeros meses. Es ampliable de forma flexible y adecuado expl\u00edcitamente para principiantes en la cr\u00eda de hormigas.<\/p>\n<p>Especie de hormiga Lasius niger Lasius niger, tambi\u00e9n conocida como \"hormiga negra del sendero\", es una de las especies m\u00e1s populares para los principiantes en la cr\u00eda de hormigas. Forma parte de las hormigas de tama\u00f1o peque\u00f1o a mediano y es muy frugal. Est\u00e1 muy extendida por Europa, pero tambi\u00e9n puede encontrarse en Asia, \u00c1frica y Norteam\u00e9rica.<\/p>\n<p><strong>Alimento para Lasius niger<\/strong><br \/>\nEn estado salvaje, Lasius niger suele retener a los pulgones para recoger la melaza que producen a partir de la savia de las plantas. Al hacerlo, los protegen e incluso los transportan a los brotes j\u00f3venes.<br \/>\nEn el formicario, basta con colocar algunas ramitas infestadas (por ejemplo, rosas, bayas de sa\u00faco, grosellas) en un jarr\u00f3n y observar c\u00f3mo las orde\u00f1an los animales. En el formicario es mejor darles soluci\u00f3n de miel y alimento prote\u00ednico (peque\u00f1os insectos vivos o alimento prote\u00ednico seco).<\/p>\n<p><strong>Hibernaci\u00f3n en Lasius niger<\/strong><br \/>\nLasius niger hiberna entre finales de octubre y finales de marzo a 5-8 grados. En el formicario, puede simplemente colocar todo el formicario en una habitaci\u00f3n fresca o (si el formicario tiene un inserto de nido extra\u00edble) colocar el inserto de nido en el frigor\u00edfico, por ejemplo. Sin embargo, hay que tener cuidado de que las hormigas no est\u00e9n expuestas a temperaturas inferiores a 0 grados, ya que en el formidario nunca est\u00e1n tan bien protegidas del fr\u00edo como en la naturaleza. Tambi\u00e9n hay informes de cuidadores que mantienen a Lasius niger sin hibernaci\u00f3n. Sin embargo, esto puede acortar la vida de la colonia o ralentizar el desarrollo de la cr\u00eda. Durante la hibernaci\u00f3n, los animales no necesitan ser alimentados o lo son muy poco si es necesario. Sin embargo, hay que controlar la humedad con regularidad y tener cuidado con el moho.<\/p>\n<p><strong>Contenido:<\/strong><\/p>\n<p>1x Lasius niger (reina + 26-50 obreras + cr\u00eda)<br \/>\n1x Mermelada de Grillo 25g<br \/>\n1x Honeydew honey 10ml refill pack<\/p>\n<p>1x ANTCUBE - Arena 20x20x20 - Combi M<br \/>\n1x Cubierta para hormigueros 20\u00d720<br \/>\n4x Punto de fijaci\u00f3n para cubierta de arena<br \/>\n1x Marco de arena para hormigas 20\u00d720<br \/>\n1x pad for formicariums &#8211; 20x20cm<\/p>\n<p>2x grid insert &#8211; 50mm<br \/>\n2x grid insert &#8211; 27mm<br \/>\n1x ANTCUBE - Placa Digfix 20\u00d720 - M<br \/>\n1x soil &#8211; Sand-loam red &#8211; 200g<\/p>\n<p>1x Foil thermometer display<br \/>\n1x drinking clear 5ml &#8211; sponge<br \/>\n1x bebedero 2ml - 360 grados<br \/>\n1x Feeding dish white rectangle &#8211; 3 compartments<br \/>\n1x Lupa de mano - 2x - 30mm<br \/>\n1x Transparent plastic tweezers<br \/>\n1x pinza de acero para muelles - ancha - suave<br \/>\n1x Pipeta de pl\u00e1stico de 3ml<br \/>\n1x aceite de protecci\u00f3n contra las hormigas 10ml<br \/>\n1x Foam wiper 150x18x2.5mm<\/p>\n<p><strong>Descripci\u00f3n:<\/strong><br \/>\nEste Starter Set - Combi es adecuado para la mayor\u00eda de las especies de hormigas que anidan en el suelo.<br \/>\nEl conjunto es muy compacto y los accesorios incluidos se han reducido a lo esencial.<br \/>\nSe trata, por tanto, de un set econ\u00f3mico fabricado con materiales de alta calidad, ideal para iniciarse en la cr\u00eda de hormigas.<br \/>\nEl sustrato incluido arena - arcilla beige es bien aceptado por la mayor\u00eda de las especies de hormigas excavadoras de nidos de tierra.<\/p>\n<p>Sin embargo, tambi\u00e9n se pueden colocar otros sustratos de tierra o insertos de nidificaci\u00f3n en la zona de nidificaci\u00f3n de la arena.<br \/>\nEncontrar\u00e1 m\u00e1s accesorios \u00fatiles en las sugerencias (v\u00e9ase m\u00e1s abajo).<\/p>\n<p><strong>Recomendaci\u00f3n:<\/strong> Recomendamos una capa de sustrato de 2 mm de altura, para que los animales no puedan escarbar en la arena y, en cambio, utilicen la granja proporcionada para este fin. Tambi\u00e9n recomendamos que el material de anidaci\u00f3n de la granja (arena\/arcilla, Digfix, etc.) est\u00e9 ligeramente pinchado en un lugar para facilitar la excavaci\u00f3n a los animales.<\/p>\n<p><strong>Es importante:<\/strong> Humedezca el sustrato antes de utilizarlo para que la mezcla pueda aglutinarse y fijarse firmemente en el hormiguero. Adem\u00e1s, un sustrato seco y polvoriento puede provocar la obstrucci\u00f3n de las v\u00edas respiratorias de las hormigas y, en el peor de los casos, la asfixia de los animales.<\/p>\n<p><strong>Nota:<\/strong><br \/>\nCuando utilice nuestros insertos para nidos, tenga en cuenta que son 8 mm m\u00e1s estrechos, ya que se dise\u00f1aron originalmente para adaptarse a nuestros hormigueros e insertos para arenas m\u00e1s estrechos. En este caso, el espacio intermedio tendr\u00eda que rellenarse con material de relleno como yeso o arcilla.<\/p>\n<p><strong>Notas sobre la producci\u00f3n<\/strong><br \/>\nEl vidrio se corta seg\u00fan la norma DIN 1249 con una tolerancia de +\/;- 1mm. En el caso de especies de hormigas extremadamente peque\u00f1as, es imprescindible una protecci\u00f3n adicional contra el escape de hormigas.<\/p>\n<p><strong>Instrucciones: <\/strong>(Versi\u00f3n 2023, la versi\u00f3n actualizada para 2024 estar\u00e1 disponible a m\u00e1s tardar el 04\/2024)<strong><br \/>\n<\/strong><\/p>\n<p>- DE<a href=\"https:\/\/www.antstore.net\/shop\/images\/info\/de\/Gebrauchsanweisung%20Starter%20Set%20Combi.pdf\"> Gebrauchsanweisung Starter Set Combi<\/a> (PDF 7,98 MB)<\/p>\n<p>- ES<a href=\"https:\/\/www.antstore.net\/shop\/images\/info\/en\/Instructions%20for%20use%20-%20Starter%20Set%20Combi.pdf\"> Instrucciones de uso - Starter Set Combi<\/a> (PDF 7,94 MB)<\/p>\n<p>- ES<a href=\"https:\/\/www.antstore.net\/shop\/images\/info\/es\/Manual%20de%20instrucciones%20-%20Set%20de%20inicio%20Combi.pdf\"> Manual de instrucciones - Set de inicio Combi<\/a> (PDF 7,94 MB)<\/p>\n<p>- FR<a href=\"https:\/\/www.antstore.net\/shop\/images\/info\/fr\/Manuel%20d'instruction%20-%20Kit%20de%20d%C3%A9marrage%20Combi.pdf\"> Manual de instrucciones - Kit de desmontaje Combi<\/a> (PDF 7,95 MB)<\/p>\n<p><strong>Notas sobre el atasco de grillos:<\/strong><br \/>\nNuestros grillos escaldados son una forma f\u00e1cil de proporcionar a sus hormigas alimento proteico reci\u00e9n conservado sin tener que alimentarlas con insectos vivos. Los grillos contenidos (Acheta domesticus) se han escaldado suavemente para garantizar que se conserven los valores nutricionales, el sabor y el aroma. Adem\u00e1s, el caparaz\u00f3n quitinoso de los insectos se ablanda de este modo para que pueda digerirse m\u00e1s f\u00e1cilmente. Los enlaces de las prote\u00ednas de col\u00e1geno se rompen para que las hormigas puedan utilizarlas mejor. El Acheta domesticus en conserva tiene el mismo valor nutritivo que los grillos vivos, pero es m\u00e1s f\u00e1cil de digerir.<\/p>\n<p>El Cricket Jam no es adecuado para cazar especies de hormigas que requieren alimento vivo (por ejemplo, las ponerinas (hormigas grandes) como Harpegnathos u Odontomachus).<\/p>\n<p><strong>M\u00e1s ventajas:<\/strong><br \/>\nGarant\u00eda de ausencia de \u00e1caros<br \/>\nSe puede porcionar y diluir con agua<br \/>\nEsterilizado y envasado al vac\u00edo<br \/>\nSin aditivos<br \/>\nGrillos procedentes de cr\u00eda sostenible puramente ecol\u00f3gica, alimentados con residuos org\u00e1nicos<\/p>\n<p><strong>Nota:<\/strong><br \/>\nPuede conservarse en el frigor\u00edfico unos cuatro d\u00edas despu\u00e9s de abierto. Se conserva m\u00e1s tiempo si se congela.<br \/>\nAtenci\u00f3n: Primero porcionar, luego congelar.<\/p>\n<p><strong>Nota sobre el melazo:<\/strong><br \/>\nContenido: 10 ml<br \/>\nSe trata de un producto natural, que hemos refinado tras exhaustivas pruebas en nuestro laboratorio y convertido en un alimento muy bien aceptado por las hormigas. La raz\u00f3n es que la miel de mielada sin procesar en su forma original concentrada no es bien aceptada por las hormigas y su metabolismo.<br \/>\nNuestro melazo se recolecta en los impolutos bosques de monta\u00f1a de Bulgaria. El melazo s\u00f3lo se produce durante un tiempo muy limitado, unos dos meses en verano. Por lo tanto, es muy escaso. Debido a las caracter\u00edsticas espec\u00edficas del suelo de los bosques y al clima, en las hojas de los \u00e1rboles se almacenan nutrientes esenciales que son absorbidos por los pulgones. Esto es lo que hace que esta mezcla de mielada sea tan apetecible para las hormigas.<\/p>\n<p><strong>Aplicaci\u00f3n:<\/strong><br \/>\nLa cantidad de comida debe consumirse en unos 3 d\u00edas.<\/p>\n<p><strong>Descripci\u00f3n:<\/strong><br \/>\nEl melazo, a diferencia de la miel de flores, se obtiene de las secreciones de insectos que chupan las plantas, como los pulgones. El melazo es una fuente de alimento popular para muchos insectos, como hormigas, abejas y abejorros. Las abejas y los abejorros lo lamen de las hojas o agujas de diversos \u00e1rboles. Las hormigas, como Lasius niger, se quedan literalmente con los pulgones. Incluso los defienden de los depredadores y los transportan a los brotes frescos.<\/p>\n<p>El melazo es especialmente popular entre las hormigas por sus componentes algo diferentes. Los principales az\u00facares del melazo son la sacarosa y la fructosa, pero tambi\u00e9n se encuentran peque\u00f1as cantidades de maltosa, trehalosa, melezitosa, rafinosa y otros oligosac\u00e1ridos. Adem\u00e1s de az\u00facar y agua, el melazo tambi\u00e9n contiene amino\u00e1cidos esenciales, minerales, oligoelementos, adenosinas, fosfatos y otros ingredientes como vitaminas.<\/p>\n<p><strong>Utilizar:<\/strong><br \/>\nPara las especies de hormigas mel\u00edferas (Meliphagidae)<br \/>\nSe trata de una alimentaci\u00f3n complementaria<br \/>\nPuede ofrecerse a los animales tal como se suministra. Como la concentraci\u00f3n de az\u00facar se reduce por la humedad y comienza un proceso de fermentaci\u00f3n, el alimento debe sustituirse cada 3 d\u00edas. Limpie bien el comedero\/tubo antes de reutilizarlo.<br \/>\nUna vez abierto, el envase debe conservarse bien cerrado hasta la fecha de caducidad.<\/p>\n<p><strong>Informaci\u00f3n nutricional por 100 g:<\/strong><br \/>\naprox. 2,7 % grasas<br \/>\nde los cuales saturados aprox. 0,45 %<br \/>\naprox. 95 % hidratos de carbono<br \/>\nde los cuales az\u00facar aprox. 71<br \/>\naprox. 2,85% de prote\u00edna<br \/>\nMinerales (potasio, calcio, cobre, hierro, sodio, magnesio, f\u00f3sforo, zinc y otros oligoelementos) Amino\u00e1cidos (prolina, leucina, fenilalanina, alanina, histidina, isoleucina, \u00e1cido glut\u00e1mico, arginina, \u00e1cido asp\u00e1rtico, etc.) \u00c1cidos org\u00e1nicos Enzimas (fermentos)Aromas Inhibinas (sustancias antibacterianas) Flores Polen<\/p>\n<p><strong>Almacenamiento:<\/strong><br \/>\nPara garantizar la calidad del pienso, debe almacenarse en un lugar oscuro y seco.<\/p>\n<p><strong>Nota:<\/strong><br \/>\nAlimento complementario para hormigas mel\u00edferas.<br \/>\nConsulte en el prospecto la composici\u00f3n, los ingredientes anal\u00edticos, la fecha de caducidad y el n\u00famero de lote.<\/p>\n<p>L\u00ednea directa de informaci\u00f3n +49 30 439703870<\/p>\n<p>Responsable de la inspecci\u00f3n veterinaria y alimentaria:<br \/>\nOficina veterinaria de Steglitz<br \/>\nK\u00f6nigin-Luise-Str. 92<br \/>\n14195 Berl\u00edn<\/p>","protected":false},"excerpt":{"rendered":"<p>Talla: M<\/p>","protected":false},"featured_media":7115,"comment_status":"open","ping_status":"closed","template":"","meta":{"_acf_changed":false,"content-type":"","_monsterinsights_skip_tracking":false,"_monsterinsights_sitenote_active":false,"_monsterinsights_sitenote_note":"","_monsterinsights_sitenote_category":0},"product_brand":[],"product_cat":[355,73,78],"product_tag":[],"class_list":{"0":"post-5380","1":"product","2":"type-product","3":"status-publish","4":"has-post-thumbnail","6":"product_cat-bundle-offers","7":"product_cat-starter-sets","8":"product_cat-starter-sets-combi","10":"first","11":"instock","12":"taxable","13":"shipping-taxable","14":"purchasable","15":"product-type-simple"},"acf":[],"aioseo_notices":[],"jetpack_sharing_enabled":true,"_links":{"self":[{"href":"https:\/\/antcube.shop\/es\/wp-json\/wp\/v2\/product\/5380","targetHints":{"allow":["GET"]}}],"collection":[{"href":"https:\/\/antcube.shop\/es\/wp-json\/wp\/v2\/product"}],"about":[{"href":"https:\/\/antcube.shop\/es\/wp-json\/wp\/v2\/types\/product"}],"replies":[{"embeddable":true,"href":"https:\/\/antcube.shop\/es\/wp-json\/wp\/v2\/comments?post=5380"}],"wp:featuredmedia":[{"embeddable":true,"href":"https:\/\/antcube.shop\/es\/wp-json\/wp\/v2\/media\/7115"}],"wp:attachment":[{"href":"https:\/\/antcube.shop\/es\/wp-json\/wp\/v2\/media?parent=5380"}],"wp:term":[{"taxonomy":"product_brand","embeddable":true,"href":"https:\/\/antcube.shop\/es\/wp-json\/wp\/v2\/product_brand?post=5380"},{"taxonomy":"product_cat","embeddable":true,"href":"https:\/\/antcube.shop\/es\/wp-json\/wp\/v2\/product_cat?post=5380"},{"taxonomy":"product_tag","embeddable":true,"href":"https:\/\/antcube.shop\/es\/wp-json\/wp\/v2\/product_tag?post=5380"}],"curies":[{"name":"wp","href":"https:\/\/api.w.org\/{rel}","templated":true}]}}