{"id":5347,"date":"2023-01-17T17:36:25","date_gmt":"2023-01-17T16:36:25","guid":{"rendered":"https:\/\/antcube.shop\/produkt\/bundle-offer-messor-barbarus\/"},"modified":"2026-04-05T11:28:19","modified_gmt":"2026-04-05T09:28:19","slug":"paquete-oferta-messor-barbarus-2","status":"publish","type":"product","link":"https:\/\/antcube.shop\/es\/producto\/paquete-oferta-messor-barbarus-2\/","title":{"rendered":"Oferta Bundle - Messor barbarus"},"content":{"rendered":"<p><span data-text-color=\"secondary\"><strong>Oferta de paquete que incluye una colonia de hormigas Messor barbarus (reina + 11-25 obreras + cr\u00eda), un set de iniciaci\u00f3n para Messor spec. con 3x esteras de formicario y un tarro de nuestros grillos enteros escaldados especiales 10g (prote\u00edna h\u00fameda).<\/strong><\/span><\/p>\n<p><span data-text-color=\"alert\"><strong>S\u00f3lo hasta fin de existencias.<\/strong><\/span><\/p>\n<p><strong>Todo lo que necesita para una colonia de hormigas Messor barbarus<\/strong><br \/>\nEste paquete contiene todo lo necesario para tener una colonia de Messor barbarus durante los primeros meses. Es ampliable de forma flexible y adecuado expl\u00edcitamente para principiantes en la cr\u00eda de hormigas.<\/p>\n<p><strong>Especie de hormiga Messor barbarus:<\/strong><br \/>\nMessor barbarus es una especie de hormiga gran\u00edvora de la regi\u00f3n mediterr\u00e1nea. Pertenece a las llamadas hormigas cosechadoras y es una de las especies de iniciaci\u00f3n para los hormigueros debido a sus requisitos relativamente sencillos en cuanto a clima y alimentaci\u00f3n. Debido a su color y a la formaci\u00f3n de obreras menores, medianas y mayores (m\u00e1s peque\u00f1as y m\u00e1s grandes), es muy emocionante observarla.<\/p>\n<p><strong>Alimentaci\u00f3n para Messor barbarus<\/strong><br \/>\nEn estado salvaje, Messor barbarus come principalmente granos y los utiliza para hacer \"pan de hormiga\", pero tambi\u00e9n acepta f\u00e1cilmente frutas dulces e insectos muertos. Messor barbarus cubre gran parte de sus necesidades de humedad con granos y el resto con insectos. En el formicario se pueden dar granos y, si es necesario, miel, alimento prote\u00ednico, insectos muy peque\u00f1os o gelatina. El agua con miel s\u00f3lo se acepta si falta l\u00edquido. Como las especies de Messor tienden a zambullirse en fuentes de agua abiertas, \u00e9stas deben cubrirse siempre con piedras o algod\u00f3n absorbente.<\/p>\n<p>Messor barbarus hiberna desde finales de noviembre hasta finales de febrero. Sin embargo, a diferencia de Lasius niger, por ejemplo, se trata de un periodo de actividad muy reducida. El periodo de hibernaci\u00f3n debe transcurrir a unos 15\u00baC, ya que las temperaturas en las regiones de las que es originario Messor barbarus son muy raramente m\u00e1s bajas, incluso en invierno. Para ello, basta con colocar a las hormigas en una habitaci\u00f3n sin calefacci\u00f3n. Tambi\u00e9n hay informes de cuidadores que mantienen Messor barbarus sin hibernaci\u00f3n. Sin embargo, esto puede acortar la vida de la colonia o ralentizar el desarrollo de la cr\u00eda. Durante la hibernaci\u00f3n, los animales s\u00f3lo necesitan alimentarse un poco. Sin embargo, hay que controlar la humedad con regularidad y tener cuidado con el moho.<\/p>\n<p><strong>Formicario para Messor barbarus<\/strong><br \/>\nLas hormigas cosechadoras necesitan una zona de nido ligeramente h\u00fameda para la cr\u00eda y una zona de nido seca para almacenar los granos recolectados (secos, para que no se forme moho). Esto funciona mejor con dos nidos separados, que se incluyen en nuestro set de iniciaci\u00f3n. Esto durar\u00e1 al menos 1-2 a\u00f1os. Despu\u00e9s de eso, tanto el nido como las \u00e1reas de arena deben ampliarse.<\/p>\n<p><strong>Las condiciones clim\u00e1ticas \u00f3ptimas para Messor barbarus son las siguientes:<\/strong><br \/>\nLa humedad:<br \/>\nArena: 30 - 50% Zona de nidificaci\u00f3n: 50 - 70%<br \/>\nLa temperatura:<br \/>\nArena: 25 - 30\u00b0C Zona del nido: 21 - 26\u00b0C<\/p>\n<p>Nuestro Digfix es el material de nidificaci\u00f3n m\u00e1s adecuado. Es muy resistente a la humedad y garantiza que la visi\u00f3n del nido y de las c\u00e1maras y pasadizos del interior no se vea perturbada por los residuos del sustrato, como ocurre con las mezclas de arena y barro. Gracias a sus fuertes mand\u00edbulas, las obreras mayores tambi\u00e9n pueden comerse el Ytong con el tiempo sin ning\u00fan problema. Los nidos de cristal con insertos Digfix son, por tanto, la mejor y m\u00e1s segura forma de mantener a Messor barbarus.<\/p>\n<p><strong>Contenido:<\/strong><\/p>\n<p>1x Messor barbarus (reina + 11-25 obreras + cr\u00eda)<br \/>\n1x Mermelada de Grillo 25g<br \/>\n1x Alimento en grano menor 100g<br \/>\n1x pad for formicariums &#8211; 20x20cm<br \/>\n2x pad for formicariums &#8211; 20x6cm<\/p>\n<p>1x ANTCUBO - arena 20x20x10 - plano<br \/>\n1x marco de hormigueros 20\u00d720<br \/>\n1x cubierta de hormigueros 20\u00d720<br \/>\n4x puntos de fijaci\u00f3n para la cubierta de la arena<br \/>\n2x ANTCUBO - Hormiguero - L - 20\u00d720 - vertical<\/p>\n<p>2x ANTCUBE - Placa Digfix 20\u00d720 - M<br \/>\n1 tubo de 1m transparente 14\/10 mm<br \/>\n2x ANTCUBE - L\u00e1mina roja 20\u00d720 - filtro<br \/>\n2x pinzas adhesivas - transparente 2 uds.<br \/>\n1x sustrato - desierto - 1 kg<\/p>\n<p>2x grid insert &#8211; 50mm<br \/>\n1x grid insert &#8211; 27mm<br \/>\n1x tapa de rejilla - 10mm - acero inoxidable<\/p>\n<p>1x conector de manguera de dep\u00f3sito 27-14,16,20 mm - transparente<br \/>\n1x drinking clear 5ml &#8211; sponge<br \/>\n1x Feeding dish white rectangle &#8211; 3 compartments<br \/>\n1x Foil thermometer display<br \/>\n2x Foil thermometer farm<br \/>\n1x Aceite de protecci\u00f3n contra las hormigas 10ml<br \/>\n1x Pinzas de acero para muelles - anchas - suaves<br \/>\n1x Pinzas de pl\u00e1stico transparente<br \/>\n1x pipeta de pl\u00e1stico de 3ml<br \/>\n1x lupa de mano - 2x - 30mm<br \/>\n1x limpiador de espuma 150x18x2,5mm<br \/>\n1x reverso de foto - desierto - 20\u00d710<\/p>\n<p><strong>Descripci\u00f3n Set de iniciaci\u00f3n:<\/strong><br \/>\nEste set de iniciaci\u00f3n es especialmente adecuado para diversas especies del g\u00e9nero Messor. Una de las dos granjas est\u00e1 destinada a almacenar las semillas y el pan de hormiga, por lo que debe mantenerse completamente seca para evitar que las semillas\/granos almacenados all\u00ed por las hormigas germinen o se enmohezcan.<br \/>\nLas \"Placas Digfix\" pueden insertarse en las granjas totalmente transparentes. Sin embargo, tambi\u00e9n puede utilizar el \"Suelo - Desierto\" para rellenar las granjas. En caso necesario, se pueden conectar m\u00f3dulos adicionales a trav\u00e9s de los orificios de 50 mm de la cubierta, por ejemplo, los nebulizadores, ventiladores o luces disponibles por separado. Como alternativa, en el volumen de suministro se incluyen insertos de rejilla adecuados para cerrar las aberturas. Si se desea, el formicario tambi\u00e9n puede funcionar abierto simplemente fijando el marco desmontable y aplicando aceite antihormigas en el borde.<\/p>\n<p><strong>Es importante:<\/strong> Humedezca el sustrato antes de utilizarlo para que la mezcla se adhiera y se fije firmemente en el hormiguero. Adem\u00e1s, si el sustrato est\u00e1 demasiado seco y polvoriento, las v\u00edas respiratorias de las hormigas pueden bloquearse y, en el peor de los casos, los animales pueden asfixiarse.<\/p>\n<p><strong>Recomendaci\u00f3n:<\/strong> Recomendamos una capa de sustrato de 2 mm de altura, para que los animales no puedan escarbar en la arena y, en cambio, utilicen la granja proporcionada para este fin. Tambi\u00e9n recomendamos que el material de anidaci\u00f3n de la granja (arena\/arcilla, Digfix, etc.) est\u00e9 ligeramente pinchado en un lugar para facilitar la excavaci\u00f3n a los animales.<\/p>\n<p><strong>Notas sobre la producci\u00f3n<\/strong><br \/>\nEl vidrio se corta seg\u00fan la norma DIN 1249 con una tolerancia de +\/;- 1mm. En el caso de especies de hormigas extremadamente peque\u00f1as, es imprescindible una protecci\u00f3n adicional contra el escape de hormigas.<\/p>\n<p><strong>Notas sobre la granja<\/strong><br \/>\nAl colocar o retirar las mangueras, tenga en cuenta lo siguiente:<br \/>\nSi resulta muy dif\u00edcil encajar el tubo en la toma de conexi\u00f3n, se debe frotar ligeramente la toma con una gota de nuestro aceite o polvo antiexplosiones. A continuaci\u00f3n, la manguera debe introducirse en la toma con movimientos de torsi\u00f3n o enroscado sin forzar la toma con movimientos hacia arriba y hacia abajo. Lo mismo se aplica al retirar las mangueras de la toma de conexi\u00f3n de la granja. No tire sin m\u00e1s.<\/p>\n<p><strong>Nota sobre Digfix:<\/strong> El color natural puede variar entre verde\/marr\u00f3n gris\u00e1ceo y marr\u00f3n tierra. El tono de color no influye en la calidad.<\/p>\n<p><strong>Instrucciones: <\/strong>(Versi\u00f3n 2023, la versi\u00f3n actualizada para 2024 estar\u00e1 disponible a m\u00e1s tardar el 04\/2024)<br \/>\n<span data-sheets-root=\"1\" data-sheets-value=\"{&quot;1&quot;:2,&quot;2&quot;:&quot;DE Gebrauchsanweisung Starter Set Ernteameisen (PDF 2,50 MB)&quot;}\" data-sheets-userformat=\"{&quot;2&quot;:513,&quot;3&quot;:{&quot;1&quot;:0},&quot;12&quot;:0}\" data-sheets-hyperlink=\"https:\/\/www.antstore.net\/shop\/images\/info\/de\/Gebrauchsanweisung Starter Set Ernteameisen.pdf\" data-sheets-hyperlinkruns=\"{&quot;1&quot;:3,&quot;2&quot;:&quot;https:\/\/www.antstore.net\/shop\/images\/info\/de\/Gebrauchsanweisung Starter Set Ernteameisen.pdf&quot;}\uee10{&quot;1&quot;:46}\"><a class=\"in-cell-link\" href=\"https:\/\/www.antstore.net\/shop\/images\/info\/de\/Gebrauchsanweisung Starter Set Ernteameisen.pdf\" target=\"_blank\" rel=\"noopener\">- DE <\/a><a class=\"in-cell-link\" href=\"https:\/\/www.antstore.net\/shop\/images\/info\/de\/Gebrauchsanweisung Starter Set Ernteameisen.pdf\" target=\"_blank\" rel=\"noopener\">Gebrauchsanweisung Starter Set Ernteameisen<\/a><a class=\"in-cell-link\" href=\"https:\/\/www.antstore.net\/shop\/images\/info\/de\/Gebrauchsanweisung Starter Set Ernteameisen.pdf\" target=\"_blank\" rel=\"noopener\"> (PDF 2,50 MB)<\/a><\/span><br \/>\n<a href=\"https:\/\/www.antstore.net\/shop\/images\/info\/en\/Instructions%20for%20use%20-%20Starter%20Set%20for%20Harvester%20Ants.pdf\">- ES Instrucciones de uso - Set de iniciaci\u00f3n para hormigas cosechadoras (PDF 2,50 MB)<\/a><br \/>\n<a href=\"https:\/\/www.antstore.net\/shop\/images\/info\/es\/Manual%20de%20instrucciones%20-%20Set%20de%20inicio%20para%20las%20hormigas%20de%20la%20cosecha%20_%20messor.pdf\">- ES Manual de instrucciones - Set de inicio para las hormigas de la cosecha _ messor (PDF 2,50 MB)<\/a><br \/>\n<a href=\"https:\/\/www.antstore.net\/shop\/images\/info\/fr\/Manuel%20d'instruction%20-%20Kit%20de%20d%C3%A9marrage%20pour%20les%20fourmis%20moissonneuses_%20Messor.pdf\">- FR Manuel d'instruction - Kit de desinstalaci\u00f3n para las motos mois\u00e9s_ Messor (PDF 2,50 MB)<\/a><\/p>\n<p><strong>Notas sobre el atasco de grillos:<\/strong><br \/>\nNuestros grillos escaldados son una forma f\u00e1cil de proporcionar a sus hormigas alimento proteico reci\u00e9n conservado sin tener que alimentarlas con insectos vivos. Los grillos contenidos (Acheta domesticus) se han escaldado suavemente para garantizar que se conserven los valores nutricionales, el sabor y el aroma. Adem\u00e1s, el caparaz\u00f3n quitinoso de los insectos se ablanda de este modo para que pueda digerirse m\u00e1s f\u00e1cilmente. Los enlaces de las prote\u00ednas de col\u00e1geno se rompen para que las hormigas puedan utilizarlas mejor. El Acheta domesticus en conserva tiene el mismo valor nutritivo que los grillos vivos, pero es m\u00e1s f\u00e1cil de digerir.<\/p>\n<p>El Cricket Jam no es adecuado para cazar especies de hormigas que requieren alimento vivo (por ejemplo, las ponerinas (hormigas grandes) como Harpegnathos u Odontomachus).<\/p>\n<p><strong>M\u00e1s ventajas:<\/strong><br \/>\nGarant\u00eda de ausencia de \u00e1caros<br \/>\nSe puede porcionar y diluir con agua<br \/>\nEsterilizado y envasado al vac\u00edo<br \/>\nSin aditivos<br \/>\nGrillos procedentes de cr\u00eda sostenible puramente ecol\u00f3gica, alimentados con residuos org\u00e1nicos<\/p>\n<p><strong>Nota:<\/strong><br \/>\nPuede conservarse en el frigor\u00edfico unos cuatro d\u00edas despu\u00e9s de abierto. Se conserva m\u00e1s tiempo si se congela.<br \/>\n<strong>Atenci\u00f3n:<\/strong> Primero racionar y luego congelar.<\/p>","protected":false},"excerpt":{"rendered":"<p>El juego consta de 39 piezas<br \/>\nTalla: M<\/p>","protected":false},"featured_media":7113,"comment_status":"open","ping_status":"closed","template":"","meta":{"_acf_changed":false,"content-type":"","_monsterinsights_skip_tracking":false,"_monsterinsights_sitenote_active":false,"_monsterinsights_sitenote_note":"","_monsterinsights_sitenote_category":0},"product_brand":[],"product_cat":[355,353,73],"product_tag":[],"class_list":{"0":"post-5347","1":"product","2":"type-product","3":"status-publish","4":"has-post-thumbnail","6":"product_cat-bundle-offers","7":"product_cat-starter-sets-for-harvester-ants","8":"product_cat-starter-sets","10":"first","11":"instock","12":"taxable","13":"shipping-taxable","14":"purchasable","15":"product-type-simple"},"acf":[],"aioseo_notices":[],"jetpack_sharing_enabled":true,"_links":{"self":[{"href":"https:\/\/antcube.shop\/es\/wp-json\/wp\/v2\/product\/5347","targetHints":{"allow":["GET"]}}],"collection":[{"href":"https:\/\/antcube.shop\/es\/wp-json\/wp\/v2\/product"}],"about":[{"href":"https:\/\/antcube.shop\/es\/wp-json\/wp\/v2\/types\/product"}],"replies":[{"embeddable":true,"href":"https:\/\/antcube.shop\/es\/wp-json\/wp\/v2\/comments?post=5347"}],"wp:featuredmedia":[{"embeddable":true,"href":"https:\/\/antcube.shop\/es\/wp-json\/wp\/v2\/media\/7113"}],"wp:attachment":[{"href":"https:\/\/antcube.shop\/es\/wp-json\/wp\/v2\/media?parent=5347"}],"wp:term":[{"taxonomy":"product_brand","embeddable":true,"href":"https:\/\/antcube.shop\/es\/wp-json\/wp\/v2\/product_brand?post=5347"},{"taxonomy":"product_cat","embeddable":true,"href":"https:\/\/antcube.shop\/es\/wp-json\/wp\/v2\/product_cat?post=5347"},{"taxonomy":"product_tag","embeddable":true,"href":"https:\/\/antcube.shop\/es\/wp-json\/wp\/v2\/product_tag?post=5347"}],"curies":[{"name":"wp","href":"https:\/\/api.w.org\/{rel}","templated":true}]}}