{"id":4873,"date":"2022-12-07T14:03:10","date_gmt":"2022-12-07T13:03:10","guid":{"rendered":"https:\/\/antcube.shop\/produkt\/combi-balkon\/"},"modified":"2026-04-05T21:18:18","modified_gmt":"2026-04-05T19:18:18","slug":"combi-balkon","status":"publish","type":"product","link":"https:\/\/antcube.shop\/es\/producto\/combi-balkon\/","title":{"rendered":"Combi - Balc\u00f3n"},"content":{"rendered":"<p style=\"margin-bottom: 0cm;\"><strong>Dimensiones:<\/strong> 19x6x8 cm<\/p>\n<p><strong>Material:<\/strong> PMMA<\/p>\n<p><strong>Color:<\/strong> cristalino, transparente, transl\u00facido<\/p>\n<p><strong>Contenido:<\/strong><br \/>\n1x placa base<br \/>\n2x soporte<br \/>\n1x rampa estrecha (para hormigas peque\u00f1as)<br \/>\n1x rampa ancha (para hormigas grandes)<\/p>\n<p><strong>Nota:<\/strong> Las piezas se suministran en forma de kit o de sistema enchufable. No es necesario pegarlas.<\/p>\n<p><strong>Conexi\u00f3n:<\/strong><br \/>\nSe puede enganchar en todas las arenas Combi 20x20x20 cm en S, M, L.<\/p>\n<p><strong>Descripci\u00f3n:<\/strong> El balc\u00f3n Combi simplemente se engancha a la Arena Combi existente. El balc\u00f3n sirve como extensi\u00f3n de la arena y facilita a las hormigas subir o bajar de la zona superior del nido de la arena. Hay una ayuda para trepar estrecha para especies de hormigas peque\u00f1as, como Lasius niger, y otra m\u00e1s ancha para especies como Camponotus. La plataforma elevada puede utilizarse como zona de alimentaci\u00f3n para colocar cuencos o bebederos. Simplifica las labores de cuidado y mantenimiento, debido a la proximidad de la abertura superior y mantiene el sustrato inferior libre de restos de comida. Gracias a su material transparente, el Balc\u00f3n Combi encaja perfectamente en el Combi Arena sin bloquear la visi\u00f3n de la zona del nido y, adem\u00e1s, es f\u00e1cil de limpiar.<\/p>\n<p style=\"margin-bottom: 0cm;\">","protected":false},"excerpt":{"rendered":"<p>Dimensiones: 19x6x8 cm Material: PMMA Color: cristalino, transparente, transl\u00facido Contenido: 1x placa base 2x soporte 1x rampa estrecha (para hormigas peque\u00f1as) 1x rampa ancha (para hormigas grandes) Nota: Las piezas se suministran como kit o sistema enchufable. No es necesario pegarlas. Conexi\u00f3n: Se puede enganchar en todas las arenas Combi 20x20x20 cm en [...]","protected":false},"featured_media":4875,"comment_status":"open","ping_status":"closed","template":"","meta":{"_acf_changed":false,"content-type":"","_monsterinsights_skip_tracking":false,"_monsterinsights_sitenote_active":false,"_monsterinsights_sitenote_note":"","_monsterinsights_sitenote_category":0},"product_brand":[],"product_cat":[239],"product_tag":[],"class_list":{"0":"post-4873","1":"product","2":"type-product","3":"status-publish","4":"has-post-thumbnail","6":"product_cat-useful-additions","8":"first","9":"instock","10":"taxable","11":"shipping-taxable","12":"purchasable","13":"product-type-simple"},"acf":[],"aioseo_notices":[],"jetpack_sharing_enabled":true,"_links":{"self":[{"href":"https:\/\/antcube.shop\/es\/wp-json\/wp\/v2\/product\/4873","targetHints":{"allow":["GET"]}}],"collection":[{"href":"https:\/\/antcube.shop\/es\/wp-json\/wp\/v2\/product"}],"about":[{"href":"https:\/\/antcube.shop\/es\/wp-json\/wp\/v2\/types\/product"}],"replies":[{"embeddable":true,"href":"https:\/\/antcube.shop\/es\/wp-json\/wp\/v2\/comments?post=4873"}],"wp:featuredmedia":[{"embeddable":true,"href":"https:\/\/antcube.shop\/es\/wp-json\/wp\/v2\/media\/4875"}],"wp:attachment":[{"href":"https:\/\/antcube.shop\/es\/wp-json\/wp\/v2\/media?parent=4873"}],"wp:term":[{"taxonomy":"product_brand","embeddable":true,"href":"https:\/\/antcube.shop\/es\/wp-json\/wp\/v2\/product_brand?post=4873"},{"taxonomy":"product_cat","embeddable":true,"href":"https:\/\/antcube.shop\/es\/wp-json\/wp\/v2\/product_cat?post=4873"},{"taxonomy":"product_tag","embeddable":true,"href":"https:\/\/antcube.shop\/es\/wp-json\/wp\/v2\/product_tag?post=4873"}],"curies":[{"name":"wp","href":"https:\/\/api.w.org\/{rel}","templated":true}]}}