{"id":4747,"date":"2022-11-14T15:08:27","date_gmt":"2022-11-14T14:08:27","guid":{"rendered":"https:\/\/antcube.shop\/produkt\/beckenverbinder-3-4-beidseitig-fur-bohrung-27-mm\/"},"modified":"2026-03-31T12:29:29","modified_gmt":"2026-03-31T10:29:29","slug":"beckenverbinder-3-4-beidseitig-fur-bohrung-27-mm","status":"publish","type":"product","link":"https:\/\/antcube.shop\/es\/producto\/beckenverbinder-3-4-beidseitig-fur-bohrung-27-mm\/","title":{"rendered":"Conector de lavabo de 3\/4\u2033 - ambos lados para un agujero de 27 mm"},"content":{"rendered":"<p><strong>Dimensiones:<\/strong> para un di\u00e1metro de 27mm<\/p>\n<p><strong>Contenido:<\/strong> 1 adaptador de tornillo (<strong>ATENCI\u00d3N<\/strong>: Tuercas roscadas no incluidas, ver en \"Productos relacionados\").<\/p>\n<p><strong>Descripci\u00f3n:<\/strong> Con este conector de lavabo, se pueden conectar dos lavabos o tambi\u00e9n dos granjas del tama\u00f1o XL entre s\u00ed. Los agujeros deben estar a la misma altura en los lavabos que se quieran conectar. El conector se inserta a trav\u00e9s de cada uno de los agujeros y se atornilla con una tuerca de seguridad disponible por separado. Esto garantiza que la conexi\u00f3n es a prueba de roturas y tambi\u00e9n se mantiene segura cuando se mueven las cuencas.<\/p>\n<p>&nbsp;<\/p>","protected":false},"excerpt":{"rendered":"<p>Dimensiones: para agujero de 27mm Contenido: 1x adaptador de rosca (ATENCI\u00d3N: Tuercas roscadas no incluidas, ver en \"Productos relacionados\"). Descripci\u00f3n: Con este conector de lavabo se pueden conectar entre s\u00ed dos lavabos o tambi\u00e9n dos granjas del tama\u00f1o XL. Los agujeros deben estar a la misma altura en las cuencas que desea conectar. El","protected":false},"featured_media":4755,"comment_status":"open","ping_status":"closed","template":"","meta":{"_acf_changed":false,"content-type":"","_monsterinsights_skip_tracking":false,"_monsterinsights_sitenote_active":false,"_monsterinsights_sitenote_note":"","_monsterinsights_sitenote_category":0},"product_brand":[],"product_cat":[121],"product_tag":[],"class_list":{"0":"post-4747","1":"product","2":"type-product","3":"status-publish","4":"has-post-thumbnail","6":"product_cat-connectors","8":"first","9":"instock","10":"taxable","11":"shipping-taxable","12":"purchasable","13":"product-type-simple"},"acf":[],"aioseo_notices":[],"jetpack_sharing_enabled":true,"_links":{"self":[{"href":"https:\/\/antcube.shop\/es\/wp-json\/wp\/v2\/product\/4747","targetHints":{"allow":["GET"]}}],"collection":[{"href":"https:\/\/antcube.shop\/es\/wp-json\/wp\/v2\/product"}],"about":[{"href":"https:\/\/antcube.shop\/es\/wp-json\/wp\/v2\/types\/product"}],"replies":[{"embeddable":true,"href":"https:\/\/antcube.shop\/es\/wp-json\/wp\/v2\/comments?post=4747"}],"wp:featuredmedia":[{"embeddable":true,"href":"https:\/\/antcube.shop\/es\/wp-json\/wp\/v2\/media\/4755"}],"wp:attachment":[{"href":"https:\/\/antcube.shop\/es\/wp-json\/wp\/v2\/media?parent=4747"}],"wp:term":[{"taxonomy":"product_brand","embeddable":true,"href":"https:\/\/antcube.shop\/es\/wp-json\/wp\/v2\/product_brand?post=4747"},{"taxonomy":"product_cat","embeddable":true,"href":"https:\/\/antcube.shop\/es\/wp-json\/wp\/v2\/product_cat?post=4747"},{"taxonomy":"product_tag","embeddable":true,"href":"https:\/\/antcube.shop\/es\/wp-json\/wp\/v2\/product_tag?post=4747"}],"curies":[{"name":"wp","href":"https:\/\/api.w.org\/{rel}","templated":true}]}}