{"id":4745,"date":"2022-11-14T15:07:37","date_gmt":"2022-11-14T14:07:37","guid":{"rendered":"https:\/\/antcube.shop\/produkt\/rohrkappe-glasklar-fur-20mm\/"},"modified":"2026-04-05T21:18:17","modified_gmt":"2026-04-05T19:18:17","slug":"rohrkappe-glasklar-piel-20mm","status":"publish","type":"product","link":"https:\/\/antcube.shop\/es\/producto\/rohrkappe-glasklar-piel-20mm\/","title":{"rendered":"Tap\u00f3n de tubo transparente para 20mm"},"content":{"rendered":"<p><strong>Dimensiones<\/strong> (LxAxH): 1,9\u00d72,5\u00d72,5cm<br \/>\n<strong>Di\u00e1metro interior:<\/strong> 20mm<\/p>\n<p>Material: Acr\u00edlico<br \/>\nColor: Incoloro\/Transparente\/Transparente<\/p>\n<p>Contenido: 1pieza.<\/p>\n<p>Especificaciones t\u00e9cnicas:<br \/>\nTapa de tubo transparente de 25 mm de di\u00e1metro para tubo de 20 mm.<\/p>\n<p><strong>Descripci\u00f3n:<\/strong><br \/>\nTapa de tubo de acr\u00edlico transparente para cerrar los tubos de acr\u00edlico.<\/p>\n<p><strong>Aviso:<\/strong><br \/>\nAl montar los tubos, tenga en cuenta lo siguiente:<br \/>\nDebido a las propiedades del material acr\u00edlico, hay que evitar a toda costa la presi\u00f3n y el apalancamiento. Si la conexi\u00f3n es dif\u00edcil, por favor, con\u00e9ctese con movimientos de torsi\u00f3n cuidadosos y frote un poco de aceite anti-rotura si es necesario.<\/p>","protected":false},"excerpt":{"rendered":"<p>Dimensiones (LxAxA): 1,9x2,5x2,5cm Di\u00e1metro interior: 20mm Material: Acr\u00edlico Color: Incoloro\/Transparente\/Transparente Contenido: 1pcs. Especificaciones tecnicas: Tapa de tubo cristalina diametro 25mm para tubo de 20mm. Descripci\u00f3n: Tap\u00f3n de acr\u00edlico transparente para cerrar tubos de acr\u00edlico. Aviso: Al montar los tubos, tenga en cuenta lo siguiente: Debido a las propiedades del material del acr\u00edlico, la presi\u00f3n y el apalancamiento deben ser","protected":false},"featured_media":4768,"comment_status":"open","ping_status":"closed","template":"","meta":{"_acf_changed":false,"content-type":"","_monsterinsights_skip_tracking":false,"_monsterinsights_sitenote_active":false,"_monsterinsights_sitenote_note":"","_monsterinsights_sitenote_category":0},"product_brand":[],"product_cat":[345],"product_tag":[],"class_list":{"0":"post-4745","1":"product","2":"type-product","3":"status-publish","4":"has-post-thumbnail","6":"product_cat-pipe-connectors","8":"first","9":"instock","10":"taxable","11":"shipping-taxable","12":"purchasable","13":"product-type-simple"},"acf":[],"aioseo_notices":[],"jetpack_sharing_enabled":true,"_links":{"self":[{"href":"https:\/\/antcube.shop\/es\/wp-json\/wp\/v2\/product\/4745","targetHints":{"allow":["GET"]}}],"collection":[{"href":"https:\/\/antcube.shop\/es\/wp-json\/wp\/v2\/product"}],"about":[{"href":"https:\/\/antcube.shop\/es\/wp-json\/wp\/v2\/types\/product"}],"replies":[{"embeddable":true,"href":"https:\/\/antcube.shop\/es\/wp-json\/wp\/v2\/comments?post=4745"}],"wp:featuredmedia":[{"embeddable":true,"href":"https:\/\/antcube.shop\/es\/wp-json\/wp\/v2\/media\/4768"}],"wp:attachment":[{"href":"https:\/\/antcube.shop\/es\/wp-json\/wp\/v2\/media?parent=4745"}],"wp:term":[{"taxonomy":"product_brand","embeddable":true,"href":"https:\/\/antcube.shop\/es\/wp-json\/wp\/v2\/product_brand?post=4745"},{"taxonomy":"product_cat","embeddable":true,"href":"https:\/\/antcube.shop\/es\/wp-json\/wp\/v2\/product_cat?post=4745"},{"taxonomy":"product_tag","embeddable":true,"href":"https:\/\/antcube.shop\/es\/wp-json\/wp\/v2\/product_tag?post=4745"}],"curies":[{"name":"wp","href":"https:\/\/api.w.org\/{rel}","templated":true}]}}