{"id":4743,"date":"2022-11-14T15:07:05","date_gmt":"2022-11-14T14:07:05","guid":{"rendered":"https:\/\/antcube.shop\/produkt\/rohrverbinder-glasklar-fur-20mm-l\/"},"modified":"2026-04-20T09:56:46","modified_gmt":"2026-04-20T07:56:46","slug":"rohrverbinder-glasklar-fur-20mm-l","status":"publish","type":"product","link":"https:\/\/antcube.shop\/es\/producto\/rohrverbinder-glasklar-fur-20mm-l\/","title":{"rendered":"Conector de tubo transparente para 20mm - L"},"content":{"rendered":"<p>Dimensiones (LxAxA): 4,2\u00d72,5\u00d74,2cm<br \/>\nDi\u00e1metro interior: 20 mm<\/p>\n<p>Material: Acr\u00edlico<\/p>\n<p>Color: Incoloro\/Transparente\/Transparente<\/p>\n<p>Contenido: 1pieza.<\/p>\n<p>Especificaciones t\u00e9cnicas:<br \/>\nConector de tubo en forma de L de di\u00e1metro acr\u00edlico de 25 mm para tubo de 20 mm.<\/p>\n<p>Descripci\u00f3n:<br \/>\nConector de tubos de acr\u00edlico transparente para conectar tubos de acr\u00edlico.<\/p>\n<p>Aviso:<br \/>\nAl montar los tubos, tenga en cuenta lo siguiente:<br \/>\nDebido a las propiedades del material acr\u00edlico, hay que evitar a toda costa la presi\u00f3n y el apalancamiento. Si la conexi\u00f3n es dif\u00edcil, por favor, con\u00e9ctese con movimientos de torsi\u00f3n cuidadosos y frote un poco de aceite anti-rotura si es necesario.<\/p>\n<p>&nbsp;<\/p>","protected":false},"excerpt":{"rendered":"<p>Dimensiones (LxAxA): 4,2x2,5x4,2cm Di\u00e1metro interior: 20mm Material: Acr\u00edlico Color: Incoloro\/Transparente\/Transparente Contenido: 1pcs. Especificaciones tecnicas: Conector de tuber\u00eda forma L di\u00e1metro acr\u00edlico 25mm para tuber\u00eda de 20mm. Descripci\u00f3n: Conector de tuber\u00eda hecho de acr\u00edlico transparente para conectar tuber\u00edas de acr\u00edlico. Nota: Al montar los tubos, tenga en cuenta lo siguiente: Debido a las propiedades del material acr\u00edlico, la presi\u00f3n y el apalancamiento deben","protected":false},"featured_media":4773,"comment_status":"open","ping_status":"closed","template":"","meta":{"_acf_changed":false,"content-type":"","_monsterinsights_skip_tracking":false,"_monsterinsights_sitenote_active":false,"_monsterinsights_sitenote_note":"","_monsterinsights_sitenote_category":0},"product_brand":[],"product_cat":[345],"product_tag":[],"class_list":{"0":"post-4743","1":"product","2":"type-product","3":"status-publish","4":"has-post-thumbnail","6":"product_cat-pipe-connectors","8":"first","9":"outofstock","10":"taxable","11":"shipping-taxable","12":"purchasable","13":"product-type-simple"},"acf":[],"aioseo_notices":[],"jetpack_sharing_enabled":true,"_links":{"self":[{"href":"https:\/\/antcube.shop\/es\/wp-json\/wp\/v2\/product\/4743","targetHints":{"allow":["GET"]}}],"collection":[{"href":"https:\/\/antcube.shop\/es\/wp-json\/wp\/v2\/product"}],"about":[{"href":"https:\/\/antcube.shop\/es\/wp-json\/wp\/v2\/types\/product"}],"replies":[{"embeddable":true,"href":"https:\/\/antcube.shop\/es\/wp-json\/wp\/v2\/comments?post=4743"}],"wp:featuredmedia":[{"embeddable":true,"href":"https:\/\/antcube.shop\/es\/wp-json\/wp\/v2\/media\/4773"}],"wp:attachment":[{"href":"https:\/\/antcube.shop\/es\/wp-json\/wp\/v2\/media?parent=4743"}],"wp:term":[{"taxonomy":"product_brand","embeddable":true,"href":"https:\/\/antcube.shop\/es\/wp-json\/wp\/v2\/product_brand?post=4743"},{"taxonomy":"product_cat","embeddable":true,"href":"https:\/\/antcube.shop\/es\/wp-json\/wp\/v2\/product_cat?post=4743"},{"taxonomy":"product_tag","embeddable":true,"href":"https:\/\/antcube.shop\/es\/wp-json\/wp\/v2\/product_tag?post=4743"}],"curies":[{"name":"wp","href":"https:\/\/api.w.org\/{rel}","templated":true}]}}