{"id":4737,"date":"2022-11-14T15:05:30","date_gmt":"2022-11-14T14:05:30","guid":{"rendered":"https:\/\/antcube.shop\/produkt\/bohrungsadapter-50-auf-27mm-transparent\/"},"modified":"2026-04-20T09:58:23","modified_gmt":"2026-04-20T07:58:23","slug":"bohrungsadapter-50-auf-27mm-transparent","status":"publish","type":"product","link":"https:\/\/antcube.shop\/es\/producto\/bohrungsadapter-50-auf-27mm-transparent\/","title":{"rendered":"Adaptador de 50 a 27 mm - transparente"},"content":{"rendered":"<p><strong>Contenido:<\/strong><br \/>\n1x disco acr\u00edlico 50x4mm con agujero de 27mm<br \/>\n1x l\u00e1mina adhesiva transparente 60mm con agujero de 27mm<\/p>\n<p><strong>Dimensiones:<\/strong> 60x4mm<\/p>\n<p><strong>Material:<\/strong> PMMA, PP<\/p>\n<p><strong>Color:<\/strong> transparente \/ cristalino<\/p>\n<p><strong>Descripci\u00f3n:<\/strong> Adaptador para fijar elementos de 27 mm de di\u00e1metro en orificios de 50 mm.<br \/>\nLa pel\u00edcula adhesiva transparente de 50\u00b5 de alta calidad es resistente a los ara\u00f1azos, contiene un revestimiento protector contra los rayos UV y es permanentemente adhesiva.<br \/>\nAs\u00ed se consigue una fijaci\u00f3n segura, firme y visualmente bella para el adaptador.<\/p>\n<p><strong>Nota:<\/strong> El adaptador de taladro no debe someterse a una presi\u00f3n permanente de efecto palanca, de lo contrario podr\u00eda aflojarse. S\u00f3lo es adecuado para conexiones rectas.<\/p>","protected":false},"excerpt":{"rendered":"<p>Contenido: 1x disco acr\u00edlico 50x4mm con agujero de 27mm 1x l\u00e1mina adhesiva transparente 60mm con agujero de 27mm Dimensiones: 60x4mm Material: PMMA, PP Color: transparente \/ cristalino Descripci\u00f3n: Adaptador para fijar elementos con 27mm de di\u00e1metro en agujero de 50mm. La l\u00e1mina adhesiva transparente de 50\u00b5 de alta calidad es resistente a los ara\u00f1azos y contiene un revestimiento protector UV y es","protected":false},"featured_media":4887,"comment_status":"open","ping_status":"closed","template":"","meta":{"_acf_changed":false,"content-type":"","_monsterinsights_skip_tracking":false,"_monsterinsights_sitenote_active":false,"_monsterinsights_sitenote_note":"","_monsterinsights_sitenote_category":0},"product_brand":[],"product_cat":[119,121],"product_tag":[],"class_list":{"0":"post-4737","1":"product","2":"type-product","3":"status-publish","4":"has-post-thumbnail","6":"product_cat-formicarium-components","7":"product_cat-connectors","9":"first","10":"instock","11":"taxable","12":"shipping-taxable","13":"purchasable","14":"product-type-simple"},"acf":[],"aioseo_notices":[],"jetpack_sharing_enabled":true,"_links":{"self":[{"href":"https:\/\/antcube.shop\/es\/wp-json\/wp\/v2\/product\/4737","targetHints":{"allow":["GET"]}}],"collection":[{"href":"https:\/\/antcube.shop\/es\/wp-json\/wp\/v2\/product"}],"about":[{"href":"https:\/\/antcube.shop\/es\/wp-json\/wp\/v2\/types\/product"}],"replies":[{"embeddable":true,"href":"https:\/\/antcube.shop\/es\/wp-json\/wp\/v2\/comments?post=4737"}],"wp:featuredmedia":[{"embeddable":true,"href":"https:\/\/antcube.shop\/es\/wp-json\/wp\/v2\/media\/4887"}],"wp:attachment":[{"href":"https:\/\/antcube.shop\/es\/wp-json\/wp\/v2\/media?parent=4737"}],"wp:term":[{"taxonomy":"product_brand","embeddable":true,"href":"https:\/\/antcube.shop\/es\/wp-json\/wp\/v2\/product_brand?post=4737"},{"taxonomy":"product_cat","embeddable":true,"href":"https:\/\/antcube.shop\/es\/wp-json\/wp\/v2\/product_cat?post=4737"},{"taxonomy":"product_tag","embeddable":true,"href":"https:\/\/antcube.shop\/es\/wp-json\/wp\/v2\/product_tag?post=4737"}],"curies":[{"name":"wp","href":"https:\/\/api.w.org\/{rel}","templated":true}]}}