{"id":4735,"date":"2022-11-14T15:04:59","date_gmt":"2022-11-14T14:04:59","guid":{"rendered":"https:\/\/antcube.shop\/produkt\/rohrkappe-glasklar-fur-32mm\/"},"modified":"2026-04-17T18:45:13","modified_gmt":"2026-04-17T16:45:13","slug":"rohrkappe-glasklar-piel-32mm","status":"publish","type":"product","link":"https:\/\/antcube.shop\/es\/producto\/rohrkappe-glasklar-piel-32mm\/","title":{"rendered":"Tap\u00f3n de tubo transparente para 32 mm"},"content":{"rendered":"<p><strong>Dimensiones (LxAxA):<\/strong> 2,6\u00d74,0x4,0cm<br \/>\n<strong>Di\u00e1metro interior:<\/strong> 32mm<\/p>\n<p><strong>Material:<\/strong> Acr\u00edlico<br \/>\n<strong>Color:<\/strong> Incoloro\/Transparente\/Transparente<\/p>\n<p><strong>Contenido:<\/strong> 1ud.<\/p>\n<p><strong>Especificaciones t\u00e9cnicas:<\/strong><br \/>\nTap\u00f3n de tubo transparente de 40 mm de di\u00e1metro para tubo de 32 mm.<\/p>\n<p><strong>Descripci\u00f3n:<\/strong><br \/>\nTapa de tubo de acr\u00edlico transparente para cerrar los tubos de acr\u00edlico.<\/p>\n<p><strong>Aviso:<\/strong><br \/>\nAl montar los tubos, tenga en cuenta lo siguiente:<br \/>\nDebido a las propiedades del material acr\u00edlico, hay que evitar a toda costa la presi\u00f3n y el apalancamiento. Si la conexi\u00f3n es dif\u00edcil, por favor, con\u00e9ctese con movimientos de torsi\u00f3n cuidadosos y frote un poco de aceite anti-rotura si es necesario.<\/p>","protected":false},"excerpt":{"rendered":"<p>Dimensiones (LxAnxAl): 2,6x4,0x4,0cm Di\u00e1metro interior: 32mm Material: Acr\u00edlico Color: Incoloro\/Transparente\/Transparente Contenido: 1pc. Especificaciones tecnicas: Tapa de tubo cristalina di\u00e1metro 40mm para tubo de 32mm. Descripci\u00f3n: Tap\u00f3n de acr\u00edlico transparente para cerrar tubos de acr\u00edlico. Aviso: Al montar las tuber\u00edas, tenga en cuenta lo siguiente: Debido a las propiedades del material del acr\u00edlico, la presi\u00f3n y el apalancamiento deben ser","protected":false},"featured_media":4894,"comment_status":"open","ping_status":"closed","template":"","meta":{"_acf_changed":false,"content-type":"","_monsterinsights_skip_tracking":false,"_monsterinsights_sitenote_active":false,"_monsterinsights_sitenote_note":"","_monsterinsights_sitenote_category":0},"product_brand":[],"product_cat":[345],"product_tag":[],"class_list":{"0":"post-4735","1":"product","2":"type-product","3":"status-publish","4":"has-post-thumbnail","6":"product_cat-pipe-connectors","8":"first","9":"instock","10":"taxable","11":"shipping-taxable","12":"purchasable","13":"product-type-simple"},"acf":[],"aioseo_notices":[],"jetpack_sharing_enabled":true,"_links":{"self":[{"href":"https:\/\/antcube.shop\/es\/wp-json\/wp\/v2\/product\/4735","targetHints":{"allow":["GET"]}}],"collection":[{"href":"https:\/\/antcube.shop\/es\/wp-json\/wp\/v2\/product"}],"about":[{"href":"https:\/\/antcube.shop\/es\/wp-json\/wp\/v2\/types\/product"}],"replies":[{"embeddable":true,"href":"https:\/\/antcube.shop\/es\/wp-json\/wp\/v2\/comments?post=4735"}],"wp:featuredmedia":[{"embeddable":true,"href":"https:\/\/antcube.shop\/es\/wp-json\/wp\/v2\/media\/4894"}],"wp:attachment":[{"href":"https:\/\/antcube.shop\/es\/wp-json\/wp\/v2\/media?parent=4735"}],"wp:term":[{"taxonomy":"product_brand","embeddable":true,"href":"https:\/\/antcube.shop\/es\/wp-json\/wp\/v2\/product_brand?post=4735"},{"taxonomy":"product_cat","embeddable":true,"href":"https:\/\/antcube.shop\/es\/wp-json\/wp\/v2\/product_cat?post=4735"},{"taxonomy":"product_tag","embeddable":true,"href":"https:\/\/antcube.shop\/es\/wp-json\/wp\/v2\/product_tag?post=4735"}],"curies":[{"name":"wp","href":"https:\/\/api.w.org\/{rel}","templated":true}]}}