{"id":4733,"date":"2022-11-14T15:04:27","date_gmt":"2022-11-14T14:04:27","guid":{"rendered":"https:\/\/antcube.shop\/produkt\/rohrverbinder-glasklar-fur-32mm-l\/"},"modified":"2026-04-01T12:30:03","modified_gmt":"2026-04-01T10:30:03","slug":"rohrverbinder-glasklar-fur-32mm-l","status":"publish","type":"product","link":"https:\/\/antcube.shop\/es\/producto\/rohrverbinder-glasklar-fur-32mm-l\/","title":{"rendered":"Conector de tubo transparente para 32 mm - L"},"content":{"rendered":"<p><strong>Dimensiones (LxAxA):<\/strong> 6,0\u00d74,0x6,0cm<br \/>\n<strong>Di\u00e1metro interior:<\/strong> 32mm<\/p>\n<p><strong>Material:<\/strong> Acr\u00edlico<\/p>\n<p><strong>Color:<\/strong> Incoloro\/Transparente\/Transparente<\/p>\n<p><strong>Contenido:<\/strong> 1ud.<\/p>\n<p><strong>Especificaciones t\u00e9cnicas:<\/strong><br \/>\nConector de tubo en forma de L di\u00e1metro acr\u00edlico 40 mm para tubo de 32 mm.<\/p>\n<p><strong>Descripci\u00f3n:<\/strong><br \/>\nConector de tubos de acr\u00edlico transparente para conectar tubos de acr\u00edlico.<\/p>\n<p><strong>Aviso:<\/strong><br \/>\nAl montar los tubos, tenga en cuenta lo siguiente:<br \/>\nDebido a las propiedades del material acr\u00edlico, hay que evitar a toda costa la presi\u00f3n y el apalancamiento. Si la conexi\u00f3n es dif\u00edcil, por favor, con\u00e9ctese con movimientos de torsi\u00f3n cuidadosos y frote un poco de aceite anti-rotura si es necesario.<\/p>","protected":false},"excerpt":{"rendered":"<p>Dimensiones (LxAxA): 8,1x4,0x6,0cm Di\u00e1metro interior: 32mm Material: Acr\u00edlico Color: incoloro\/transparente\/claro Contenido: 1pc. Especificaciones t\u00e9cnicas: Conector de tuber\u00eda forma T di\u00e1metro acr\u00edlico 40mm para tuber\u00eda de 32mm. Descripci\u00f3n: Conector de tuber\u00eda hecho de acr\u00edlico transparente para conectar tuber\u00edas de acr\u00edlico. Nota: Al montar los tubos, tenga en cuenta lo siguiente: Debido a las propiedades del material acr\u00edlico, la presi\u00f3n y el apalancamiento deben","protected":false},"featured_media":4899,"comment_status":"open","ping_status":"closed","template":"","meta":{"_acf_changed":false,"content-type":"","_monsterinsights_skip_tracking":false,"_monsterinsights_sitenote_active":false,"_monsterinsights_sitenote_note":"","_monsterinsights_sitenote_category":0},"product_brand":[],"product_cat":[345],"product_tag":[],"class_list":{"0":"post-4733","1":"product","2":"type-product","3":"status-publish","4":"has-post-thumbnail","6":"product_cat-pipe-connectors","8":"first","9":"instock","10":"taxable","11":"shipping-taxable","12":"purchasable","13":"product-type-simple"},"acf":[],"aioseo_notices":[],"jetpack_sharing_enabled":true,"_links":{"self":[{"href":"https:\/\/antcube.shop\/es\/wp-json\/wp\/v2\/product\/4733","targetHints":{"allow":["GET"]}}],"collection":[{"href":"https:\/\/antcube.shop\/es\/wp-json\/wp\/v2\/product"}],"about":[{"href":"https:\/\/antcube.shop\/es\/wp-json\/wp\/v2\/types\/product"}],"replies":[{"embeddable":true,"href":"https:\/\/antcube.shop\/es\/wp-json\/wp\/v2\/comments?post=4733"}],"wp:featuredmedia":[{"embeddable":true,"href":"https:\/\/antcube.shop\/es\/wp-json\/wp\/v2\/media\/4899"}],"wp:attachment":[{"href":"https:\/\/antcube.shop\/es\/wp-json\/wp\/v2\/media?parent=4733"}],"wp:term":[{"taxonomy":"product_brand","embeddable":true,"href":"https:\/\/antcube.shop\/es\/wp-json\/wp\/v2\/product_brand?post=4733"},{"taxonomy":"product_cat","embeddable":true,"href":"https:\/\/antcube.shop\/es\/wp-json\/wp\/v2\/product_cat?post=4733"},{"taxonomy":"product_tag","embeddable":true,"href":"https:\/\/antcube.shop\/es\/wp-json\/wp\/v2\/product_tag?post=4733"}],"curies":[{"name":"wp","href":"https:\/\/api.w.org\/{rel}","templated":true}]}}