{"id":4732,"date":"2022-11-14T15:04:12","date_gmt":"2022-11-14T14:04:12","guid":{"rendered":"https:\/\/antcube.shop\/produkt\/rohrverbinder-glasklar-fur-32mm-45\/"},"modified":"2026-04-01T12:30:05","modified_gmt":"2026-04-01T10:30:05","slug":"rohrverbinder-glasklar-fur-32mm-45","status":"publish","type":"product","link":"https:\/\/antcube.shop\/es\/producto\/rohrverbinder-glasklar-fur-32mm-45\/","title":{"rendered":"Conector de tubo transparente para 32 mm - 45\u00b0."},"content":{"rendered":"<p><strong>Dimensiones (LxAxA):<\/strong> 7,2\u00d74,0x5,5cm<br \/>\n<strong>Di\u00e1metro interior:<\/strong> 32mm<\/p>\n<p><strong>Material:<\/strong> Acr\u00edlico<\/p>\n<p><strong>Color:<\/strong> Incoloro\/Transparente\/Transparente<\/p>\n<p><strong>Contenido:<\/strong> 1pieza.<\/p>\n<p><strong>Especificaciones t\u00e9cnicas:<\/strong><br \/>\nConector de tubo acr\u00edlico de 40 mm de di\u00e1metro para tubo de 32 mm.<\/p>\n<p><strong>Descripci\u00f3n:<\/strong><br \/>\nConector de tubos de acr\u00edlico transparente para conectar tubos de acr\u00edlico en un \u00e1ngulo de 45\u00b0.<\/p>\n<p><strong>Aviso:<\/strong><br \/>\nAl montar los tubos, tenga en cuenta lo siguiente:<br \/>\nDebido a las propiedades del material acr\u00edlico, hay que evitar a toda costa la presi\u00f3n y el apalancamiento. Si la conexi\u00f3n es dif\u00edcil, por favor, conecte con movimientos de torsi\u00f3n cuidadosos y frote un poco de aceite anti-rotura si es necesario.<\/p>","protected":false},"excerpt":{"rendered":"<p>Dimensiones (LxAxA): 7,2x4,0x5,5cm Di\u00e1metro interior: 32mm Material: Acr\u00edlico Color: Incoloro\/Transparente\/Transparente Contenido: 1pcs. Especificaciones tecnicas: Conector de tuber\u00eda acr\u00edlico di\u00e1metro 40mm para tuber\u00eda de 32mm. Descripci\u00f3n: Conector de tuber\u00eda hecho de acr\u00edlico transparente para conectar tuber\u00edas de acr\u00edlico en un \u00e1ngulo de 45\u00b0. Nota: Al montar los tubos, tenga en cuenta lo siguiente: Debido a las propiedades del material acr\u00edlico, la presi\u00f3n","protected":false},"featured_media":4901,"comment_status":"open","ping_status":"closed","template":"","meta":{"_acf_changed":false,"content-type":"","_monsterinsights_skip_tracking":false,"_monsterinsights_sitenote_active":false,"_monsterinsights_sitenote_note":"","_monsterinsights_sitenote_category":0},"product_brand":[],"product_cat":[345],"product_tag":[],"class_list":{"0":"post-4732","1":"product","2":"type-product","3":"status-publish","4":"has-post-thumbnail","6":"product_cat-pipe-connectors","8":"first","9":"instock","10":"taxable","11":"shipping-taxable","12":"purchasable","13":"product-type-simple"},"acf":[],"aioseo_notices":[],"jetpack_sharing_enabled":true,"_links":{"self":[{"href":"https:\/\/antcube.shop\/es\/wp-json\/wp\/v2\/product\/4732","targetHints":{"allow":["GET"]}}],"collection":[{"href":"https:\/\/antcube.shop\/es\/wp-json\/wp\/v2\/product"}],"about":[{"href":"https:\/\/antcube.shop\/es\/wp-json\/wp\/v2\/types\/product"}],"replies":[{"embeddable":true,"href":"https:\/\/antcube.shop\/es\/wp-json\/wp\/v2\/comments?post=4732"}],"wp:featuredmedia":[{"embeddable":true,"href":"https:\/\/antcube.shop\/es\/wp-json\/wp\/v2\/media\/4901"}],"wp:attachment":[{"href":"https:\/\/antcube.shop\/es\/wp-json\/wp\/v2\/media?parent=4732"}],"wp:term":[{"taxonomy":"product_brand","embeddable":true,"href":"https:\/\/antcube.shop\/es\/wp-json\/wp\/v2\/product_brand?post=4732"},{"taxonomy":"product_cat","embeddable":true,"href":"https:\/\/antcube.shop\/es\/wp-json\/wp\/v2\/product_cat?post=4732"},{"taxonomy":"product_tag","embeddable":true,"href":"https:\/\/antcube.shop\/es\/wp-json\/wp\/v2\/product_tag?post=4732"}],"curies":[{"name":"wp","href":"https:\/\/api.w.org\/{rel}","templated":true}]}}