{"id":4726,"date":"2022-11-14T15:02:37","date_gmt":"2022-11-14T14:02:37","guid":{"rendered":"https:\/\/antcube.shop\/produkt\/rohrverbindungsring-fur-50mm-rohr\/"},"modified":"2026-03-20T10:38:38","modified_gmt":"2026-03-20T09:38:38","slug":"rohrverbindungsring-fur-50mm-rohr","status":"publish","type":"product","link":"https:\/\/antcube.shop\/es\/producto\/rohrverbindungsring-fur-50mm-rohr\/","title":{"rendered":"Anillo de conexi\u00f3n para tubo de 50 mm"},"content":{"rendered":"<p><strong>Cantidad:<\/strong> 1 pieza<\/p>\n<p><strong>Dimensiones:<\/strong> 50 mm (di\u00e1metro interior), 60x10 mm (dimensiones exteriores)<\/p>\n<p><strong>Color:<\/strong> transparente<\/p>\n<p><strong>Material:<\/strong> acr\u00edlico<\/p>\n<p><strong>Descripci\u00f3n:<\/strong><br \/>\nAnillo de conexi\u00f3n de tubos de acr\u00edlico transparente para conectar tubos de acr\u00edlico.<\/p>\n<p><strong>Aplicaci\u00f3n:<\/strong><br \/>\nPara conectar tubos acr\u00edlicos de 50 mm de di\u00e1metro.<\/p>\n<p><strong>Aviso:<\/strong><br \/>\nAl montar los tubos, tenga en cuenta lo siguiente:<br \/>\nSi resulta muy dif\u00edcil encajar el tubo en el casquillo de conexi\u00f3n, se debe frotar ligeramente el anillo de estanqueidad con una gota de nuestro aceite o polvo de protecci\u00f3n contra la rotura. A continuaci\u00f3n, el tubo debe empujarse sobre el casquillo mediante movimientos de torsi\u00f3n o atornillado, sin cargar el casquillo con movimientos hacia arriba y hacia abajo. Debido a las propiedades del material acr\u00edlico, deben evitarse a toda costa la presi\u00f3n y el apalancamiento.<\/p>\n<p>&nbsp;<\/p>","protected":false},"excerpt":{"rendered":"<p>Cantidad: 1 pieza Dimensiones: 50mm (di\u00e1metro interior), 60x10mm (dimensiones exteriores) Color: transparente Material: acr\u00edlico Descripci\u00f3n: Anillo de conexi\u00f3n de tuber\u00edas hecho de acr\u00edlico transparente para conectar tuber\u00edas acr\u00edlicas. Aplicaci\u00f3n: Para conectar tuber\u00edas acr\u00edlicas con un di\u00e1metro de 50mm. Aviso: Al montar las tuber\u00edas, tenga en cuenta lo siguiente: Si la tuber\u00eda es muy dif\u00edcil de encajar en el enchufe de conexi\u00f3n,","protected":false},"featured_media":4921,"comment_status":"open","ping_status":"closed","template":"","meta":{"_acf_changed":false,"content-type":"","_monsterinsights_skip_tracking":false,"_monsterinsights_sitenote_active":false,"_monsterinsights_sitenote_note":"","_monsterinsights_sitenote_category":0},"product_brand":[],"product_cat":[345],"product_tag":[],"class_list":{"0":"post-4726","1":"product","2":"type-product","3":"status-publish","4":"has-post-thumbnail","6":"product_cat-pipe-connectors","8":"first","9":"instock","10":"taxable","11":"shipping-taxable","12":"purchasable","13":"product-type-simple"},"acf":[],"aioseo_notices":[],"jetpack_sharing_enabled":true,"_links":{"self":[{"href":"https:\/\/antcube.shop\/es\/wp-json\/wp\/v2\/product\/4726","targetHints":{"allow":["GET"]}}],"collection":[{"href":"https:\/\/antcube.shop\/es\/wp-json\/wp\/v2\/product"}],"about":[{"href":"https:\/\/antcube.shop\/es\/wp-json\/wp\/v2\/types\/product"}],"replies":[{"embeddable":true,"href":"https:\/\/antcube.shop\/es\/wp-json\/wp\/v2\/comments?post=4726"}],"wp:featuredmedia":[{"embeddable":true,"href":"https:\/\/antcube.shop\/es\/wp-json\/wp\/v2\/media\/4921"}],"wp:attachment":[{"href":"https:\/\/antcube.shop\/es\/wp-json\/wp\/v2\/media?parent=4726"}],"wp:term":[{"taxonomy":"product_brand","embeddable":true,"href":"https:\/\/antcube.shop\/es\/wp-json\/wp\/v2\/product_brand?post=4726"},{"taxonomy":"product_cat","embeddable":true,"href":"https:\/\/antcube.shop\/es\/wp-json\/wp\/v2\/product_cat?post=4726"},{"taxonomy":"product_tag","embeddable":true,"href":"https:\/\/antcube.shop\/es\/wp-json\/wp\/v2\/product_tag?post=4726"}],"curies":[{"name":"wp","href":"https:\/\/api.w.org\/{rel}","templated":true}]}}