{"id":4725,"date":"2022-11-14T15:02:22","date_gmt":"2022-11-14T14:02:22","guid":{"rendered":"https:\/\/antcube.shop\/produkt\/rohrverbinder-glasklar-fur-50mm-t\/"},"modified":"2026-04-10T09:27:59","modified_gmt":"2026-04-10T07:27:59","slug":"rohrverbinder-glasklar-fur-50mm-t","status":"publish","type":"product","link":"https:\/\/antcube.shop\/es\/producto\/rohrverbinder-glasklar-fur-50mm-t\/","title":{"rendered":"Conector de tubo transparente para 50 mm - T"},"content":{"rendered":"<p><strong>Dimensiones (LxAxA):<\/strong><br \/>\n<strong>Di\u00e1metro interior:<\/strong> 50 mm<\/p>\n<p><strong>Material:<\/strong> Acr\u00edlico<\/p>\n<p><strong>Color:<\/strong> Incoloro\/Transparente\/Transparente<\/p>\n<p><strong>Contenido:<\/strong> 1pieza.<\/p>\n<p><strong>Especificaciones t\u00e9cnicas:<\/strong><br \/>\nConector de tubo en forma de T di\u00e1metro acr\u00edlico 60 mm para tubo de 50 mm.<\/p>\n<p><strong>Descripci\u00f3n:<\/strong><br \/>\nConector de tubos de acr\u00edlico transparente para conectar tubos de acr\u00edlico.<\/p>\n<p><strong>Aviso:<\/strong><br \/>\nAl montar los tubos, tenga en cuenta lo siguiente:<br \/>\nDebido a las propiedades del material acr\u00edlico, hay que evitar a toda costa la presi\u00f3n y el apalancamiento. Si la conexi\u00f3n es dif\u00edcil, por favor, con\u00e9ctese con movimientos de torsi\u00f3n cuidadosos y frote un poco de aceite anti-rotura si es necesario.<\/p>","protected":false},"excerpt":{"rendered":"<p>Dimensiones (LxAxA): Di\u00e1metro interior: 50mm Material: Acr\u00edlico Color: Incoloro\/Transparente\/Transparente Contenido: 1pcs. Especificaciones t\u00e9cnicas: Conector de tuber\u00eda forma T di\u00e1metro acr\u00edlico 60mm para tuber\u00eda de 50mm. Descripci\u00f3n: Conector de tuber\u00eda hecho de acr\u00edlico transparente para conectar tuber\u00edas de acr\u00edlico. Nota: Al montar los tubos, tenga en cuenta lo siguiente: Debido a las propiedades del material acr\u00edlico, la presi\u00f3n y el apalancamiento deben ser","protected":false},"featured_media":4927,"comment_status":"open","ping_status":"closed","template":"","meta":{"_acf_changed":false,"content-type":"","_monsterinsights_skip_tracking":false,"_monsterinsights_sitenote_active":false,"_monsterinsights_sitenote_note":"","_monsterinsights_sitenote_category":0},"product_brand":[],"product_cat":[345],"product_tag":[],"class_list":{"0":"post-4725","1":"product","2":"type-product","3":"status-publish","4":"has-post-thumbnail","6":"product_cat-pipe-connectors","8":"first","9":"instock","10":"taxable","11":"shipping-taxable","12":"purchasable","13":"product-type-simple"},"acf":[],"aioseo_notices":[],"jetpack_sharing_enabled":true,"_links":{"self":[{"href":"https:\/\/antcube.shop\/es\/wp-json\/wp\/v2\/product\/4725","targetHints":{"allow":["GET"]}}],"collection":[{"href":"https:\/\/antcube.shop\/es\/wp-json\/wp\/v2\/product"}],"about":[{"href":"https:\/\/antcube.shop\/es\/wp-json\/wp\/v2\/types\/product"}],"replies":[{"embeddable":true,"href":"https:\/\/antcube.shop\/es\/wp-json\/wp\/v2\/comments?post=4725"}],"wp:featuredmedia":[{"embeddable":true,"href":"https:\/\/antcube.shop\/es\/wp-json\/wp\/v2\/media\/4927"}],"wp:attachment":[{"href":"https:\/\/antcube.shop\/es\/wp-json\/wp\/v2\/media?parent=4725"}],"wp:term":[{"taxonomy":"product_brand","embeddable":true,"href":"https:\/\/antcube.shop\/es\/wp-json\/wp\/v2\/product_brand?post=4725"},{"taxonomy":"product_cat","embeddable":true,"href":"https:\/\/antcube.shop\/es\/wp-json\/wp\/v2\/product_cat?post=4725"},{"taxonomy":"product_tag","embeddable":true,"href":"https:\/\/antcube.shop\/es\/wp-json\/wp\/v2\/product_tag?post=4725"}],"curies":[{"name":"wp","href":"https:\/\/api.w.org\/{rel}","templated":true}]}}