{"id":4722,"date":"2022-11-14T15:01:32","date_gmt":"2022-11-14T14:01:32","guid":{"rendered":"https:\/\/antcube.shop\/produkt\/becken-rohrverbinder-3-4-zu-50mm-gerade-transparent\/"},"modified":"2026-03-20T10:38:37","modified_gmt":"2026-03-20T09:38:37","slug":"becken-rohrverbinder-3-4-zu-50mm-gerade-transparente","status":"publish","type":"product","link":"https:\/\/antcube.shop\/es\/producto\/becken-rohrverbinder-3-4-zu-50mm-gerade-transparente\/","title":{"rendered":"Conector de tuber\u00eda de lavabo 3\/4\u2033 a 50mm - recto - transparente"},"content":{"rendered":"<p><strong>Dimensiones:<\/strong> 75x60x60mm<\/p>\n<p><strong>Cantidad:<\/strong> 1 unidad<\/p>\n<p><strong>Color:<\/strong> transparente<\/p>\n<p><strong>Material:<\/strong> pl\u00e1stico<\/p>\n<p><strong>Descripci\u00f3n:<\/strong> Este conector de tuber\u00eda de lavabo 3\/4\u2033 encaja en un orificio de 27 mm, as\u00ed como en un di\u00e1metro exterior de tuber\u00eda de 50 mm.<\/p>","protected":false},"excerpt":{"rendered":"<p>Dimensiones: 75x60x60mm Cantidad: 1pc Color: transparente Material: pl\u00e1stico Descripci\u00f3n: Este conector de tuber\u00eda de lavabo 3\/4\" encaja en un agujero de 27mm as\u00ed como en una tuber\u00eda de 50mm de di\u00e1metro exterior.<\/p>","protected":false},"featured_media":4915,"comment_status":"open","ping_status":"closed","template":"","meta":{"_acf_changed":false,"content-type":"","_monsterinsights_skip_tracking":false,"_monsterinsights_sitenote_active":false,"_monsterinsights_sitenote_note":"","_monsterinsights_sitenote_category":0},"product_brand":[],"product_cat":[345],"product_tag":[],"class_list":{"0":"post-4722","1":"product","2":"type-product","3":"status-publish","4":"has-post-thumbnail","6":"product_cat-pipe-connectors","8":"first","9":"instock","10":"taxable","11":"shipping-taxable","12":"purchasable","13":"product-type-simple"},"acf":[],"aioseo_notices":[],"jetpack_sharing_enabled":true,"_links":{"self":[{"href":"https:\/\/antcube.shop\/es\/wp-json\/wp\/v2\/product\/4722","targetHints":{"allow":["GET"]}}],"collection":[{"href":"https:\/\/antcube.shop\/es\/wp-json\/wp\/v2\/product"}],"about":[{"href":"https:\/\/antcube.shop\/es\/wp-json\/wp\/v2\/types\/product"}],"replies":[{"embeddable":true,"href":"https:\/\/antcube.shop\/es\/wp-json\/wp\/v2\/comments?post=4722"}],"wp:featuredmedia":[{"embeddable":true,"href":"https:\/\/antcube.shop\/es\/wp-json\/wp\/v2\/media\/4915"}],"wp:attachment":[{"href":"https:\/\/antcube.shop\/es\/wp-json\/wp\/v2\/media?parent=4722"}],"wp:term":[{"taxonomy":"product_brand","embeddable":true,"href":"https:\/\/antcube.shop\/es\/wp-json\/wp\/v2\/product_brand?post=4722"},{"taxonomy":"product_cat","embeddable":true,"href":"https:\/\/antcube.shop\/es\/wp-json\/wp\/v2\/product_cat?post=4722"},{"taxonomy":"product_tag","embeddable":true,"href":"https:\/\/antcube.shop\/es\/wp-json\/wp\/v2\/product_tag?post=4722"}],"curies":[{"name":"wp","href":"https:\/\/api.w.org\/{rel}","templated":true}]}}