{"id":4720,"date":"2022-11-14T15:01:00","date_gmt":"2022-11-14T14:01:00","guid":{"rendered":"https:\/\/antcube.shop\/produkt\/formicarium-schraubbuchse-fur-50mm-bohrung-transparent\/"},"modified":"2025-10-19T12:40:25","modified_gmt":"2025-10-19T10:40:25","slug":"formicarium-schraubbuchse-fur-50mm-bohrung-transparent","status":"publish","type":"product","link":"https:\/\/antcube.shop\/es\/producto\/formicarium-schraubbuchse-fur-50mm-bohrung-transparent\/","title":{"rendered":"Casquillo de tornillo Formicarium para agujero de 50 mm - transparente"},"content":{"rendered":"<p><strong>Contenido:<\/strong> 1 unidad.<\/p>\n<p><strong>Dimensiones:<\/strong> 68 x 68 x 46 mm (toma de 49 mm)<\/p>\n<p><strong>Material:<\/strong> Pl\u00e1stico<\/p>\n<p><strong>Color:<\/strong> Transparente<\/p>\n<p><strong>Descripci\u00f3n:<\/strong><br \/>\nEste art\u00edculo es un conector de tubo p\u00e9lvico.<br \/>\nAcerca de los conectores de tubo a juego de 50 mm, puede conectar m\u00e1s tubos de 50 mm o m\u00e1s Formicarien con este conector de tubo p\u00e9lvico.<br \/>\nTambi\u00e9n es posible conectar opcionalmente un tubo de 60 mm (60\/56 mm) a trav\u00e9s de la junta de estanqueidad para 50 mm.<br \/>\nO, en el caso de una cubierta, pueden utilizarse tomas de porcelana adecuadas para luminarias.<\/p>\n<p><strong>Aviso:<\/strong><br \/>\nDado que el di\u00e1metro de este z\u00f3calo es de s\u00f3lo 49 mm en lugar de 50 mm, necesita los anillos de sellado o una envoltura de la pel\u00edcula adhesiva cristalina para llegar al di\u00e1metro de 50 mm para una conexi\u00f3n herm\u00e9tica.<\/p>","protected":false},"excerpt":{"rendered":"<p>Contenido: 1 ud. Dimensiones: 68 x 68 x 46 mm (49mm z\u00f3calo) Material: Pl\u00e1stico Color: Transparente Descripci\u00f3n: Este art\u00edculo es un conector de tubo p\u00e9lvico. Acerca de los conectores de tubo a juego 50mm, puede conectar m\u00e1s tubos de 50 mm o m\u00e1s Formicarien con este conector de tubo p\u00e9lvico. Tambi\u00e9n es posible conectar opcionalmente un tubo de 60mm (60\/56mm) a trav\u00e9s de","protected":false},"featured_media":4924,"comment_status":"open","ping_status":"closed","template":"","meta":{"_acf_changed":false,"content-type":"","_monsterinsights_skip_tracking":false,"_monsterinsights_sitenote_active":false,"_monsterinsights_sitenote_note":"","_monsterinsights_sitenote_category":0},"product_brand":[],"product_cat":[345],"product_tag":[],"class_list":{"0":"post-4720","1":"product","2":"type-product","3":"status-publish","4":"has-post-thumbnail","6":"product_cat-pipe-connectors","8":"first","9":"outofstock","10":"taxable","11":"shipping-taxable","12":"purchasable","13":"product-type-simple"},"acf":[],"aioseo_notices":[],"jetpack_sharing_enabled":true,"_links":{"self":[{"href":"https:\/\/antcube.shop\/es\/wp-json\/wp\/v2\/product\/4720","targetHints":{"allow":["GET"]}}],"collection":[{"href":"https:\/\/antcube.shop\/es\/wp-json\/wp\/v2\/product"}],"about":[{"href":"https:\/\/antcube.shop\/es\/wp-json\/wp\/v2\/types\/product"}],"replies":[{"embeddable":true,"href":"https:\/\/antcube.shop\/es\/wp-json\/wp\/v2\/comments?post=4720"}],"wp:featuredmedia":[{"embeddable":true,"href":"https:\/\/antcube.shop\/es\/wp-json\/wp\/v2\/media\/4924"}],"wp:attachment":[{"href":"https:\/\/antcube.shop\/es\/wp-json\/wp\/v2\/media?parent=4720"}],"wp:term":[{"taxonomy":"product_brand","embeddable":true,"href":"https:\/\/antcube.shop\/es\/wp-json\/wp\/v2\/product_brand?post=4720"},{"taxonomy":"product_cat","embeddable":true,"href":"https:\/\/antcube.shop\/es\/wp-json\/wp\/v2\/product_cat?post=4720"},{"taxonomy":"product_tag","embeddable":true,"href":"https:\/\/antcube.shop\/es\/wp-json\/wp\/v2\/product_tag?post=4720"}],"curies":[{"name":"wp","href":"https:\/\/api.w.org\/{rel}","templated":true}]}}