{"id":4718,"date":"2022-11-14T15:00:29","date_gmt":"2022-11-14T14:00:29","guid":{"rendered":"https:\/\/antcube.shop\/produkt\/dschungelliane-o-10-mm\/"},"modified":"2026-03-23T09:46:08","modified_gmt":"2026-03-23T08:46:08","slug":"dschungelliane-o-10-mm","status":"publish","type":"product","link":"https:\/\/antcube.shop\/es\/producto\/dschungelliane-o-10-mm\/","title":{"rendered":"Lianas de selva - \u00d8 10 mm"},"content":{"rendered":"<p><strong>Descripci\u00f3n:<\/strong><br \/>\nEsta liana de aspecto natural proporciona un excelente soporte, adem\u00e1s de ser muy flexible y giratoria. Esto la hace ideal para las especies de hormigas que viven en los \u00e1rboles y como ayuda para trepar en tubos acr\u00edlicos y formicarios. Al utilizar una liana, se crea un h\u00e1bitat tridimensional que ofrece m\u00e1s espacio para el movimiento. Adem\u00e1s, las lianas son f\u00e1ciles de limpiar gracias a su material hidr\u00f3fugo.<\/p>\n<p><strong>Dimensiones:<\/strong><br \/>\n200 x 1 x 1 cm<\/p>\n<p>&nbsp;<\/p>\n<p>&nbsp;<\/p>","protected":false},"excerpt":{"rendered":"<p>Tama\u00f1o: 200 x 1 x 1 cm<\/p>","protected":false},"featured_media":4937,"comment_status":"open","ping_status":"closed","template":"","meta":{"_acf_changed":false,"content-type":"","_monsterinsights_skip_tracking":false,"_monsterinsights_sitenote_active":false,"_monsterinsights_sitenote_note":"","_monsterinsights_sitenote_category":0},"product_brand":[],"product_cat":[95,98,100],"product_tag":[],"class_list":{"0":"post-4718","1":"product","2":"type-product","3":"status-publish","4":"has-post-thumbnail","6":"product_cat-accessories-for-ants","7":"product_cat-decoration","8":"product_cat-rainforest","10":"first","11":"instock","12":"taxable","13":"shipping-taxable","14":"purchasable","15":"product-type-simple"},"acf":[],"aioseo_notices":[],"jetpack_sharing_enabled":true,"_links":{"self":[{"href":"https:\/\/antcube.shop\/es\/wp-json\/wp\/v2\/product\/4718","targetHints":{"allow":["GET"]}}],"collection":[{"href":"https:\/\/antcube.shop\/es\/wp-json\/wp\/v2\/product"}],"about":[{"href":"https:\/\/antcube.shop\/es\/wp-json\/wp\/v2\/types\/product"}],"replies":[{"embeddable":true,"href":"https:\/\/antcube.shop\/es\/wp-json\/wp\/v2\/comments?post=4718"}],"wp:featuredmedia":[{"embeddable":true,"href":"https:\/\/antcube.shop\/es\/wp-json\/wp\/v2\/media\/4937"}],"wp:attachment":[{"href":"https:\/\/antcube.shop\/es\/wp-json\/wp\/v2\/media?parent=4718"}],"wp:term":[{"taxonomy":"product_brand","embeddable":true,"href":"https:\/\/antcube.shop\/es\/wp-json\/wp\/v2\/product_brand?post=4718"},{"taxonomy":"product_cat","embeddable":true,"href":"https:\/\/antcube.shop\/es\/wp-json\/wp\/v2\/product_cat?post=4718"},{"taxonomy":"product_tag","embeddable":true,"href":"https:\/\/antcube.shop\/es\/wp-json\/wp\/v2\/product_tag?post=4718"}],"curies":[{"name":"wp","href":"https:\/\/api.w.org\/{rel}","templated":true}]}}