{"id":4716,"date":"2022-11-14T14:59:57","date_gmt":"2022-11-14T13:59:57","guid":{"rendered":"https:\/\/antcube.shop\/produkt\/gittereinsatz-acryl-50-mm-klar-fein\/"},"modified":"2026-04-05T19:45:28","modified_gmt":"2026-04-05T17:45:28","slug":"gittereinsatz-acryl-50-mm-klar-fein","status":"publish","type":"product","link":"https:\/\/antcube.shop\/es\/producto\/gittereinsatz-acryl-50-mm-klar-fein\/","title":{"rendered":"Rejilla acr\u00edlica 50 mm - transparente - fina"},"content":{"rendered":"<p><strong>Cantidad:<\/strong> 1 pieza<\/p>\n<p><strong>Dimensiones:<\/strong> 60x10mm<\/p>\n<p><strong>Color:<\/strong> borrar<\/p>\n<p><strong>Material:<\/strong> pl\u00e1stico, acero inoxidable<\/p>\n<p><strong>Descripci\u00f3n:<\/strong> Rejilla de ventilaci\u00f3n de 50 mm de di\u00e1metro enchufable para cerrar aberturas de 50 mm de di\u00e1metro. Contiene el art\u00edculo \"Inserto de rejilla acr\u00edlico de 50 mm - transparente\" combinado con una rejilla de acero inoxidable muy fina y muy robusta (0,2-0,3 mm), que impide que incluso las hormigas m\u00e1s peque\u00f1as salgan por las amplias ranuras de ventilaci\u00f3n del inserto de rejilla. Tambi\u00e9n es adecuado para especies muy mordedoras, como las hormigas cortadoras de hojas.<\/p>","protected":false},"excerpt":{"rendered":"<p>Para agujeros\/aberturas de 50 mm de di\u00e1metro.<\/p>","protected":false},"featured_media":4809,"comment_status":"open","ping_status":"closed","template":"","meta":{"_acf_changed":false,"content-type":"","_monsterinsights_skip_tracking":false,"_monsterinsights_sitenote_active":false,"_monsterinsights_sitenote_note":"","_monsterinsights_sitenote_category":0},"product_brand":[],"product_cat":[238],"product_tag":[],"class_list":{"0":"post-4716","1":"product","2":"type-product","3":"status-publish","4":"has-post-thumbnail","6":"product_cat-grid-caps-plugs-and-inserts","8":"first","9":"instock","10":"taxable","11":"shipping-taxable","12":"purchasable","13":"product-type-simple"},"acf":[],"aioseo_notices":[],"jetpack_sharing_enabled":true,"_links":{"self":[{"href":"https:\/\/antcube.shop\/es\/wp-json\/wp\/v2\/product\/4716","targetHints":{"allow":["GET"]}}],"collection":[{"href":"https:\/\/antcube.shop\/es\/wp-json\/wp\/v2\/product"}],"about":[{"href":"https:\/\/antcube.shop\/es\/wp-json\/wp\/v2\/types\/product"}],"replies":[{"embeddable":true,"href":"https:\/\/antcube.shop\/es\/wp-json\/wp\/v2\/comments?post=4716"}],"wp:featuredmedia":[{"embeddable":true,"href":"https:\/\/antcube.shop\/es\/wp-json\/wp\/v2\/media\/4809"}],"wp:attachment":[{"href":"https:\/\/antcube.shop\/es\/wp-json\/wp\/v2\/media?parent=4716"}],"wp:term":[{"taxonomy":"product_brand","embeddable":true,"href":"https:\/\/antcube.shop\/es\/wp-json\/wp\/v2\/product_brand?post=4716"},{"taxonomy":"product_cat","embeddable":true,"href":"https:\/\/antcube.shop\/es\/wp-json\/wp\/v2\/product_cat?post=4716"},{"taxonomy":"product_tag","embeddable":true,"href":"https:\/\/antcube.shop\/es\/wp-json\/wp\/v2\/product_tag?post=4716"}],"curies":[{"name":"wp","href":"https:\/\/api.w.org\/{rel}","templated":true}]}}