{"id":4712,"date":"2022-11-14T14:58:33","date_gmt":"2022-11-14T13:58:33","guid":{"rendered":"https:\/\/antcube.shop\/produkt\/humus-ziegel-brick-650g-ergibt-8-9l\/"},"modified":"2026-04-22T11:12:37","modified_gmt":"2026-04-22T09:12:37","slug":"humus-ziegel-brick-650g-ergibt-8-9l","status":"publish","type":"product","link":"https:\/\/antcube.shop\/es\/producto\/humus-ziegel-brick-650g-ergibt-8-9l\/","title":{"rendered":"Ladrillo de humus 650g - resultando 8-9l"},"content":{"rendered":"<p><strong>Contenido \/ volumen:<\/strong> 650g hacen 8-10 litros.<\/p>\n<p><strong>Descripci\u00f3n:<\/strong> El Formicarium Humus consiste en humus natural de fibra de coco que ha sido comprimido en forma de ladrillo. Cuando se combina con agua, el ladrillo de humus se hincha hasta aproximadamente 8-10 veces su volumen. Este humus de formicario enterrable es excelente para las hormigas de las regiones tropicales y puede utilizarse tanto en seco como en h\u00famedo. El Humus Formicarium es un producto natural puro, garantizado sin ning\u00fan producto qu\u00edmico, pesticida o fertilizante y 100% compostable.<\/p>\n<p>- 100% fabricado con materias primas renovables de origen vegetal<br \/>\n- alta absorbencia<br \/>\n- gran capacidad de almacenamiento de agua<\/p>\n<p><strong>Instrucciones:<\/strong> Sumergir el ladrillo en 4-5 litros de agua caliente en un recipiente durante unos 20-30 minutos. Si el ladrillo no se ha disuelto del todo, deshaga el resto con la mano. Exprima el exceso de agua del humus si es necesario.<\/p>","protected":false},"excerpt":{"rendered":"<p>Contenido \/ volumen: 650g hacen 8-10 litros. Descripci\u00f3n: El Formicarium Humus consiste en humus natural de fibra de coco que ha sido comprimido en forma de ladrillo. Cuando se combina con agua, el ladrillo de humus se hincha hasta aproximadamente 8-10 veces su volumen. Este humus de formicario enterrable es excelente para las hormigas de las regiones tropicales y puede utilizarse tanto en seco [...]","protected":false},"featured_media":4811,"comment_status":"open","ping_status":"closed","template":"","meta":{"_acf_changed":false,"content-type":"","_monsterinsights_skip_tracking":false,"_monsterinsights_sitenote_active":false,"_monsterinsights_sitenote_note":"","_monsterinsights_sitenote_category":0},"product_brand":[],"product_cat":[96],"product_tag":[],"class_list":{"0":"post-4712","1":"product","2":"type-product","3":"status-publish","4":"has-post-thumbnail","6":"product_cat-soil","8":"first","9":"instock","10":"taxable","11":"shipping-taxable","12":"purchasable","13":"product-type-simple"},"acf":[],"aioseo_notices":[],"jetpack_sharing_enabled":true,"_links":{"self":[{"href":"https:\/\/antcube.shop\/es\/wp-json\/wp\/v2\/product\/4712","targetHints":{"allow":["GET"]}}],"collection":[{"href":"https:\/\/antcube.shop\/es\/wp-json\/wp\/v2\/product"}],"about":[{"href":"https:\/\/antcube.shop\/es\/wp-json\/wp\/v2\/types\/product"}],"replies":[{"embeddable":true,"href":"https:\/\/antcube.shop\/es\/wp-json\/wp\/v2\/comments?post=4712"}],"wp:featuredmedia":[{"embeddable":true,"href":"https:\/\/antcube.shop\/es\/wp-json\/wp\/v2\/media\/4811"}],"wp:attachment":[{"href":"https:\/\/antcube.shop\/es\/wp-json\/wp\/v2\/media?parent=4712"}],"wp:term":[{"taxonomy":"product_brand","embeddable":true,"href":"https:\/\/antcube.shop\/es\/wp-json\/wp\/v2\/product_brand?post=4712"},{"taxonomy":"product_cat","embeddable":true,"href":"https:\/\/antcube.shop\/es\/wp-json\/wp\/v2\/product_cat?post=4712"},{"taxonomy":"product_tag","embeddable":true,"href":"https:\/\/antcube.shop\/es\/wp-json\/wp\/v2\/product_tag?post=4712"}],"curies":[{"name":"wp","href":"https:\/\/api.w.org\/{rel}","templated":true}]}}