{"id":4710,"date":"2022-11-14T14:58:00","date_gmt":"2022-11-14T13:58:00","guid":{"rendered":"https:\/\/antcube.shop\/produkt\/bodengrund-sand-lehm-weis-1000g\/"},"modified":"2026-04-06T18:30:28","modified_gmt":"2026-04-06T16:30:28","slug":"bodengrund-sand-lehm-weis-1000g","status":"publish","type":"product","link":"https:\/\/antcube.shop\/es\/producto\/bodengrund-sand-lehm-weis-1000g\/","title":{"rendered":"Sustrato - Arena-espuma blanca - 1000g"},"content":{"rendered":"<p><strong>Contenido:<\/strong> 1000g<\/p>\n<p><strong>Material:<\/strong> arena, cal, aglutinante de cal<\/p>\n<p><strong>Color:<\/strong> blanco<\/p>\n<p><strong>Proporci\u00f3n de la mezcla:<\/strong> diggable<\/p>\n<p><strong>Descripci\u00f3n:<\/strong> Esta mezcla de arena y arcilla ya preparada es un producto natural puro. El colorante procede de la arena de cal blanca. La fuerza proviene de una mezcla de cal aglutinante, que es inofensiva para los animales.<\/p>\n<p><strong>Aplicaci\u00f3n:<\/strong> \u00a1Tierra de excavaci\u00f3n, se puede utilizar para el nido y el \u00e1rea de la arena! Tiene una mayor resistencia en comparaci\u00f3n con el suelo de color beige, tambi\u00e9n en la condici\u00f3n h\u00fameda.<\/p>\n<p><strong>Nota:<\/strong> Al tratarse de un producto puramente natural, puede haber peque\u00f1as diferencias de color y estructura sobre las que no podemos influir.<\/p>\n<p><strong>Es importante:<\/strong> Por favor, humedezca el sustrato antes de usarlo, para que la mezcla pueda combinarse y desarrollarse firmemente en el hormiguero. Adem\u00e1s, un sustrato demasiado seco y polvoriento puede provocar la obstrucci\u00f3n de las v\u00edas respiratorias de las hormigas y, en el peor de los casos, la asfixia de los animales.<\/p>","protected":false},"excerpt":{"rendered":"<p>Sustrato natural - excavable<\/p>","protected":false},"featured_media":5725,"comment_status":"open","ping_status":"closed","template":"","meta":{"_acf_changed":false,"content-type":"","_monsterinsights_skip_tracking":false,"_monsterinsights_sitenote_active":false,"_monsterinsights_sitenote_note":"","_monsterinsights_sitenote_category":0},"product_brand":[],"product_cat":[95,96],"product_tag":[],"class_list":{"0":"post-4710","1":"product","2":"type-product","3":"status-publish","4":"has-post-thumbnail","6":"product_cat-accessories-for-ants","7":"product_cat-soil","9":"first","10":"instock","11":"taxable","12":"shipping-taxable","13":"purchasable","14":"product-type-simple"},"acf":[],"aioseo_notices":[],"jetpack_sharing_enabled":true,"_links":{"self":[{"href":"https:\/\/antcube.shop\/es\/wp-json\/wp\/v2\/product\/4710","targetHints":{"allow":["GET"]}}],"collection":[{"href":"https:\/\/antcube.shop\/es\/wp-json\/wp\/v2\/product"}],"about":[{"href":"https:\/\/antcube.shop\/es\/wp-json\/wp\/v2\/types\/product"}],"replies":[{"embeddable":true,"href":"https:\/\/antcube.shop\/es\/wp-json\/wp\/v2\/comments?post=4710"}],"wp:featuredmedia":[{"embeddable":true,"href":"https:\/\/antcube.shop\/es\/wp-json\/wp\/v2\/media\/5725"}],"wp:attachment":[{"href":"https:\/\/antcube.shop\/es\/wp-json\/wp\/v2\/media?parent=4710"}],"wp:term":[{"taxonomy":"product_brand","embeddable":true,"href":"https:\/\/antcube.shop\/es\/wp-json\/wp\/v2\/product_brand?post=4710"},{"taxonomy":"product_cat","embeddable":true,"href":"https:\/\/antcube.shop\/es\/wp-json\/wp\/v2\/product_cat?post=4710"},{"taxonomy":"product_tag","embeddable":true,"href":"https:\/\/antcube.shop\/es\/wp-json\/wp\/v2\/product_tag?post=4710"}],"curies":[{"name":"wp","href":"https:\/\/api.w.org\/{rel}","templated":true}]}}