{"id":4702,"date":"2022-11-14T14:55:34","date_gmt":"2022-11-14T13:55:34","guid":{"rendered":"https:\/\/antcube.shop\/produkt\/antcube-ameisenarenaeinsatz-s-20x20\/"},"modified":"2025-10-18T22:49:11","modified_gmt":"2025-10-18T20:49:11","slug":"antcube-ameisenarenaeinsatz-s-20x20","status":"publish","type":"product","link":"https:\/\/antcube.shop\/es\/producto\/antcube-ameisenarenaeinsatz-s-20x20\/","title":{"rendered":"ANTCUBE hormiguero - S - 20\u00d720"},"content":{"rendered":"<p><strong>Dimensiones:<\/strong><br \/>\nexterior: 190 x 14 x 176 mm<br \/>\ninterior: 184 x 6 x 169 mm<\/p>\n<p><strong>Material:<\/strong> vidrio flotado<\/p>\n<p><strong>Color:<\/strong> transparente<\/p>\n<p><strong>Contenido:<\/strong><br \/>\n1x inserto de hormiguero<br \/>\n1x funda<br \/>\n1x puntos de fijaci\u00f3n 2 uds.<\/p>\n<p><strong>Descripci\u00f3n:<\/strong><br \/>\nEste inserto de nido puede colocarse dentro de un hormiguero ANTCUBE y rellenarse con un material adecuado para excavar (por ejemplo, una mezcla de arena y arcilla o Digfix). La particularidad es que puede extraerse c\u00f3modamente del hormiguero, por ejemplo, para pasar el invierno con las hormigas. Como entrada y salida y para la ventilaci\u00f3n hay dos agujeros de 10 mm en la zona inferior. Para la hibernaci\u00f3n se pueden cerrar con tapones de 10 mm. <strong>(no est\u00e1n incluidos)<\/strong>.<\/p>\n<p><strong>Nota:<\/strong> El vidrio se corta seg\u00fan la norma DIN 1249 con una tolerancia de +\/- 1 mm. En el caso de especies de hormigas extremadamente peque\u00f1as, es imprescindible una protecci\u00f3n adicional contra la rotura.<\/p>\n<p>&nbsp;<\/p>","protected":false},"excerpt":{"rendered":"<p>Tama\u00f1o: <strong><span style=\"color: #ff9900;\">S<\/span><\/strong><\/p>","protected":false},"featured_media":4998,"comment_status":"open","ping_status":"closed","template":"","meta":{"_acf_changed":false,"content-type":"","_monsterinsights_skip_tracking":false,"_monsterinsights_sitenote_active":false,"_monsterinsights_sitenote_note":"","_monsterinsights_sitenote_category":0},"product_brand":[],"product_cat":[91,94],"product_tag":[],"class_list":{"0":"post-4702","1":"product","2":"type-product","3":"status-publish","4":"has-post-thumbnail","6":"product_cat-formicarium-modules","7":"product_cat-arena-inset","9":"first","10":"outofstock","11":"taxable","12":"shipping-taxable","13":"purchasable","14":"product-type-simple"},"acf":[],"aioseo_notices":[],"jetpack_sharing_enabled":true,"_links":{"self":[{"href":"https:\/\/antcube.shop\/es\/wp-json\/wp\/v2\/product\/4702","targetHints":{"allow":["GET"]}}],"collection":[{"href":"https:\/\/antcube.shop\/es\/wp-json\/wp\/v2\/product"}],"about":[{"href":"https:\/\/antcube.shop\/es\/wp-json\/wp\/v2\/types\/product"}],"replies":[{"embeddable":true,"href":"https:\/\/antcube.shop\/es\/wp-json\/wp\/v2\/comments?post=4702"}],"wp:featuredmedia":[{"embeddable":true,"href":"https:\/\/antcube.shop\/es\/wp-json\/wp\/v2\/media\/4998"}],"wp:attachment":[{"href":"https:\/\/antcube.shop\/es\/wp-json\/wp\/v2\/media?parent=4702"}],"wp:term":[{"taxonomy":"product_brand","embeddable":true,"href":"https:\/\/antcube.shop\/es\/wp-json\/wp\/v2\/product_brand?post=4702"},{"taxonomy":"product_cat","embeddable":true,"href":"https:\/\/antcube.shop\/es\/wp-json\/wp\/v2\/product_cat?post=4702"},{"taxonomy":"product_tag","embeddable":true,"href":"https:\/\/antcube.shop\/es\/wp-json\/wp\/v2\/product_tag?post=4702"}],"curies":[{"name":"wp","href":"https:\/\/api.w.org\/{rel}","templated":true}]}}