{"id":4694,"date":"2022-11-14T14:53:29","date_gmt":"2022-11-14T13:53:29","guid":{"rendered":"https:\/\/antcube.shop\/produkt\/antcube-einbauarena-30x30x20\/"},"modified":"2026-04-16T13:04:27","modified_gmt":"2026-04-16T11:04:27","slug":"antcube-einbauarena-30x30x20","status":"publish","type":"product","link":"https:\/\/antcube.shop\/es\/producto\/antcube-einbauarena-30x30x20\/","title":{"rendered":"ANTCUBE arena equipada 30x30x20"},"content":{"rendered":"<p>ANTCUBE arena equipada 30x30x20 cm con 2x 27mm agujero.<\/p>\n<p><strong>Dimensiones:<\/strong> 300 x 300 x 200 mm; 4 mm de grosor de cristal.<br \/>\n<strong>Material:<\/strong> vidrio flotado<\/p>\n<p><strong>Conexi\u00f3n:<\/strong> 2x di\u00e1metro 27 mm<\/p>\n<p><strong>Descripci\u00f3n:<\/strong> ANTCUBE fitted arena, fue desarrollado para colocarlo c\u00f3modamente tambi\u00e9n en compartimentos de estanter\u00edas m\u00e1s peque\u00f1os. Por ejemplo, cabe perfectamente en una estanter\u00eda Kallax. Los agujeros (punto central) est\u00e1n situados en la parte frontal (izquierda y derecha) a 3 cm de altura y 3 cm de distancia del borde exterior. Debido a la posici\u00f3n de los agujeros de 27mm en la parte frontal, (en lugar de en las ventanas laterales como es habitual) puedes a\u00f1adir f\u00e1cilmente m\u00e1s arenas y granjas de hormigas sin perder espacio en los laterales, ni bloquear el acceso a los puertos. La cubierta de la arena, el marco de protecci\u00f3n contra roturas y los elementos de conexi\u00f3n, como los conectores para tubos o mangueras, est\u00e1n disponibles por separado.<\/p>\n<p><strong>Nota:<\/strong> El vidrio se corta seg\u00fan la norma DIN 1249 con una tolerancia de +\/- 1 mm. En el caso de especies de hormigas extremadamente peque\u00f1as, es imprescindible una protecci\u00f3n adicional contra la rotura.<\/p>","protected":false},"excerpt":{"rendered":"<p>Conexi\u00f3n: 2 orificios de 27 mm<\/p>","protected":false},"featured_media":5042,"comment_status":"open","ping_status":"closed","template":"","meta":{"_acf_changed":false,"content-type":"","_monsterinsights_skip_tracking":false,"_monsterinsights_sitenote_active":false,"_monsterinsights_sitenote_note":"","_monsterinsights_sitenote_category":0},"product_brand":[],"product_cat":[85,86],"product_tag":[],"class_list":{"0":"post-4694","1":"product","2":"type-product","3":"status-publish","4":"has-post-thumbnail","6":"product_cat-ant-arenas","7":"product_cat-formicariums","9":"first","10":"instock","11":"taxable","12":"shipping-taxable","13":"purchasable","14":"product-type-simple"},"acf":[],"aioseo_notices":[],"jetpack_sharing_enabled":true,"_links":{"self":[{"href":"https:\/\/antcube.shop\/es\/wp-json\/wp\/v2\/product\/4694","targetHints":{"allow":["GET"]}}],"collection":[{"href":"https:\/\/antcube.shop\/es\/wp-json\/wp\/v2\/product"}],"about":[{"href":"https:\/\/antcube.shop\/es\/wp-json\/wp\/v2\/types\/product"}],"replies":[{"embeddable":true,"href":"https:\/\/antcube.shop\/es\/wp-json\/wp\/v2\/comments?post=4694"}],"wp:featuredmedia":[{"embeddable":true,"href":"https:\/\/antcube.shop\/es\/wp-json\/wp\/v2\/media\/5042"}],"wp:attachment":[{"href":"https:\/\/antcube.shop\/es\/wp-json\/wp\/v2\/media?parent=4694"}],"wp:term":[{"taxonomy":"product_brand","embeddable":true,"href":"https:\/\/antcube.shop\/es\/wp-json\/wp\/v2\/product_brand?post=4694"},{"taxonomy":"product_cat","embeddable":true,"href":"https:\/\/antcube.shop\/es\/wp-json\/wp\/v2\/product_cat?post=4694"},{"taxonomy":"product_tag","embeddable":true,"href":"https:\/\/antcube.shop\/es\/wp-json\/wp\/v2\/product_tag?post=4694"}],"curies":[{"name":"wp","href":"https:\/\/api.w.org\/{rel}","templated":true}]}}