{"id":4687,"date":"2022-11-14T14:51:39","date_gmt":"2022-11-14T13:51:39","guid":{"rendered":"https:\/\/antcube.shop\/produkt\/durchgangsregler-50mm\/"},"modified":"2026-01-12T12:36:29","modified_gmt":"2026-01-12T11:36:29","slug":"durchgangsregler-50mm","status":"publish","type":"product","link":"https:\/\/antcube.shop\/es\/producto\/durchgangsregler-50mm\/","title":{"rendered":"Regulador de paso - 50 mm"},"content":{"rendered":"<p><strong>Dimensiones (LxAxA):<\/strong> 95x 76 x 20 mm<\/p>\n<p><strong>Material:<\/strong> Acr\u00edlico<\/p>\n<p><strong>Color:<\/strong> Incoloro \/ transparente \/ claro<\/p>\n<p><strong>Contenido:<\/strong> 1 unidad (consta de 10 piezas individuales)<\/p>\n<p><strong>Descripci\u00f3n:<\/strong><br \/>\nEl regulador de paso se conecta a una tuber\u00eda.<br \/>\nEl paso puede abrirse o cerrarse a mano.<\/p>\n<p><strong>Aplicaci\u00f3n:<\/strong><br \/>\nPara conectar tubos acr\u00edlicos de 50 mm de di\u00e1metro<\/p>\n<p><strong>Una pista:<\/strong><br \/>\nEl regulador de paso debe estar firmemente encajado en el tubo correspondiente. Si est\u00e1 demasiado flojo, el tubo puede agrandarse con cinta adhesiva transparente para asegurar un ajuste firme.<\/p>","protected":false},"excerpt":{"rendered":"<p>Dimensiones (LxAxA): 95x 76 x 20 mm Material: Acr\u00edlico Color: Incoloro \/ transparente \/ claro Contenido: 1 unidad (consta de 10 piezas individuales) Descripci\u00f3n: El regulador de paso se enchufa en un tubo. El paso se puede abrir o cerrar con la mano. Aplicaci\u00f3n: Para conectar tubos acr\u00edlicos de 50mm de di\u00e1metro Sugerencia: El regulador de paso debe estar firmemente","protected":false},"featured_media":5074,"comment_status":"open","ping_status":"closed","template":"","meta":{"_acf_changed":false,"content-type":"","_monsterinsights_skip_tracking":false,"_monsterinsights_sitenote_active":false,"_monsterinsights_sitenote_note":"","_monsterinsights_sitenote_category":0},"product_brand":[],"product_cat":[345],"product_tag":[],"class_list":{"0":"post-4687","1":"product","2":"type-product","3":"status-publish","4":"has-post-thumbnail","6":"product_cat-pipe-connectors","8":"first","9":"instock","10":"taxable","11":"shipping-taxable","12":"purchasable","13":"product-type-simple"},"acf":[],"aioseo_notices":[],"jetpack_sharing_enabled":true,"_links":{"self":[{"href":"https:\/\/antcube.shop\/es\/wp-json\/wp\/v2\/product\/4687","targetHints":{"allow":["GET"]}}],"collection":[{"href":"https:\/\/antcube.shop\/es\/wp-json\/wp\/v2\/product"}],"about":[{"href":"https:\/\/antcube.shop\/es\/wp-json\/wp\/v2\/types\/product"}],"replies":[{"embeddable":true,"href":"https:\/\/antcube.shop\/es\/wp-json\/wp\/v2\/comments?post=4687"}],"wp:featuredmedia":[{"embeddable":true,"href":"https:\/\/antcube.shop\/es\/wp-json\/wp\/v2\/media\/5074"}],"wp:attachment":[{"href":"https:\/\/antcube.shop\/es\/wp-json\/wp\/v2\/media?parent=4687"}],"wp:term":[{"taxonomy":"product_brand","embeddable":true,"href":"https:\/\/antcube.shop\/es\/wp-json\/wp\/v2\/product_brand?post=4687"},{"taxonomy":"product_cat","embeddable":true,"href":"https:\/\/antcube.shop\/es\/wp-json\/wp\/v2\/product_cat?post=4687"},{"taxonomy":"product_tag","embeddable":true,"href":"https:\/\/antcube.shop\/es\/wp-json\/wp\/v2\/product_tag?post=4687"}],"curies":[{"name":"wp","href":"https:\/\/api.w.org\/{rel}","templated":true}]}}