{"id":4681,"date":"2022-11-14T14:42:13","date_gmt":"2022-11-14T13:42:13","guid":{"rendered":"https:\/\/antcube.shop\/produkt\/antcube-rote-folie-40x20-selbstklebend\/"},"modified":"2025-10-19T04:49:11","modified_gmt":"2025-10-19T02:49:11","slug":"antcube-rote-folie-40x20-selbstklebend","status":"publish","type":"product","link":"https:\/\/antcube.shop\/es\/producto\/antcube-rote-folie-40x20-selbstklebend\/","title":{"rendered":"ANTCUBE - L\u00e1mina roja 40\u00d720 - autoadhesivo"},"content":{"rendered":"<p><strong>Dimensiones:<\/strong> 39x19cm<\/p>\n<p><strong>Material:<\/strong> PVC<\/p>\n<p><strong>Descripci\u00f3n:<\/strong> La l\u00e1mina roja transparente autoadhesiva sirve para que las hormigas se sientan bajo tierra. Por lo tanto, recomendamos utilizar este producto al menos parcialmente en la zona del nido. No obstante, podr\u00e1 observar bien a las hormigas en el nido. Precisamente cortado para ANTCUBE \"Hormiguero 40x20cm S\/M\/L - de pie\".<\/p>","protected":false},"excerpt":{"rendered":"<p>Dimensiones: 39x19cm Material: PVC Descripci\u00f3n: La pel\u00edcula roja transparente se utiliza para dar a las hormigas una sensaci\u00f3n subterr\u00e1nea. Por lo tanto, recomendamos utilizar este producto al menos parcialmente en la zona del nido. No obstante, puede observar bien a las hormigas en el nido. Cortada con precisi\u00f3n para el ANTCUBE \"Hormiguero 40x20cm S\/M\/L - de pie\". Esta l\u00e1mina filtrante<\/p>","protected":false},"featured_media":5108,"comment_status":"open","ping_status":"closed","template":"","meta":{"_acf_changed":false,"content-type":"","_monsterinsights_skip_tracking":false,"_monsterinsights_sitenote_active":false,"_monsterinsights_sitenote_note":"","_monsterinsights_sitenote_category":0},"product_brand":[],"product_cat":[239],"product_tag":[],"class_list":{"0":"post-4681","1":"product","2":"type-product","3":"status-publish","4":"has-post-thumbnail","6":"product_cat-useful-additions","8":"first","9":"outofstock","10":"taxable","11":"shipping-taxable","12":"purchasable","13":"product-type-simple"},"acf":[],"aioseo_notices":[],"jetpack_sharing_enabled":true,"_links":{"self":[{"href":"https:\/\/antcube.shop\/es\/wp-json\/wp\/v2\/product\/4681","targetHints":{"allow":["GET"]}}],"collection":[{"href":"https:\/\/antcube.shop\/es\/wp-json\/wp\/v2\/product"}],"about":[{"href":"https:\/\/antcube.shop\/es\/wp-json\/wp\/v2\/types\/product"}],"replies":[{"embeddable":true,"href":"https:\/\/antcube.shop\/es\/wp-json\/wp\/v2\/comments?post=4681"}],"wp:featuredmedia":[{"embeddable":true,"href":"https:\/\/antcube.shop\/es\/wp-json\/wp\/v2\/media\/5108"}],"wp:attachment":[{"href":"https:\/\/antcube.shop\/es\/wp-json\/wp\/v2\/media?parent=4681"}],"wp:term":[{"taxonomy":"product_brand","embeddable":true,"href":"https:\/\/antcube.shop\/es\/wp-json\/wp\/v2\/product_brand?post=4681"},{"taxonomy":"product_cat","embeddable":true,"href":"https:\/\/antcube.shop\/es\/wp-json\/wp\/v2\/product_cat?post=4681"},{"taxonomy":"product_tag","embeddable":true,"href":"https:\/\/antcube.shop\/es\/wp-json\/wp\/v2\/product_tag?post=4681"}],"curies":[{"name":"wp","href":"https:\/\/api.w.org\/{rel}","templated":true}]}}