{"id":4678,"date":"2022-11-14T14:41:24","date_gmt":"2022-11-14T13:41:24","guid":{"rendered":"https:\/\/antcube.shop\/produkt\/klebefilm-glasklar\/"},"modified":"2026-04-13T09:29:49","modified_gmt":"2026-04-13T07:29:49","slug":"klebefilm-glasklar","status":"publish","type":"product","link":"https:\/\/antcube.shop\/es\/producto\/klebefilm-glasklar\/","title":{"rendered":"Pel\u00edcula adhesiva cristalina"},"content":{"rendered":"<p><strong>Dimensiones (LxAxA):<\/strong> 10m x19 mm<\/p>\n<p><strong>Material:<\/strong> polipropileno<\/p>\n<p><strong>Color:<\/strong> cristalino \/ transparente<\/p>\n<p><strong>Contenido:<\/strong><br \/>\n1x rollo de pel\u00edcula adhesiva<\/p>\n<p><strong>Descripci\u00f3n:<\/strong><br \/>\nIdeal para fijar al formicario una l\u00e1mina protectora roja o una pared trasera fotogr\u00e1fica.<br \/>\nTiene una gran resistencia al envejecimiento, es muy resistente al desgarro y posee una gran fuerza adhesiva.<br \/>\nTambi\u00e9n es adecuado para pegar cristales.<\/p>\n<p><strong>Aplicaci\u00f3n:<\/strong><br \/>\nLa cinta adhesiva puede cortarse con tijeras o un cutter.<br \/>\nFije la l\u00e1mina de cubierta o la foto de nuevo al cristal del formicario y, a continuaci\u00f3n, f\u00edjela con la cinta adhesiva.<\/p>","protected":false},"excerpt":{"rendered":"<p>Dimensiones (LxAxA): 10m x19 mm Material: polipropileno Color: cristalino \/ transparente Contenido: 1x rollo de pel\u00edcula adhesiva Descripci\u00f3n: Ideal para pegar una l\u00e1mina protectora roja o una pared trasera fotogr\u00e1fica al formicario. Tiene una alta resistencia al envejecimiento, es muy resistente al desgarro y tiene una gran fuerza adhesiva. Tambi\u00e9n es adecuado para pegar cristales. Aplicaci\u00f3n:","protected":false},"featured_media":5007,"comment_status":"open","ping_status":"closed","template":"","meta":{"_acf_changed":false,"content-type":"","_monsterinsights_skip_tracking":false,"_monsterinsights_sitenote_active":false,"_monsterinsights_sitenote_note":"","_monsterinsights_sitenote_category":0},"product_brand":[],"product_cat":[237],"product_tag":[],"class_list":{"0":"post-4678","1":"product","2":"type-product","3":"status-publish","4":"has-post-thumbnail","6":"product_cat-tools","8":"first","9":"instock","10":"taxable","11":"shipping-taxable","12":"purchasable","13":"product-type-simple"},"acf":[],"aioseo_notices":[],"jetpack_sharing_enabled":true,"_links":{"self":[{"href":"https:\/\/antcube.shop\/es\/wp-json\/wp\/v2\/product\/4678","targetHints":{"allow":["GET"]}}],"collection":[{"href":"https:\/\/antcube.shop\/es\/wp-json\/wp\/v2\/product"}],"about":[{"href":"https:\/\/antcube.shop\/es\/wp-json\/wp\/v2\/types\/product"}],"replies":[{"embeddable":true,"href":"https:\/\/antcube.shop\/es\/wp-json\/wp\/v2\/comments?post=4678"}],"wp:featuredmedia":[{"embeddable":true,"href":"https:\/\/antcube.shop\/es\/wp-json\/wp\/v2\/media\/5007"}],"wp:attachment":[{"href":"https:\/\/antcube.shop\/es\/wp-json\/wp\/v2\/media?parent=4678"}],"wp:term":[{"taxonomy":"product_brand","embeddable":true,"href":"https:\/\/antcube.shop\/es\/wp-json\/wp\/v2\/product_brand?post=4678"},{"taxonomy":"product_cat","embeddable":true,"href":"https:\/\/antcube.shop\/es\/wp-json\/wp\/v2\/product_cat?post=4678"},{"taxonomy":"product_tag","embeddable":true,"href":"https:\/\/antcube.shop\/es\/wp-json\/wp\/v2\/product_tag?post=4678"}],"curies":[{"name":"wp","href":"https:\/\/api.w.org\/{rel}","templated":true}]}}