{"id":4660,"date":"2022-11-14T14:36:25","date_gmt":"2022-11-14T13:36:25","guid":{"rendered":"https:\/\/antcube.shop\/produkt\/wassergel-500ml-gebrauchsfertig\/"},"modified":"2026-04-02T16:33:45","modified_gmt":"2026-04-02T14:33:45","slug":"wassergel-500ml-gebrauchsfertig","status":"publish","type":"product","link":"https:\/\/antcube.shop\/es\/producto\/wassergel-500ml-gebrauchsfertig\/","title":{"rendered":"Gel de agua 500 ml - listo para usar"},"content":{"rendered":"<p><strong>Contenido:<\/strong> 500 ml<\/p>\n<p><strong>Descripci\u00f3n:<\/strong> El gel de agua es agua en forma de gel y, por tanto, muy f\u00e1cil y flexible de usar. No necesita un cuenco de agua, que los animales pueden ensuciar y en el que se pueden ahogar, pero puede proporcionarles suficiente humedad con este gel. El gel de agua tambi\u00e9n puede utilizarse para alimentar a los animales, lo que los mantendr\u00e1 vivos m\u00e1s tiempo.<\/p>","protected":false},"excerpt":{"rendered":"<p>Contenido: 500 ml Descripci\u00f3n: El gel de agua es agua en forma de gel y, por lo tanto, muy f\u00e1cil y flexible de usar. No necesita un cuenco de agua, que los animales pueden ensuciar y ahogarse en \u00e9l, pero a\u00fan as\u00ed puede proporcionarles suficiente humedad con este gel. El gel de agua tambi\u00e9n puede utilizarse para alimentar a los animales,","protected":false},"featured_media":5038,"comment_status":"open","ping_status":"closed","template":"","meta":{"_acf_changed":false,"content-type":"","_monsterinsights_skip_tracking":false,"_monsterinsights_sitenote_active":false,"_monsterinsights_sitenote_note":"","_monsterinsights_sitenote_category":0},"product_brand":[],"product_cat":[115,116],"product_tag":[],"class_list":{"0":"post-4660","1":"product","2":"type-product","3":"status-publish","4":"has-post-thumbnail","6":"product_cat-food-and-feeding","7":"product_cat-food","9":"first","10":"instock","11":"taxable","12":"shipping-taxable","13":"purchasable","14":"product-type-simple"},"acf":[],"aioseo_notices":[],"jetpack_sharing_enabled":true,"_links":{"self":[{"href":"https:\/\/antcube.shop\/es\/wp-json\/wp\/v2\/product\/4660","targetHints":{"allow":["GET"]}}],"collection":[{"href":"https:\/\/antcube.shop\/es\/wp-json\/wp\/v2\/product"}],"about":[{"href":"https:\/\/antcube.shop\/es\/wp-json\/wp\/v2\/types\/product"}],"replies":[{"embeddable":true,"href":"https:\/\/antcube.shop\/es\/wp-json\/wp\/v2\/comments?post=4660"}],"wp:featuredmedia":[{"embeddable":true,"href":"https:\/\/antcube.shop\/es\/wp-json\/wp\/v2\/media\/5038"}],"wp:attachment":[{"href":"https:\/\/antcube.shop\/es\/wp-json\/wp\/v2\/media?parent=4660"}],"wp:term":[{"taxonomy":"product_brand","embeddable":true,"href":"https:\/\/antcube.shop\/es\/wp-json\/wp\/v2\/product_brand?post=4660"},{"taxonomy":"product_cat","embeddable":true,"href":"https:\/\/antcube.shop\/es\/wp-json\/wp\/v2\/product_cat?post=4660"},{"taxonomy":"product_tag","embeddable":true,"href":"https:\/\/antcube.shop\/es\/wp-json\/wp\/v2\/product_tag?post=4660"}],"curies":[{"name":"wp","href":"https:\/\/api.w.org\/{rel}","templated":true}]}}