{"id":4659,"date":"2022-11-14T14:36:09","date_gmt":"2022-11-14T13:36:09","guid":{"rendered":"https:\/\/antcube.shop\/produkt\/wiesenhonig-wi-nachfullpack-10ml\/"},"modified":"2026-03-31T18:19:09","modified_gmt":"2026-03-31T16:19:09","slug":"wiesenhonig-wi-nachfullpack-10ml","status":"publish","type":"product","link":"https:\/\/antcube.shop\/es\/producto\/wiesenhonig-wi-nachfullpack-10ml\/","title":{"rendered":"Miel de los prados (Wi) - recarga 10ml"},"content":{"rendered":"<p><strong>Contenido:<\/strong> 10 ml<\/p>\n<p><strong>Descripci\u00f3n:<\/strong> Se trata de un producto puramente natural. La miel procede de flores de prados y campos centroeuropeos, por lo que es ideal para las especies de hormigas que viven all\u00ed.<\/p>\n<p><strong>Aplicaci\u00f3n:<\/strong> La sonda de alimentaci\u00f3n puede colocarse entera en el formicario, o bien a\u00f1adir cantidades m\u00e1s peque\u00f1as a un comedero seg\u00fan sea necesario\/de acuerdo con el tama\u00f1o de la colonia. La cantidad de alimento debe utilizarse en unos 3 d\u00edas, de lo contrario existe riesgo de moho, y por la misma raz\u00f3n, limpie el cuenco de alimento antes de rellenarlo.<\/p>\n<p><strong>Uso:<\/strong><br \/>\nMiel del desierto = para las especies de hormigas mel\u00edferas (Meliphagidae).<br \/>\nSe trata de un alimento complementario (alimento \u00fanico)<br \/>\nPuede ofrecerse a los animales en el estado de entrega. Dado que la humedad reduce la concentraci\u00f3n de az\u00facar y se inicia un proceso de fermentaci\u00f3n, el alimento debe sustituirse cada 3 d\u00edas. Limpie a fondo el comedero\/tubo antes de reutilizarlo.<br \/>\nUn envase abierto debe utilizarse bien cerrado hasta la fecha indicada (fecha de consumo preferente).<\/p>\n<p><strong>Contiene:<\/strong> Ingredientes de la miel en general, las proporciones var\u00edan seg\u00fan el tipo de miel.<br \/>\n- aprox. 38 % az\u00facar de frutas (fructosa)<br \/>\n- aprox. 32 % de dextrosa (glucosa)<br \/>\n- aprox. 20 % agua<br \/>\n- aprox. 5 % az\u00facares m\u00faltiples<br \/>\n- aprox. 5 vitaminas % (B1, B2, B6, C, H)<br \/>\nMinerales (potasio, calcio, cobre, hierro, sodio, magnesio, f\u00f3sforo, zinc y otros oligoelementos) Amino\u00e1cidos (prolina, leucina, fenilalanina, alanina, histidina, isoleucina, \u00e1cido glut\u00e1mico, arginina, \u00e1cido asp\u00e1rtico, etc.) \u00c1cidos org\u00e1nicos Enzimas (fermentos)Aromas Inhibinas (sustancias antibacterianas) Polen de flores<\/p>\n<p><strong>Almacenamiento:<\/strong> Para garantizar la calidad del pienso, debe almacenarse en un lugar oscuro y seco.<\/p>\n<p><strong>Aviso:<\/strong><br \/>\nPuede encontrar informaci\u00f3n sobre c\u00f3mo utilizar los tubos de alimentaci\u00f3n aqu\u00ed: Enlace<br \/>\nAlimento complementario para hormigas mel\u00edferas.<br \/>\nConsulte el prospecto para conocer la composici\u00f3n, los ingredientes anal\u00edticos, la fecha de consumo preferente y el n\u00famero de lote.<\/p>\n<p>L\u00ednea directa de informaci\u00f3n +49 30 439703870<\/p>\n<p>Autoridad responsable de la supervisi\u00f3n veterinaria y alimentaria:<br \/>\nOficina veterinaria de Steglitz<br \/>\nK\u00f6nigin-Luise-Str. 92<br \/>\n14195 Berl\u00edn<\/p>","protected":false},"excerpt":{"rendered":"<p>Alimentaci\u00f3n complementaria<\/p>","protected":false},"featured_media":5041,"comment_status":"open","ping_status":"closed","template":"","meta":{"_acf_changed":false,"content-type":"","_monsterinsights_skip_tracking":false,"_monsterinsights_sitenote_active":false,"_monsterinsights_sitenote_note":"","_monsterinsights_sitenote_category":0},"product_brand":[],"product_cat":[115,116],"product_tag":[],"class_list":{"0":"post-4659","1":"product","2":"type-product","3":"status-publish","4":"has-post-thumbnail","6":"product_cat-food-and-feeding","7":"product_cat-food","9":"first","10":"instock","11":"taxable","12":"shipping-taxable","13":"purchasable","14":"product-type-simple"},"acf":[],"aioseo_notices":[],"jetpack_sharing_enabled":true,"_links":{"self":[{"href":"https:\/\/antcube.shop\/es\/wp-json\/wp\/v2\/product\/4659","targetHints":{"allow":["GET"]}}],"collection":[{"href":"https:\/\/antcube.shop\/es\/wp-json\/wp\/v2\/product"}],"about":[{"href":"https:\/\/antcube.shop\/es\/wp-json\/wp\/v2\/types\/product"}],"replies":[{"embeddable":true,"href":"https:\/\/antcube.shop\/es\/wp-json\/wp\/v2\/comments?post=4659"}],"wp:featuredmedia":[{"embeddable":true,"href":"https:\/\/antcube.shop\/es\/wp-json\/wp\/v2\/media\/5041"}],"wp:attachment":[{"href":"https:\/\/antcube.shop\/es\/wp-json\/wp\/v2\/media?parent=4659"}],"wp:term":[{"taxonomy":"product_brand","embeddable":true,"href":"https:\/\/antcube.shop\/es\/wp-json\/wp\/v2\/product_brand?post=4659"},{"taxonomy":"product_cat","embeddable":true,"href":"https:\/\/antcube.shop\/es\/wp-json\/wp\/v2\/product_cat?post=4659"},{"taxonomy":"product_tag","embeddable":true,"href":"https:\/\/antcube.shop\/es\/wp-json\/wp\/v2\/product_tag?post=4659"}],"curies":[{"name":"wp","href":"https:\/\/api.w.org\/{rel}","templated":true}]}}