{"id":4655,"date":"2022-11-14T14:35:04","date_gmt":"2022-11-14T13:35:04","guid":{"rendered":"https:\/\/antcube.shop\/produkt\/zucker-honiglosung-zh-nachfullpack-10ml\/"},"modified":"2026-04-16T11:07:10","modified_gmt":"2026-04-16T09:07:10","slug":"zucker-honiglosung-zh-nachfullpack-10ml","status":"publish","type":"product","link":"https:\/\/antcube.shop\/es\/producto\/zucker-honiglosung-zh-nachfullpack-10ml\/","title":{"rendered":"Soluci\u00f3n de az\u00facar y miel (ZH) - envase de 10 ml"},"content":{"rendered":"<p><strong>Contenido:<\/strong> 10 ml<\/p>\n<p><strong>Descripci\u00f3n:<\/strong> Se trata de un producto compuesto por diversos hidratos de carbono (como la miel y el az\u00facar).<\/p>\n<p><strong>Aplicaci\u00f3n:<\/strong> El tubo de comida puede colocarse entero en el formicario, o bien a\u00f1adir cantidades m\u00e1s peque\u00f1as a un cuenco de comida seg\u00fan sea necesario\/de acuerdo con el tama\u00f1o de la colonia. La cantidad de comida debe consumirse en unos 3 d\u00edas, de lo contrario existe riesgo de moho, y por la misma raz\u00f3n, limpie el cuenco de comida antes de rellenarlo.<\/p>\n<p><strong>Uso:<\/strong><br \/>\nAlimento con carbohidratos = para especies de hormigas que comen az\u00facar\/miel.<br \/>\nEs un pienso complementario (pienso mixto)<br \/>\nSe puede mezclar con una gota de agua y se conserva durante 3 d\u00edas cuando est\u00e1 h\u00famedo. Limpie a fondo el comedero\/tubo antes de reutilizarlo.<br \/>\nUn envase abierto debe utilizarse bien cerrado (si se almacena en seco) hasta la fecha indicada (fecha de caducidad).<\/p>\n<p><strong>Contiene:<\/strong><br \/>\nFructosa 27 a 44%,<br \/>\nGlucosa 22 a 41%,<br \/>\nSacarosa hasta 5%,<br \/>\nmaltosa 4 a 14%,<br \/>\notros az\u00facares m\u00faltiples 1 a 14%.<br \/>\n<strong>Grasa:<\/strong> 0g<br \/>\n<strong>Hidratos de carbono:<\/strong> 92g<br \/>\n<strong>Prote\u00ednas:<\/strong> 0g<br \/>\n<strong>Sal:<\/strong> 0g<\/p>\n<p>Almacenamiento: para garantizar la calidad del pienso, debe almacenarse en un lugar oscuro y seco.<\/p>\n<p><strong>Aviso:<\/strong><br \/>\nPuede encontrar informaci\u00f3n sobre c\u00f3mo utilizar los tubos de alimentaci\u00f3n aqu\u00ed: Enlace<br \/>\nConsulte el prospecto para conocer la composici\u00f3n, los ingredientes anal\u00edticos, la fecha de consumo preferente y el n\u00famero de lote.<\/p>\n<p>L\u00ednea directa de informaci\u00f3n +49 30 439703870<\/p>\n<p>Autoridad responsable de la supervisi\u00f3n veterinaria y alimentaria:<br \/>\nOficina veterinaria de Steglitz<br \/>\nK\u00f6nigin-Luise-Str. 92<br \/>\n14195 Berl\u00edn<\/p>","protected":false},"excerpt":{"rendered":"<p>Alimentaci\u00f3n complementaria<\/p>","protected":false},"featured_media":5058,"comment_status":"open","ping_status":"closed","template":"","meta":{"_acf_changed":false,"content-type":"","_monsterinsights_skip_tracking":false,"_monsterinsights_sitenote_active":false,"_monsterinsights_sitenote_note":"","_monsterinsights_sitenote_category":0},"product_brand":[],"product_cat":[115,116],"product_tag":[],"class_list":{"0":"post-4655","1":"product","2":"type-product","3":"status-publish","4":"has-post-thumbnail","6":"product_cat-food-and-feeding","7":"product_cat-food","9":"first","10":"outofstock","11":"taxable","12":"shipping-taxable","13":"purchasable","14":"product-type-simple"},"acf":[],"aioseo_notices":[],"jetpack_sharing_enabled":true,"_links":{"self":[{"href":"https:\/\/antcube.shop\/es\/wp-json\/wp\/v2\/product\/4655","targetHints":{"allow":["GET"]}}],"collection":[{"href":"https:\/\/antcube.shop\/es\/wp-json\/wp\/v2\/product"}],"about":[{"href":"https:\/\/antcube.shop\/es\/wp-json\/wp\/v2\/types\/product"}],"replies":[{"embeddable":true,"href":"https:\/\/antcube.shop\/es\/wp-json\/wp\/v2\/comments?post=4655"}],"wp:featuredmedia":[{"embeddable":true,"href":"https:\/\/antcube.shop\/es\/wp-json\/wp\/v2\/media\/5058"}],"wp:attachment":[{"href":"https:\/\/antcube.shop\/es\/wp-json\/wp\/v2\/media?parent=4655"}],"wp:term":[{"taxonomy":"product_brand","embeddable":true,"href":"https:\/\/antcube.shop\/es\/wp-json\/wp\/v2\/product_brand?post=4655"},{"taxonomy":"product_cat","embeddable":true,"href":"https:\/\/antcube.shop\/es\/wp-json\/wp\/v2\/product_cat?post=4655"},{"taxonomy":"product_tag","embeddable":true,"href":"https:\/\/antcube.shop\/es\/wp-json\/wp\/v2\/product_tag?post=4655"}],"curies":[{"name":"wp","href":"https:\/\/api.w.org\/{rel}","templated":true}]}}