{"id":4649,"date":"2022-11-14T14:33:30","date_gmt":"2022-11-14T13:33:30","guid":{"rendered":"https:\/\/antcube.shop\/produkt\/blutenpollen-b-nachfullpack-20ml\/"},"modified":"2026-04-13T09:33:39","modified_gmt":"2026-04-13T07:33:39","slug":"blutenpollen-b-nachfullpack-20ml","status":"publish","type":"product","link":"https:\/\/antcube.shop\/es\/producto\/blutenpollen-b-nachfullpack-20ml\/","title":{"rendered":"Polen de flores (B) - envase de 20 ml"},"content":{"rendered":"<p><strong>Contenido:<\/strong> 20 ml (equivalente a unos 14 g).<\/p>\n<p><strong>Descripci\u00f3n:<\/strong> El polen de las flores contiene una variedad de amino\u00e1cidos, as\u00ed como muchas vitaminas y minerales, lo que constituye una rica fuente de alimento para la mayor\u00eda de las hormigas.<\/p>\n<p><strong>Aviso:<\/strong><br \/>\nPuede encontrar informaci\u00f3n sobre c\u00f3mo utilizar las sondas de alimentaci\u00f3n aqu\u00ed: Enlace<br \/>\nAlimento complementario para las hormigas que se alimentan de polen de flores.<br \/>\nConsulte el prospecto para conocer la composici\u00f3n, los ingredientes anal\u00edticos, la fecha de consumo preferente y el n\u00famero de lote.<\/p>\n<p>L\u00ednea directa de informaci\u00f3n +49 30 439703870<\/p>\n<p>Autoridad responsable de la supervisi\u00f3n veterinaria y alimentaria:<br \/>\nOficina veterinaria de Steglitz<br \/>\nK\u00f6nigin-Luise-Str. 92<br \/>\n14195 Berl\u00edn<\/p>","protected":false},"excerpt":{"rendered":"<p>Alimentaci\u00f3n complementaria<\/p>","protected":false},"featured_media":5721,"comment_status":"open","ping_status":"closed","template":"","meta":{"_acf_changed":false,"content-type":"","_monsterinsights_skip_tracking":false,"_monsterinsights_sitenote_active":false,"_monsterinsights_sitenote_note":"","_monsterinsights_sitenote_category":0},"product_brand":[],"product_cat":[115,116],"product_tag":[],"class_list":{"0":"post-4649","1":"product","2":"type-product","3":"status-publish","4":"has-post-thumbnail","6":"product_cat-food-and-feeding","7":"product_cat-food","9":"first","10":"instock","11":"taxable","12":"shipping-taxable","13":"purchasable","14":"product-type-simple"},"acf":[],"aioseo_notices":[],"jetpack_sharing_enabled":true,"_links":{"self":[{"href":"https:\/\/antcube.shop\/es\/wp-json\/wp\/v2\/product\/4649","targetHints":{"allow":["GET"]}}],"collection":[{"href":"https:\/\/antcube.shop\/es\/wp-json\/wp\/v2\/product"}],"about":[{"href":"https:\/\/antcube.shop\/es\/wp-json\/wp\/v2\/types\/product"}],"replies":[{"embeddable":true,"href":"https:\/\/antcube.shop\/es\/wp-json\/wp\/v2\/comments?post=4649"}],"wp:featuredmedia":[{"embeddable":true,"href":"https:\/\/antcube.shop\/es\/wp-json\/wp\/v2\/media\/5721"}],"wp:attachment":[{"href":"https:\/\/antcube.shop\/es\/wp-json\/wp\/v2\/media?parent=4649"}],"wp:term":[{"taxonomy":"product_brand","embeddable":true,"href":"https:\/\/antcube.shop\/es\/wp-json\/wp\/v2\/product_brand?post=4649"},{"taxonomy":"product_cat","embeddable":true,"href":"https:\/\/antcube.shop\/es\/wp-json\/wp\/v2\/product_cat?post=4649"},{"taxonomy":"product_tag","embeddable":true,"href":"https:\/\/antcube.shop\/es\/wp-json\/wp\/v2\/product_tag?post=4649"}],"curies":[{"name":"wp","href":"https:\/\/api.w.org\/{rel}","templated":true}]}}