{"id":4648,"date":"2022-11-14T14:33:14","date_gmt":"2022-11-14T13:33:14","guid":{"rendered":"https:\/\/antcube.shop\/produkt\/himbeerblatter-100g-getrocknet\/"},"modified":"2026-04-21T18:47:04","modified_gmt":"2026-04-21T16:47:04","slug":"himbeerblatter-100g-getrocknet","status":"publish","type":"product","link":"https:\/\/antcube.shop\/es\/producto\/himbeerblatter-100g-getrocknet\/","title":{"rendered":"Hojas de frambuesa 100 g - secas"},"content":{"rendered":"<p><strong>Contenido:<\/strong><br \/>\n100 g de hojas de frambuesa secas<\/p>\n<p><strong>Descripci\u00f3n:<\/strong><br \/>\nHojas de frambuesa como caldo de cultivo para especies de hormigas que desarrollan hongos. Se trata de un producto puramente natural.<\/p>\n<p><strong>Uso:<\/strong><br \/>\nHojas de frambuesa = para las especies de hormigas que cr\u00edan hongos.<br \/>\nLas hojas secas s\u00f3lo sirven de caldo de cultivo para los hongos de las hormigas cortadoras de hojas (es aconsejable ofrecer al mismo tiempo l\u00edquidos azucarados para reponer los jugos vegetales que faltan). Basta con colocar las hojas a alimentar en una c\u00e1mara de comida seca. Sin embargo, los animales prefieren las hojas frescas. Por tanto, las hojas secas son las m\u00e1s adecuadas para los periodos de transici\u00f3n en los que no se puede ofrecer nada.<\/p>\n<p><strong>Almacenamiento:<\/strong><br \/>\nEn ambiente seco<\/p>\n<p><strong>Contiene:<\/strong><br \/>\n100% hojas secas de frambuesa<\/p>","protected":false},"excerpt":{"rendered":"<p>Alimentaci\u00f3n complementaria<\/p>","protected":false},"featured_media":5115,"comment_status":"open","ping_status":"closed","template":"","meta":{"_acf_changed":false,"content-type":"","_monsterinsights_skip_tracking":false,"_monsterinsights_sitenote_active":false,"_monsterinsights_sitenote_note":"","_monsterinsights_sitenote_category":0},"product_brand":[],"product_cat":[115,116],"product_tag":[],"class_list":{"0":"post-4648","1":"product","2":"type-product","3":"status-publish","4":"has-post-thumbnail","6":"product_cat-food-and-feeding","7":"product_cat-food","9":"first","10":"instock","11":"taxable","12":"shipping-taxable","13":"purchasable","14":"product-type-simple"},"acf":[],"aioseo_notices":[],"jetpack_sharing_enabled":true,"_links":{"self":[{"href":"https:\/\/antcube.shop\/es\/wp-json\/wp\/v2\/product\/4648","targetHints":{"allow":["GET"]}}],"collection":[{"href":"https:\/\/antcube.shop\/es\/wp-json\/wp\/v2\/product"}],"about":[{"href":"https:\/\/antcube.shop\/es\/wp-json\/wp\/v2\/types\/product"}],"replies":[{"embeddable":true,"href":"https:\/\/antcube.shop\/es\/wp-json\/wp\/v2\/comments?post=4648"}],"wp:featuredmedia":[{"embeddable":true,"href":"https:\/\/antcube.shop\/es\/wp-json\/wp\/v2\/media\/5115"}],"wp:attachment":[{"href":"https:\/\/antcube.shop\/es\/wp-json\/wp\/v2\/media?parent=4648"}],"wp:term":[{"taxonomy":"product_brand","embeddable":true,"href":"https:\/\/antcube.shop\/es\/wp-json\/wp\/v2\/product_brand?post=4648"},{"taxonomy":"product_cat","embeddable":true,"href":"https:\/\/antcube.shop\/es\/wp-json\/wp\/v2\/product_cat?post=4648"},{"taxonomy":"product_tag","embeddable":true,"href":"https:\/\/antcube.shop\/es\/wp-json\/wp\/v2\/product_tag?post=4648"}],"curies":[{"name":"wp","href":"https:\/\/api.w.org\/{rel}","templated":true}]}}