{"id":4642,"date":"2022-11-14T14:31:41","date_gmt":"2022-11-14T13:31:41","guid":{"rendered":"https:\/\/antcube.shop\/produkt\/jelly-food-brauner-zucker-16g\/"},"modified":"2026-04-06T13:19:12","modified_gmt":"2026-04-06T11:19:12","slug":"jelly-food-brauner-zucker-16g","status":"publish","type":"product","link":"https:\/\/antcube.shop\/es\/producto\/jelly-food-brauner-zucker-16g\/","title":{"rendered":"Jelly Food az\u00facar moreno 16g"},"content":{"rendered":"<p><strong>Cantidad:<\/strong> 16g<\/p>\n<p><strong>Descripci\u00f3n:<\/strong><br \/>\nLas vitaminas y las prote\u00ednas son componentes b\u00e1sicos de cualquier organismo. Algunas puede producirlas el propio organismo, otras deben ingerirse a trav\u00e9s de los alimentos.<br \/>\nLos amantes de los insectos de todo el mundo aprecian esta f\u00f3rmula por favorecer la cr\u00eda y prolongar la vida mediante una nutrici\u00f3n equilibrada de sus \"queridos\".<\/p>\n<p><strong>Ingredientes:<\/strong><br \/>\nComposici\u00f3n: agua, jarabe de fructosa, az\u00facar<br \/>\nConstituyentes anal\u00edticos: Humedad 65%<\/p>\n<p><strong>Uso:<\/strong><br \/>\nPara especies de hormigas frug\u00edvoras.<br \/>\nPienso compuesto como alimento complementario<br \/>\nDebe ofrecerse 2-3 veces por semana a las especies de hormigas frug\u00edvoras.<br \/>\nPuede ofrecerse a los animales en el estado de entrega. A temperatura ambiente, la gelatina puede enmohecerse r\u00e1pidamente. Por lo tanto, el alimento debe sustituirse al menos cada 3 d\u00edas. Limpie bien el comedero antes de reutilizarlo.<\/p>\n<p><strong>Caducidad:<\/strong><br \/>\nUna vez cerrada, la jalea tiene una vida \u00fatil de al menos 1 a\u00f1o (v\u00e9ase la fecha de caducidad en el envase); una vez abierta, debe guardarse en el frigor\u00edfico y utilizarse en un plazo de 5-7 d\u00edas. Tambi\u00e9n puede congelarla en el congelador y descongelar peque\u00f1as cantidades cuando sea necesario.<\/p>\n<p><strong>Aviso:<\/strong><br \/>\nConsulte en el prospecto la composici\u00f3n, los componentes anal\u00edticos, el n\u00famero de identificaci\u00f3n del lote y la fecha de caducidad.<\/p>\n<p>L\u00ednea directa de informaci\u00f3n (fax): +49 2065-67290<\/p>\n<p>Responsable de la inspecci\u00f3n veterinaria y alimentaria:<br \/>\nVeterinario oficial \/ experto veterinario.<br \/>\nEn el Schnabelhuck 6<br \/>\n47049 Duisburg<\/p>","protected":false},"excerpt":{"rendered":"<p>Alimentaci\u00f3n complementaria<\/p>","protected":false},"featured_media":5094,"comment_status":"open","ping_status":"closed","template":"","meta":{"_acf_changed":false,"content-type":"","_monsterinsights_skip_tracking":false,"_monsterinsights_sitenote_active":false,"_monsterinsights_sitenote_note":"","_monsterinsights_sitenote_category":0},"product_brand":[],"product_cat":[115,116],"product_tag":[],"class_list":{"0":"post-4642","1":"product","2":"type-product","3":"status-publish","4":"has-post-thumbnail","6":"product_cat-food-and-feeding","7":"product_cat-food","9":"first","10":"instock","11":"taxable","12":"shipping-taxable","13":"purchasable","14":"product-type-simple"},"acf":[],"aioseo_notices":[],"jetpack_sharing_enabled":true,"_links":{"self":[{"href":"https:\/\/antcube.shop\/es\/wp-json\/wp\/v2\/product\/4642","targetHints":{"allow":["GET"]}}],"collection":[{"href":"https:\/\/antcube.shop\/es\/wp-json\/wp\/v2\/product"}],"about":[{"href":"https:\/\/antcube.shop\/es\/wp-json\/wp\/v2\/types\/product"}],"replies":[{"embeddable":true,"href":"https:\/\/antcube.shop\/es\/wp-json\/wp\/v2\/comments?post=4642"}],"wp:featuredmedia":[{"embeddable":true,"href":"https:\/\/antcube.shop\/es\/wp-json\/wp\/v2\/media\/5094"}],"wp:attachment":[{"href":"https:\/\/antcube.shop\/es\/wp-json\/wp\/v2\/media?parent=4642"}],"wp:term":[{"taxonomy":"product_brand","embeddable":true,"href":"https:\/\/antcube.shop\/es\/wp-json\/wp\/v2\/product_brand?post=4642"},{"taxonomy":"product_cat","embeddable":true,"href":"https:\/\/antcube.shop\/es\/wp-json\/wp\/v2\/product_cat?post=4642"},{"taxonomy":"product_tag","embeddable":true,"href":"https:\/\/antcube.shop\/es\/wp-json\/wp\/v2\/product_tag?post=4642"}],"curies":[{"name":"wp","href":"https:\/\/api.w.org\/{rel}","templated":true}]}}