{"id":4635,"date":"2022-11-14T14:29:51","date_gmt":"2022-11-14T13:29:51","guid":{"rendered":"https:\/\/antcube.shop\/produkt\/ameisenarena-abdeckung-40x20\/"},"modified":"2026-04-05T19:45:30","modified_gmt":"2026-04-05T17:45:30","slug":"ameisenarena-abdeckung-40x20","status":"publish","type":"product","link":"https:\/\/antcube.shop\/es\/producto\/ameisenarena-abdeckung-40x20\/","title":{"rendered":"Cubierta para hormigueros 40\u00d720"},"content":{"rendered":"<p><strong>Dimensiones (LxAxA):<\/strong> 40x20x0,4 cm<\/p>\n<p><strong>Material:<\/strong> vidrio flotado<\/p>\n<p><strong>Color:<\/strong> cristalino \/ transparente<\/p>\n<p><strong>Contenido:<\/strong><br \/>\n1x cubierta de arena para hormigas<br \/>\n1x puntos de fijaci\u00f3n \u00e0 4 pcs.<\/p>\n<p><strong>Descripci\u00f3n:<\/strong><br \/>\nCubierta de cristal para el hormiguero como protecci\u00f3n de escape.<\/p>\n<p><strong>Aplicaci\u00f3n:<\/strong><br \/>\nLa cubierta para hormigueros hecha de vidrio se coloca sobre un hormiguero y tambi\u00e9n sirve inmediatamente para la regulaci\u00f3n del clima.<br \/>\nEn las aberturas de 50 mm se pueden insertar diversos m\u00f3dulos para la climatizaci\u00f3n, por ejemplo, rejillas de ventilaci\u00f3n, iluminaci\u00f3n o humidificaci\u00f3n.<br \/>\nPara evitar que las hormigas se escapen por las aberturas, se debe aplicar una protecci\u00f3n contra el escape (aceite, polvo o barniz) en la parte inferior alrededor de los agujeros.<\/p>\n<p><strong>Aviso:<\/strong><br \/>\nComo el art\u00edculo es de cristal y, por tanto, susceptible de romperse, debe manipularse con mucho cuidado.<\/p>","protected":false},"excerpt":{"rendered":"<p>Dimensiones (LxAxA): 40x20x0,4 cm Material: vidrio flotado Color: cristalino \/ transparente Contenido: 1x cubierta de hormiguero 1x puntos de fijaci\u00f3n \u00e0 4 uds. Descripci\u00f3n: Cubierta de cristal para el hormiguero como protecci\u00f3n de escape. Aplicaci\u00f3n: La cubierta de cristal para hormigueros se coloca sobre un hormiguero y tambi\u00e9n sirve inmediatamente para","protected":false},"featured_media":5175,"comment_status":"open","ping_status":"closed","template":"","meta":{"_acf_changed":false,"content-type":"","_monsterinsights_skip_tracking":false,"_monsterinsights_sitenote_active":false,"_monsterinsights_sitenote_note":"","_monsterinsights_sitenote_category":0},"product_brand":[],"product_cat":[91,92],"product_tag":[],"class_list":{"0":"post-4635","1":"product","2":"type-product","3":"status-publish","4":"has-post-thumbnail","6":"product_cat-formicarium-modules","7":"product_cat-arena-cover","9":"first","10":"instock","11":"taxable","12":"shipping-taxable","13":"purchasable","14":"product-type-simple"},"acf":[],"aioseo_notices":[],"jetpack_sharing_enabled":true,"_links":{"self":[{"href":"https:\/\/antcube.shop\/es\/wp-json\/wp\/v2\/product\/4635","targetHints":{"allow":["GET"]}}],"collection":[{"href":"https:\/\/antcube.shop\/es\/wp-json\/wp\/v2\/product"}],"about":[{"href":"https:\/\/antcube.shop\/es\/wp-json\/wp\/v2\/types\/product"}],"replies":[{"embeddable":true,"href":"https:\/\/antcube.shop\/es\/wp-json\/wp\/v2\/comments?post=4635"}],"wp:featuredmedia":[{"embeddable":true,"href":"https:\/\/antcube.shop\/es\/wp-json\/wp\/v2\/media\/5175"}],"wp:attachment":[{"href":"https:\/\/antcube.shop\/es\/wp-json\/wp\/v2\/media?parent=4635"}],"wp:term":[{"taxonomy":"product_brand","embeddable":true,"href":"https:\/\/antcube.shop\/es\/wp-json\/wp\/v2\/product_brand?post=4635"},{"taxonomy":"product_cat","embeddable":true,"href":"https:\/\/antcube.shop\/es\/wp-json\/wp\/v2\/product_cat?post=4635"},{"taxonomy":"product_tag","embeddable":true,"href":"https:\/\/antcube.shop\/es\/wp-json\/wp\/v2\/product_tag?post=4635"}],"curies":[{"name":"wp","href":"https:\/\/api.w.org\/{rel}","templated":true}]}}