{"id":4631,"date":"2022-11-14T14:28:50","date_gmt":"2022-11-14T13:28:50","guid":{"rendered":"https:\/\/antcube.shop\/produkt\/antcube-ameisenfarm-l-40x20-stehend\/"},"modified":"2026-04-15T21:41:10","modified_gmt":"2026-04-15T19:41:10","slug":"antcube-ameisenfarm-l-40x20-stehend","status":"publish","type":"product","link":"https:\/\/antcube.shop\/es\/producto\/antcube-ameisenfarm-l-40x20-stehend\/","title":{"rendered":"ANTCUBE - hormiguero - L - 40\u00d720 - de pie"},"content":{"rendered":"<p><strong>Dimensiones (LxAxA):\u00a0<\/strong><br \/>\nexterior: 434x58x199 mm<br \/>\ninterior: 384x20x190 mm<\/p>\n<p><strong>Material:<\/strong><br \/>\nVidrio flotante, pl\u00e1stico<\/p>\n<p><strong>Color:<\/strong><br \/>\nclaro como el agua<\/p>\n<p><strong>Contenido:<\/strong><br \/>\n1x ANTCUBE granja de hormigas - Espacio entre placas de 20mm.<br \/>\n1x cubierta antihormigas L 40\u00d73<br \/>\n2 tapones de 4 mm<\/p>\n<p><strong>conexi\u00f3n:<\/strong><br \/>\n2x 14\/16\/18\/20 x 20mm z\u00f3calo<\/p>\n<p>La manguera de 14\/10 se inserta en la toma de 14 mm con un ajuste apretado<br \/>\nLa manguera 20\/16 se fija en el primer escal\u00f3n de 16 mm<br \/>\nLa manguera 22\/18 se ajusta firmemente en el segundo escal\u00f3n de 20 mm<br \/>\nLa manguera 24\/20 se coloca sin problemas en el segundo escal\u00f3n de 20 mm<\/p>\n<p><strong>Descripci\u00f3n:<\/strong><br \/>\nEste hormiguero totalmente transparente es adecuado para especies de hormigas de tama\u00f1o L.<\/p>\n<p><strong>Notas sobre la producci\u00f3n<\/strong><br \/>\nEl vidrio se corta seg\u00fan la norma DIN 1249 con una tolerancia de +\/- 1mm. Para las especies de hormigas extremadamente peque\u00f1as es imprescindible una protecci\u00f3n adicional contra la rotura.<\/p>\n<p><strong>Nota sobre la granja<\/strong><br \/>\nAl colocar o retirar las mangueras, tenga en cuenta lo siguiente:<br \/>\nSi el tubo es muy dif\u00edcil de encajar en el casquillo del conector, se debe frotar ligeramente el casquillo con una gota de nuestro aceite o polvo de protecci\u00f3n contra roturas. A continuaci\u00f3n, se debe empujar la manguera sobre el casquillo con movimientos de torsi\u00f3n o atornillado, sin forzar el casquillo con movimientos hacia arriba y hacia abajo. Lo mismo se aplica al retirar las mangueras del casquillo de conexi\u00f3n de la granja. Por favor, no tire simplemente de ellas.<\/p>\n<p>&nbsp;<\/p>\n<p>&nbsp;<\/p>","protected":false},"excerpt":{"rendered":"<p><strong>Conexi\u00f3n:<\/strong> Enchufe 2x 14\/16\/18\/20 mm + tapa <strong>Espacio entre placas:<\/strong> Interior 20 mm \/ Exterior 28 mm<br \/>\n<strong>Tama\u00f1o:<\/strong> <strong><span style=\"color: #0000ff;\">L<\/span><\/strong><\/p>","protected":false},"featured_media":5184,"comment_status":"open","ping_status":"closed","template":"","meta":{"_acf_changed":false,"content-type":"","_monsterinsights_skip_tracking":false,"_monsterinsights_sitenote_active":false,"_monsterinsights_sitenote_note":"","_monsterinsights_sitenote_category":0},"product_brand":[],"product_cat":[80,83],"product_tag":[],"class_list":{"0":"post-4631","1":"product","2":"type-product","3":"status-publish","4":"has-post-thumbnail","6":"product_cat-antfarms","7":"product_cat-antfarms-l","9":"first","10":"instock","11":"taxable","12":"shipping-taxable","13":"purchasable","14":"product-type-simple"},"acf":[],"aioseo_notices":[],"jetpack_sharing_enabled":true,"_links":{"self":[{"href":"https:\/\/antcube.shop\/es\/wp-json\/wp\/v2\/product\/4631","targetHints":{"allow":["GET"]}}],"collection":[{"href":"https:\/\/antcube.shop\/es\/wp-json\/wp\/v2\/product"}],"about":[{"href":"https:\/\/antcube.shop\/es\/wp-json\/wp\/v2\/types\/product"}],"replies":[{"embeddable":true,"href":"https:\/\/antcube.shop\/es\/wp-json\/wp\/v2\/comments?post=4631"}],"wp:featuredmedia":[{"embeddable":true,"href":"https:\/\/antcube.shop\/es\/wp-json\/wp\/v2\/media\/5184"}],"wp:attachment":[{"href":"https:\/\/antcube.shop\/es\/wp-json\/wp\/v2\/media?parent=4631"}],"wp:term":[{"taxonomy":"product_brand","embeddable":true,"href":"https:\/\/antcube.shop\/es\/wp-json\/wp\/v2\/product_brand?post=4631"},{"taxonomy":"product_cat","embeddable":true,"href":"https:\/\/antcube.shop\/es\/wp-json\/wp\/v2\/product_cat?post=4631"},{"taxonomy":"product_tag","embeddable":true,"href":"https:\/\/antcube.shop\/es\/wp-json\/wp\/v2\/product_tag?post=4631"}],"curies":[{"name":"wp","href":"https:\/\/api.w.org\/{rel}","templated":true}]}}