{"id":4629,"date":"2022-11-14T14:28:18","date_gmt":"2022-11-14T13:28:18","guid":{"rendered":"https:\/\/antcube.shop\/produkt\/antcube-ameisenfarm-l-30x30-wand\/"},"modified":"2026-03-23T17:45:00","modified_gmt":"2026-03-23T16:45:00","slug":"antcube-ameisenfarm-l-30x30-varita","status":"publish","type":"product","link":"https:\/\/antcube.shop\/es\/producto\/antcube-ameisenfarm-l-30x30-varita\/","title":{"rendered":"ANTCUBE - Hormiguero - L - 30\u00d730 - pared"},"content":{"rendered":"<p><strong>En el exterior:<\/strong> 32,5 x 32,5 cm \/ Interior: 29,2 x 29,2 cm<\/p>\n<p><strong>Material:<\/strong><br \/>\nVidrio flotado, madera, PMMA<\/p>\n<p><strong>Color:<\/strong><br \/>\ncristalino, blanco<\/p>\n<p><strong>Contenido:<\/strong><br \/>\n1x Hormiguero de 20 mm de distancia entre placas con montaje en pared.<br \/>\n1x funda<br \/>\n1x marco de madera pintado de blanco con cierre magn\u00e9tico<br \/>\n2x barras espaciadoras para insertos nido<br \/>\n6x tornillos y tacos (para madera \/ pared de piedra)<\/p>\n<p><strong>conexi\u00f3n:<\/strong><br \/>\n2x 14\/16\/18\/20 x 20mm z\u00f3calo<\/p>\n<p>La manguera de 14\/10 se inserta en la toma de 14 mm con un ajuste apretado<br \/>\nLa manguera 20\/16 se enchufa firmemente en el primer escal\u00f3n de 16 mm.<\/p>\n<p><strong>Descripci\u00f3n:<\/strong><br \/>\nEstas granjas de hormigas est\u00e1n dise\u00f1adas para su montaje en pared y pueden montarse f\u00e1cilmente en paredes de madera y piedra.<br \/>\nEl marco es de aut\u00e9ntica madera natural, con un acabado de pintura blanca en un dise\u00f1o moderno y atemporal.<br \/>\nEste marco puede retirarse para abrir la granja y volver a fijarse a ella mediante un soporte magn\u00e9tico.<\/p>\n<p><strong>Instrucciones de montaje:<\/strong><br \/>\nPara fijar los 6 tacos \"S6\" en la pared necesita un taladro con una broca de 6 mm (madera o piedra seg\u00fan el material).<br \/>\nDeben taladrarse agujeros de 40 mm de profundidad en la pared para avellanar los tacos con los tornillos de 4x30 mm.<\/p>\n<p><strong>Notas sobre la producci\u00f3n<\/strong><br \/>\nEl vidrio se corta seg\u00fan la norma DIN 1249 con una tolerancia de +\/- 1mm. Para las especies de hormigas extremadamente peque\u00f1as es imprescindible una protecci\u00f3n adicional contra la rotura.<\/p>\n<p><strong>Nota sobre la granja<\/strong><br \/>\nAl colocar o retirar las mangueras, tenga en cuenta lo siguiente:<br \/>\nSi el tubo es muy dif\u00edcil de encajar en el casquillo del conector, se debe frotar ligeramente el casquillo con una gota de nuestro aceite o polvo de protecci\u00f3n contra roturas. A continuaci\u00f3n, se debe empujar la manguera sobre el casquillo con movimientos de torsi\u00f3n o atornillado, sin forzar el casquillo con movimientos hacia arriba y hacia abajo. Lo mismo se aplica al retirar las mangueras del casquillo de conexi\u00f3n de la granja. Por favor, no tire simplemente de ellas.<\/p>","protected":false},"excerpt":{"rendered":"<p><strong>Conexi\u00f3n:<\/strong> casquillo 2x 14\/16 x 20mm; <strong>distancia entre placas:<\/strong> interior 20mm<br \/>\n<strong>Tama\u00f1o:<\/strong> <span style=\"color: #0000ff;\"><strong>L<\/strong> <\/span><\/p>","protected":false},"featured_media":5188,"comment_status":"open","ping_status":"closed","template":"","meta":{"_acf_changed":false,"content-type":"","_monsterinsights_skip_tracking":false,"_monsterinsights_sitenote_active":false,"_monsterinsights_sitenote_note":"","_monsterinsights_sitenote_category":0},"product_brand":[],"product_cat":[80,83],"product_tag":[],"class_list":{"0":"post-4629","1":"product","2":"type-product","3":"status-publish","4":"has-post-thumbnail","6":"product_cat-antfarms","7":"product_cat-antfarms-l","9":"first","10":"instock","11":"taxable","12":"shipping-taxable","13":"purchasable","14":"product-type-simple"},"acf":[],"aioseo_notices":[],"jetpack_sharing_enabled":true,"_links":{"self":[{"href":"https:\/\/antcube.shop\/es\/wp-json\/wp\/v2\/product\/4629","targetHints":{"allow":["GET"]}}],"collection":[{"href":"https:\/\/antcube.shop\/es\/wp-json\/wp\/v2\/product"}],"about":[{"href":"https:\/\/antcube.shop\/es\/wp-json\/wp\/v2\/types\/product"}],"replies":[{"embeddable":true,"href":"https:\/\/antcube.shop\/es\/wp-json\/wp\/v2\/comments?post=4629"}],"wp:featuredmedia":[{"embeddable":true,"href":"https:\/\/antcube.shop\/es\/wp-json\/wp\/v2\/media\/5188"}],"wp:attachment":[{"href":"https:\/\/antcube.shop\/es\/wp-json\/wp\/v2\/media?parent=4629"}],"wp:term":[{"taxonomy":"product_brand","embeddable":true,"href":"https:\/\/antcube.shop\/es\/wp-json\/wp\/v2\/product_brand?post=4629"},{"taxonomy":"product_cat","embeddable":true,"href":"https:\/\/antcube.shop\/es\/wp-json\/wp\/v2\/product_cat?post=4629"},{"taxonomy":"product_tag","embeddable":true,"href":"https:\/\/antcube.shop\/es\/wp-json\/wp\/v2\/product_tag?post=4629"}],"curies":[{"name":"wp","href":"https:\/\/api.w.org\/{rel}","templated":true}]}}